{"id":54046,"date":"2026-04-03T00:06:07","date_gmt":"2026-04-02T21:06:07","guid":{"rendered":"http:\/\/new.ceasuri.md\/shop\/uncategorized\/edox-co-1-01128-37gnrca-gnr\/"},"modified":"2026-04-20T01:37:04","modified_gmt":"2026-04-19T22:37:04","slug":"edox-co-1-01128-37gnrca-gnr","status":"publish","type":"product","link":"https:\/\/ceasuri.md\/ru\/shop\/branduri\/edox\/edox-co-1-01128-37gnrca-gnr\/","title":{"rendered":"\u0427\u0430\u0441\u044b EDOX CO-1 01128-37GNRCA-GNR"},"content":{"rendered":"<p>Edox prezint\u0103 cu m\u00e2ndrie cea mai recent\u0103 completare a acestei linii emblematice: cronograful automat CO-1, echipat cu un sistem de blocare a lunetei pentru o securitate sporit\u0103 la scufund\u0103ri.<br \/>\nSistemul de blocare a lunetei, o caracteristic\u0103 distinctiv\u0103 a modelului CO-1, ofer\u0103 o securitate suplimentar\u0103 prin blocarea lunetei de indicare a timpului de scufundare, asigur\u00e2nd o cronometrare precis\u0103 \u00een timpul aventurilor subacvatice. Asociat at\u00e2t cu compozi\u021bia ceramic\u0103 rezistent\u0103 la zg\u00e2rieturi a lunetei de scufundare, c\u00e2t \u0219i cu cristalul de safir, acesta asigur\u0103 o robuste\u021be de neegalat \u0219i \u00ee\u0219i p\u0103streaz\u0103 estetica impecabil\u0103.<br \/>\nMi\u0219carea automat\u0103 elve\u021bian\u0103 proiectat\u0103 cu precizie, ad\u0103postit\u0103 \u00eentr-o carcas\u0103 din o\u021bel inoxidabil de 45 mm, \u00eencorporeaz\u0103 func\u021bii de cronograf, zi, dat\u0103 \u0219i tahimetru. Mecanismul acestor func\u021bii este vizibil prin spatele transparent al carcasei, oferind o experien\u021b\u0103 captivant\u0103.<\/p>","protected":false},"excerpt":{"rendered":"<p>Edox prezint\u0103 cu m\u00e2ndrie cea mai recent\u0103 completare a acestei linii emblematice: cronograful automat CO-1, echipat cu un sistem de blocare a lunetei pentru o securitate sporit\u0103 la scufund\u0103ri. Sistemul de blocare a lunetei, o caracteristic\u0103 distinctiv\u0103 a modelului CO-1, ofer\u0103 o securitate suplimentar\u0103 prin blocarea lunetei de indicare a timpului de scufundare, asigur\u00e2nd o [&hellip;]<\/p>\n","protected":false},"featured_media":54047,"comment_status":"closed","ping_status":"open","template":"","meta":{"_acf_changed":false},"product_brand":[],"product_cat":[20,106,107],"product_tag":[],"class_list":{"0":"post-54046","1":"product","2":"type-product","3":"status-publish","4":"has-post-thumbnail","6":"product_cat-ceasuri-barbati","7":"product_cat-ceasuri-premium","8":"product_cat-edox","9":"pa_brand-edox","10":"pa_braslet-cauciuc","11":"pa_corpus-45-mm","12":"pa_forma-rotund","13":"pa_funcii-cronograf","14":"pa_funcii-data","15":"pa_funcii-tahimetru","16":"pa_funcii-ziua-saptamanii","17":"pa_garatia-24-luni","18":"pa_korpus-negru","19":"pa_material-ceramica","20":"pa_material-otel-inoxidabil","21":"pa_mehanizm-mecanic","22":"pa_mehanizm-mecanism-automatic","23":"pa_remeshok-negru","24":"pa_steklo-cristal-safir","25":"pa_strana-elvetia","26":"pa_voda-50-atm","28":"first","29":"instock","30":"purchasable","31":"product-type-simple"},"acf":[],"_links":{"self":[{"href":"https:\/\/ceasuri.md\/ru\/wp-json\/wp\/v2\/product\/54046","targetHints":{"allow":["GET"]}}],"collection":[{"href":"https:\/\/ceasuri.md\/ru\/wp-json\/wp\/v2\/product"}],"about":[{"href":"https:\/\/ceasuri.md\/ru\/wp-json\/wp\/v2\/types\/product"}],"replies":[{"embeddable":true,"href":"https:\/\/ceasuri.md\/ru\/wp-json\/wp\/v2\/comments?post=54046"}],"wp:featuredmedia":[{"embeddable":true,"href":"https:\/\/ceasuri.md\/ru\/wp-json\/wp\/v2\/media\/54047"}],"wp:attachment":[{"href":"https:\/\/ceasuri.md\/ru\/wp-json\/wp\/v2\/media?parent=54046"}],"wp:term":[{"taxonomy":"product_brand","embeddable":true,"href":"https:\/\/ceasuri.md\/ru\/wp-json\/wp\/v2\/product_brand?post=54046"},{"taxonomy":"product_cat","embeddable":true,"href":"https:\/\/ceasuri.md\/ru\/wp-json\/wp\/v2\/product_cat?post=54046"},{"taxonomy":"product_tag","embeddable":true,"href":"https:\/\/ceasuri.md\/ru\/wp-json\/wp\/v2\/product_tag?post=54046"}],"curies":[{"name":"wp","href":"https:\/\/api.w.org\/{rel}","templated":true}]}}