{"id":54043,"date":"2026-04-03T00:06:07","date_gmt":"2026-04-02T21:06:07","guid":{"rendered":"http:\/\/new.ceasuri.md\/shop\/uncategorized\/edox-co-1-10242-tinr-nir\/"},"modified":"2026-04-20T01:37:05","modified_gmt":"2026-04-19T22:37:05","slug":"edox-co-1-10242-tinr-nir","status":"publish","type":"product","link":"https:\/\/ceasuri.md\/ru\/shop\/branduri\/edox\/edox-co-1-10242-tinr-nir\/","title":{"rendered":"\u0427\u0430\u0441\u044b EDOX CO-1 10242-TINR-NIR"},"content":{"rendered":"<p>EDOX CO-1 Quartz Chronograph 10242-TINR-NIR este un ceas sport ultra-u\u0219or pentru b\u0103rba\u021bi din seria CO-1. Aceast\u0103 gam\u0103 de modele este conceput\u0103 special pentru pasiona\u021bii de sporturi nautice \u0219i scufund\u0103ri.<br \/>\nCarcasa ceasului este fabricat\u0103 din titan ultrau\u0219or de \u00eenalt\u0103 calitate, acoperit cu PVD, iar datorit\u0103 combina\u021biei cu curea din cauciuc natural de cea mai \u00eenalt\u0103 calitate, ceasul c\u00e2nt\u0103re\u0219te doar 130 g, ceea ce \u00eel face foarte confortabil de purtat. Cadranul este protejat de un cristal de safir rezistent la zg\u00e2rieturi.<br \/>\nCeasul EDOX 10242-TINR-NIR este echipat cu o mi\u0219care elve\u021bian\u0103 RONDA 5030.D alimentat\u0103 cu baterie. In plus fa\u021b\u0103 de func\u021bia de timp, modelul este echipat cu un afi\u0219aj al datei \u00een pozi\u021bia orei 4. Modelul ofer\u0103, de asemenea, o func\u021bie practic\u0103 de cronometru.<br \/>\nEDOX 10242-TINR-NIR este caracterizat de un design tipic de ceas de scafandru, ceea ce \u00eenseamn\u0103, desigur, o lizibilitate excelent\u0103, luminescen\u021b\u0103 Super-Luminova X1 \u0219i o lunet\u0103 de scufundare din ceramic\u0103 cu rota\u021bie unidirec\u021bional\u0103.<br \/>\nRezisten\u021ba la ap\u0103 de 1000 m (100ATM) este asigurat\u0103 de o coroan\u0103 \u00een\u0219urubat\u0103 \u0219i de butoanele cronometrului, asigur\u00e2nd durabilitatea \u00een orice contact cu apa, inclusiv \u00een cazul scufund\u0103rilor la mare ad\u00e2ncime. Ceasul este echipat cu o supap\u0103 automat\u0103 de heliu pentru egalizarea lin\u0103 a presiunii la revenirea la suprafa\u021b\u0103.<\/p>","protected":false},"excerpt":{"rendered":"<p>EDOX CO-1 Quartz Chronograph 10242-TINR-NIR este un ceas sport ultra-u\u0219or pentru b\u0103rba\u021bi din seria CO-1. Aceast\u0103 gam\u0103 de modele este conceput\u0103 special pentru pasiona\u021bii de sporturi nautice \u0219i scufund\u0103ri. Carcasa ceasului este fabricat\u0103 din titan ultrau\u0219or de \u00eenalt\u0103 calitate, acoperit cu PVD, iar datorit\u0103 combina\u021biei cu curea din cauciuc natural de cea mai \u00eenalt\u0103 calitate, [&hellip;]<\/p>\n","protected":false},"featured_media":54044,"comment_status":"closed","ping_status":"open","template":"","meta":{"_acf_changed":false},"product_brand":[],"product_cat":[20,106,107],"product_tag":[],"class_list":{"0":"post-54043","1":"product","2":"type-product","3":"status-publish","4":"has-post-thumbnail","6":"product_cat-ceasuri-barbati","7":"product_cat-ceasuri-premium","8":"product_cat-edox","9":"pa_brand-edox","10":"pa_braslet-cauciuc","11":"pa_corpus-45-mm","12":"pa_forma-rotund","13":"pa_funcii-cronograf","14":"pa_funcii-data","15":"pa_garatia-24-luni","16":"pa_korpus-negru","17":"pa_korpus-roz-gold","18":"pa_kvarc-quartz","19":"pa_material-ceramica","20":"pa_material-titan","21":"pa_mehanizm-quartz","22":"pa_remeshok-negru","23":"pa_steklo-cristal-safir","24":"pa_strana-elvetia","25":"pa_voda-100-atm","27":"first","28":"instock","29":"purchasable","30":"product-type-simple"},"acf":[],"_links":{"self":[{"href":"https:\/\/ceasuri.md\/ru\/wp-json\/wp\/v2\/product\/54043","targetHints":{"allow":["GET"]}}],"collection":[{"href":"https:\/\/ceasuri.md\/ru\/wp-json\/wp\/v2\/product"}],"about":[{"href":"https:\/\/ceasuri.md\/ru\/wp-json\/wp\/v2\/types\/product"}],"replies":[{"embeddable":true,"href":"https:\/\/ceasuri.md\/ru\/wp-json\/wp\/v2\/comments?post=54043"}],"wp:featuredmedia":[{"embeddable":true,"href":"https:\/\/ceasuri.md\/ru\/wp-json\/wp\/v2\/media\/54044"}],"wp:attachment":[{"href":"https:\/\/ceasuri.md\/ru\/wp-json\/wp\/v2\/media?parent=54043"}],"wp:term":[{"taxonomy":"product_brand","embeddable":true,"href":"https:\/\/ceasuri.md\/ru\/wp-json\/wp\/v2\/product_brand?post=54043"},{"taxonomy":"product_cat","embeddable":true,"href":"https:\/\/ceasuri.md\/ru\/wp-json\/wp\/v2\/product_cat?post=54043"},{"taxonomy":"product_tag","embeddable":true,"href":"https:\/\/ceasuri.md\/ru\/wp-json\/wp\/v2\/product_tag?post=54043"}],"curies":[{"name":"wp","href":"https:\/\/api.w.org\/{rel}","templated":true}]}}