{"id":54038,"date":"2026-04-03T00:06:07","date_gmt":"2026-04-02T21:06:07","guid":{"rendered":"http:\/\/new.ceasuri.md\/shop\/uncategorized\/edox-chronorally-le-38001-tinnbu-bn\/"},"modified":"2026-04-20T01:37:06","modified_gmt":"2026-04-19T22:37:06","slug":"edox-chronorally-le-38001-tinnbu-bn","status":"publish","type":"product","link":"https:\/\/ceasuri.md\/ru\/shop\/branduri\/edox\/edox-chronorally-le-38001-tinnbu-bn\/","title":{"rendered":"\u0427\u0430\u0441\u044b EDOX CHRONORALLY LE 38001-TINNBU-BN"},"content":{"rendered":"<p>EDOX a f\u0103cut din nou echip\u0103 cu BMW, iar dou\u0103 noi edi\u021bii limitate ale EDOX Chronorally au fost concepute sub sponsorizarea BMW M Motorsport. \u00cen prezent, nu exist\u0103 alte ceasuri Swiss Made care s\u0103 aib\u0103 o rela\u021bie mai str\u00e2ns\u0103 cu sporturile cu motor dec\u00e2t EDOX Chronorally. Ceasurile din aceast\u0103 linie de renume mondial au fost dezvoltate pentru a rezista \u00een cele mai dure condi\u021bii. Colec\u021bia ilustreaz\u0103 perfect diferitele aspecte ale curselor \u0219i stabile\u0219te \u00eenc\u0103 o dat\u0103 noi repere.<br \/>\nModelul are o carcas\u0103 din titan, un cadran ingenios lucrat, un buton de cronometru distinctiv \u0219i inconfundabil, un capac spate unic cu jant\u0103 de anvelop\u0103 \u0219i o curea din cauciuc moale cu un model de anvelop\u0103.<br \/>\nCarcasa din titan de 48 mm este prev\u0103zut\u0103 cu o serie de caracteristici, cum ar fi un afi\u0219aj lizibil mare al datei la ora 6, un afi\u0219aj al zilei s\u0103pt\u0103m\u00e2nii la ora 12 cu o m\u00e2n\u0103 retrograd\u0103, un tahimetru \u0219i, desigur, un cronometru.<br \/>\nCadranele seam\u0103n\u0103 cu comenzile de pe tabloul de bord al unei ma\u0219ini de curse. M\u00e2inile \u0219i indicii, acoperite cu Superluminova X1, asigur\u0103 o lizibilitate perfect\u0103 \u00een toate condi\u021biile. Cadranul este protejat de un cristal de safir, astfel \u00eenc\u00e2t nu poate fi zg\u00e2riat. Rezisten\u021ba la ap\u0103 a acestui model este de 100 m, astfel \u00eenc\u00e2t ceasul poate rezista la \u00eenot la suprafa\u021b\u0103 sau la snorkeling.<br \/>\nEdi\u021bia limitat\u0103 Chronorally BMW 2022 este produs\u0103 \u00eentr-un total de 2.000 de piese \u00een \u00eentreaga lume. Disponibil 0340, 0522 din cele 2000  de exemplare. Modelul vine cu o a doua curea de cauciuc negru suplimentar\u0103 &#8211; toate \u00eempreun\u0103 \u00eentr-o cutie special\u0103.<\/p>","protected":false},"excerpt":{"rendered":"<p>EDOX a f\u0103cut din nou echip\u0103 cu BMW, iar dou\u0103 noi edi\u021bii limitate ale EDOX Chronorally au fost concepute sub sponsorizarea BMW M Motorsport. \u00cen prezent, nu exist\u0103 alte ceasuri Swiss Made care s\u0103 aib\u0103 o rela\u021bie mai str\u00e2ns\u0103 cu sporturile cu motor dec\u00e2t EDOX Chronorally. Ceasurile din aceast\u0103 linie de renume mondial au fost [&hellip;]<\/p>\n","protected":false},"featured_media":54039,"comment_status":"closed","ping_status":"open","template":"","meta":{"_acf_changed":false},"product_brand":[],"product_cat":[20,106,107,205],"product_tag":[],"class_list":{"0":"post-54038","1":"product","2":"type-product","3":"status-publish","4":"has-post-thumbnail","6":"product_cat-ceasuri-barbati","7":"product_cat-ceasuri-premium","8":"product_cat-edox","9":"product_cat-limited-edition","10":"pa_brand-edox","11":"pa_braslet-cauciuc","12":"pa_corpus-48-mm","13":"pa_forma-rotund","14":"pa_funcii-cronograf","15":"pa_funcii-data","16":"pa_funcii-limited-edition","17":"pa_funcii-set-cadou","18":"pa_funcii-tahimetru","19":"pa_funcii-ziua-saptamanii","20":"pa_garatia-24-luni","21":"pa_korpus-gri","22":"pa_korpus-negru","23":"pa_kvarc-quartz","24":"pa_material-titan","25":"pa_mehanizm-quartz","26":"pa_remeshok-alb","27":"pa_remeshok-negru","28":"pa_steklo-cristal-safir","29":"pa_strana-elvetia","30":"pa_voda-10-atm","32":"first","33":"instock","34":"purchasable","35":"product-type-simple"},"acf":[],"_links":{"self":[{"href":"https:\/\/ceasuri.md\/ru\/wp-json\/wp\/v2\/product\/54038","targetHints":{"allow":["GET"]}}],"collection":[{"href":"https:\/\/ceasuri.md\/ru\/wp-json\/wp\/v2\/product"}],"about":[{"href":"https:\/\/ceasuri.md\/ru\/wp-json\/wp\/v2\/types\/product"}],"replies":[{"embeddable":true,"href":"https:\/\/ceasuri.md\/ru\/wp-json\/wp\/v2\/comments?post=54038"}],"wp:featuredmedia":[{"embeddable":true,"href":"https:\/\/ceasuri.md\/ru\/wp-json\/wp\/v2\/media\/54039"}],"wp:attachment":[{"href":"https:\/\/ceasuri.md\/ru\/wp-json\/wp\/v2\/media?parent=54038"}],"wp:term":[{"taxonomy":"product_brand","embeddable":true,"href":"https:\/\/ceasuri.md\/ru\/wp-json\/wp\/v2\/product_brand?post=54038"},{"taxonomy":"product_cat","embeddable":true,"href":"https:\/\/ceasuri.md\/ru\/wp-json\/wp\/v2\/product_cat?post=54038"},{"taxonomy":"product_tag","embeddable":true,"href":"https:\/\/ceasuri.md\/ru\/wp-json\/wp\/v2\/product_tag?post=54038"}],"curies":[{"name":"wp","href":"https:\/\/api.w.org\/{rel}","templated":true}]}}