{"id":54032,"date":"2026-04-03T00:06:07","date_gmt":"2026-04-02T21:06:07","guid":{"rendered":"http:\/\/new.ceasuri.md\/shop\/uncategorized\/edox-chronorally-38003-tinbu-brnbu\/"},"modified":"2026-04-20T01:37:08","modified_gmt":"2026-04-19T22:37:08","slug":"edox-chronorally-38003-tinbu-brnbu","status":"publish","type":"product","link":"https:\/\/ceasuri.md\/ru\/shop\/branduri\/edox\/edox-chronorally-38003-tinbu-brnbu\/","title":{"rendered":"\u0427\u0430\u0441\u044b EDOX CHRONORALLY 38003-TINBU-BRNBU"},"content":{"rendered":"<p>Colec\u021bia Edox Chronorally redefine\u0219te inova\u021bia prin prezentarea unui cronograf revolu\u021bionar conceput special pentru nevoile \u0219oferilor. Dezvoltat\u0103 ini\u021bial ca cronometru oficial pentru evenimente prestigioase precum Campionatul Mondial de Raliuri FIA (WRC), Raliul Dakar \u0219i Campionatul Mondial de Rallycross FIA, precum \u0219i parteneriate cu echipe renumite precum fosta echip\u0103 de Formula 1 Sauber F1 \u0219i BMW M Motorsport.<br \/>\nAceast\u0103 serie de ceasuri aduce un omagiu lumii sporturilor cu motor \u0219i \u00eentruchipeaz\u0103 dedicarea pentru precizie \u0219i performan\u021b\u0103. Fiecare ceas este construit pentru a rezista celor mai extreme condi\u021bii, fie c\u0103 este vorba de vitez\u0103, noroi, z\u0103pad\u0103 sau c\u0103ldur\u0103. Carcasa robust\u0103 din titan, \u00eemping\u0103torul supradimensionat, cadranul proiectat cu aten\u021bie \u0219i modelul distinctiv de anvelope de pe curea din cauciuc confer\u0103 ceasului Chronorally nu numai un aspect sportiv distinctiv, ci \u0219i durabilitate \u0219i func\u021bionalitate de neegalat.<br \/>\nCu designul s\u0103u iconic, Chronorally nu este doar un accesoriu atemporal, ci \u0219i un companion esen\u021bial pentru campioni pe \u0219i \u00een afara pistei de curse.<\/p>","protected":false},"excerpt":{"rendered":"<p>Colec\u021bia Edox Chronorally redefine\u0219te inova\u021bia prin prezentarea unui cronograf revolu\u021bionar conceput special pentru nevoile \u0219oferilor. Dezvoltat\u0103 ini\u021bial ca cronometru oficial pentru evenimente prestigioase precum Campionatul Mondial de Raliuri FIA (WRC), Raliul Dakar \u0219i Campionatul Mondial de Rallycross FIA, precum \u0219i parteneriate cu echipe renumite precum fosta echip\u0103 de Formula 1 Sauber F1 \u0219i BMW M [&hellip;]<\/p>\n","protected":false},"featured_media":54033,"comment_status":"closed","ping_status":"open","template":"","meta":{"_acf_changed":false},"product_brand":[],"product_cat":[20,106,107],"product_tag":[],"class_list":{"0":"post-54032","1":"product","2":"type-product","3":"status-publish","4":"has-post-thumbnail","6":"product_cat-ceasuri-barbati","7":"product_cat-ceasuri-premium","8":"product_cat-edox","9":"pa_brand-edox","10":"pa_braslet-cauciuc","11":"pa_corpus-45-mm","12":"pa_forma-rotund","13":"pa_funcii-cronograf","14":"pa_funcii-data","15":"pa_funcii-tahimetru","16":"pa_funcii-ziua-saptamanii","17":"pa_garatia-24-luni","18":"pa_korpus-gri","19":"pa_kvarc-quartz","20":"pa_material-titan","21":"pa_mehanizm-quartz","22":"pa_remeshok-negru","23":"pa_steklo-cristal-safir","24":"pa_strana-elvetia","25":"pa_voda-10-atm","27":"first","28":"instock","29":"purchasable","30":"product-type-simple"},"acf":[],"_links":{"self":[{"href":"https:\/\/ceasuri.md\/ru\/wp-json\/wp\/v2\/product\/54032","targetHints":{"allow":["GET"]}}],"collection":[{"href":"https:\/\/ceasuri.md\/ru\/wp-json\/wp\/v2\/product"}],"about":[{"href":"https:\/\/ceasuri.md\/ru\/wp-json\/wp\/v2\/types\/product"}],"replies":[{"embeddable":true,"href":"https:\/\/ceasuri.md\/ru\/wp-json\/wp\/v2\/comments?post=54032"}],"wp:featuredmedia":[{"embeddable":true,"href":"https:\/\/ceasuri.md\/ru\/wp-json\/wp\/v2\/media\/54033"}],"wp:attachment":[{"href":"https:\/\/ceasuri.md\/ru\/wp-json\/wp\/v2\/media?parent=54032"}],"wp:term":[{"taxonomy":"product_brand","embeddable":true,"href":"https:\/\/ceasuri.md\/ru\/wp-json\/wp\/v2\/product_brand?post=54032"},{"taxonomy":"product_cat","embeddable":true,"href":"https:\/\/ceasuri.md\/ru\/wp-json\/wp\/v2\/product_cat?post=54032"},{"taxonomy":"product_tag","embeddable":true,"href":"https:\/\/ceasuri.md\/ru\/wp-json\/wp\/v2\/product_tag?post=54032"}],"curies":[{"name":"wp","href":"https:\/\/api.w.org\/{rel}","templated":true}]}}