{"id":54014,"date":"2026-04-03T00:06:07","date_gmt":"2026-04-02T21:06:07","guid":{"rendered":"http:\/\/new.ceasuri.md\/shop\/uncategorized\/edox-delfin-the-original-53021-37rnca-nir\/"},"modified":"2026-04-20T01:37:13","modified_gmt":"2026-04-19T22:37:13","slug":"edox-delfin-the-original-53021-37rnca-nir","status":"publish","type":"product","link":"https:\/\/ceasuri.md\/ru\/shop\/branduri\/edox\/edox-delfin-the-original-53021-37rnca-nir\/","title":{"rendered":"\u0427\u0430\u0441\u044b EDOX DELFIN THE ORIGINAL 53021-37RNCA-NIR"},"content":{"rendered":"<p>In inima fiec\u0103rei legende se afl\u0103 o descoperire, o inova\u021bie. Pentru Edox, legenda a \u00eenceput \u00een 1961, odat\u0103 cu lansarea ceasului Delfin. Acest ceas a fost o piatr\u0103 de hotar \u00een dezvoltarea m\u0103rcii \u0219i a stabilit noi standarde de rezisten\u021b\u0103 la ap\u0103 pentru orologeria elve\u021bian\u0103. Ceasul Edox Delfin a fost prezentat ca un ceas sport elegant pentru scufund\u0103ri.<br \/>\nCu o carcas\u0103 echipat\u0103 cu un caseback dublu \u0219i o rezisten\u021b\u0103 la ap\u0103 de peste 200 de metri, Edox Delfin a introdus un nou sistem de \u00eenchidere cu o garnitur\u0103 dubl\u0103 revolu\u021bionar\u0103 numit\u0103 \u201eDouble O&#8217;ring\u201d. Patentat la Berna \u00een 1961, dup\u0103 lansarea Edox Delfin, sistemul \u201eDouble O&#8217;ring\u201d func\u021bioneaz\u0103 datorit\u0103 a dou\u0103 garnituri din cauciuc \u0219i nailon care formeaz\u0103 o garnitur\u0103 etan\u0219\u0103 la punctul de contact dintre coroan\u0103 \u0219i carcasa ceasului.<br \/>\nAcest sistem dublu de etan\u0219are permite utilizatorului s\u0103 \u00eennoiasc\u0103 sau s\u0103 seteze ora ceasului s\u0103u \u00een orice circumstan\u021be, chiar \u0219i sub ap\u0103.<br \/>\nAceast\u0103 inven\u021bie este utilizat\u0103 \u0219i \u00een prezent de Edox.<\/p>","protected":false},"excerpt":{"rendered":"<p>In inima fiec\u0103rei legende se afl\u0103 o descoperire, o inova\u021bie. Pentru Edox, legenda a \u00eenceput \u00een 1961, odat\u0103 cu lansarea ceasului Delfin. Acest ceas a fost o piatr\u0103 de hotar \u00een dezvoltarea m\u0103rcii \u0219i a stabilit noi standarde de rezisten\u021b\u0103 la ap\u0103 pentru orologeria elve\u021bian\u0103. Ceasul Edox Delfin a fost prezentat ca un ceas sport [&hellip;]<\/p>\n","protected":false},"featured_media":54015,"comment_status":"closed","ping_status":"open","template":"","meta":{"_acf_changed":false},"product_brand":[],"product_cat":[20,106,107],"product_tag":[],"class_list":{"0":"post-54014","1":"product","2":"type-product","3":"status-publish","4":"has-post-thumbnail","6":"product_cat-ceasuri-barbati","7":"product_cat-ceasuri-premium","8":"product_cat-edox","9":"pa_brand-edox","10":"pa_braslet-cauciuc","11":"pa_corpus-43-mm","12":"pa_forma-atipica","13":"pa_funcii-data","14":"pa_garatia-24-luni","15":"pa_korpus-negru","16":"pa_korpus-roz-gold","17":"pa_kvarc-quartz","18":"pa_material-otel-inoxidabil","19":"pa_mehanizm-quartz","20":"pa_remeshok-negru","21":"pa_steklo-cristal-safir","22":"pa_strana-elvetia","23":"pa_voda-20-atm","25":"first","26":"instock","27":"purchasable","28":"product-type-simple"},"acf":[],"_links":{"self":[{"href":"https:\/\/ceasuri.md\/ru\/wp-json\/wp\/v2\/product\/54014","targetHints":{"allow":["GET"]}}],"collection":[{"href":"https:\/\/ceasuri.md\/ru\/wp-json\/wp\/v2\/product"}],"about":[{"href":"https:\/\/ceasuri.md\/ru\/wp-json\/wp\/v2\/types\/product"}],"replies":[{"embeddable":true,"href":"https:\/\/ceasuri.md\/ru\/wp-json\/wp\/v2\/comments?post=54014"}],"wp:featuredmedia":[{"embeddable":true,"href":"https:\/\/ceasuri.md\/ru\/wp-json\/wp\/v2\/media\/54015"}],"wp:attachment":[{"href":"https:\/\/ceasuri.md\/ru\/wp-json\/wp\/v2\/media?parent=54014"}],"wp:term":[{"taxonomy":"product_brand","embeddable":true,"href":"https:\/\/ceasuri.md\/ru\/wp-json\/wp\/v2\/product_brand?post=54014"},{"taxonomy":"product_cat","embeddable":true,"href":"https:\/\/ceasuri.md\/ru\/wp-json\/wp\/v2\/product_cat?post=54014"},{"taxonomy":"product_tag","embeddable":true,"href":"https:\/\/ceasuri.md\/ru\/wp-json\/wp\/v2\/product_tag?post=54014"}],"curies":[{"name":"wp","href":"https:\/\/api.w.org\/{rel}","templated":true}]}}