{"id":54006,"date":"2026-04-03T00:05:19","date_gmt":"2026-04-02T21:05:19","guid":{"rendered":"http:\/\/new.ceasuri.md\/shop\/uncategorized\/edox-delfin-the-original-53021-3gm-gin\/"},"modified":"2026-04-20T01:37:16","modified_gmt":"2026-04-19T22:37:16","slug":"edox-delfin-the-original-53021-3gm-gin","status":"publish","type":"product","link":"https:\/\/ceasuri.md\/ru\/shop\/branduri\/edox\/edox-delfin-the-original-53021-3gm-gin\/","title":{"rendered":"\u0427\u0430\u0441\u044b EDOX DELFIN THE ORIGINAL 53021-3GM-GIN"},"content":{"rendered":"<p>In inima fiec\u0103rei legende se afl\u0103 o descoperire, o inova\u021bie. Pentru Edox, legenda a \u00eenceput \u00een 1961, odat\u0103 cu lansarea ceasului Delfin. Acest ceas a fost o piatr\u0103 de hotar \u00een dezvoltarea m\u0103rcii \u0219i a stabilit noi standarde de rezisten\u021b\u0103 la ap\u0103 pentru orologeria elve\u021bian\u0103. Ceasul Edox Delfin a fost prezentat ca un ceas sport elegant pentru scufund\u0103ri.<br \/>\nPatentat la Berna \u00een 1961, dup\u0103 lansarea Edox Delfin, sistemul \u201eDouble O&#8217;ring\u201d func\u021bioneaz\u0103 datorit\u0103 a dou\u0103 garnituri din cauciuc \u0219i nailon care formeaz\u0103 o garnitur\u0103 etan\u0219\u0103 la punctul de contact dintre coroan\u0103 \u0219i carcasa ceasului.<br \/>\nAcest sistem dublu de etan\u0219are permite utilizatorului s\u0103 \u00eennoiasc\u0103 sau s\u0103 seteze ora ceasului s\u0103u \u00een orice circumstan\u021be, chiar \u0219i sub ap\u0103.<br \/>\nAceast\u0103 inven\u021bie este utilizat\u0103 \u0219i \u00een prezent de Edox.<br \/>\nCarcasa ceasului fabricat\u0103 din o\u021bel inoxidabil de \u00eenalt\u0103 calitate. Br\u0103\u021bar\u0103 din o\u021bel cu \u00eenchidere fluture. Cadranul gri este protejat de un cristal de safir, rezistent la orice zg\u00e2rieturi.<br \/>\nCeasul este rezistent la ap\u0103 p\u00e2n\u0103 la 200 m.<\/p>","protected":false},"excerpt":{"rendered":"<p>In inima fiec\u0103rei legende se afl\u0103 o descoperire, o inova\u021bie. Pentru Edox, legenda a \u00eenceput \u00een 1961, odat\u0103 cu lansarea ceasului Delfin. Acest ceas a fost o piatr\u0103 de hotar \u00een dezvoltarea m\u0103rcii \u0219i a stabilit noi standarde de rezisten\u021b\u0103 la ap\u0103 pentru orologeria elve\u021bian\u0103. Ceasul Edox Delfin a fost prezentat ca un ceas sport [&hellip;]<\/p>\n","protected":false},"featured_media":54007,"comment_status":"closed","ping_status":"open","template":"","meta":{"_acf_changed":false},"product_brand":[],"product_cat":[20,106,107],"product_tag":[],"class_list":{"0":"post-54006","1":"product","2":"type-product","3":"status-publish","4":"has-post-thumbnail","6":"product_cat-ceasuri-barbati","7":"product_cat-ceasuri-premium","8":"product_cat-edox","9":"pa_brand-edox","10":"pa_braslet-otel-inoxidabil","11":"pa_corpus-43-mm","12":"pa_forma-atipica","13":"pa_funcii-data","14":"pa_garatia-24-luni","15":"pa_korpus-gri","16":"pa_kvarc-quartz","17":"pa_material-otel-inoxidabil","18":"pa_mehanizm-quartz","19":"pa_remeshok-gri","20":"pa_steklo-cristal-safir","21":"pa_strana-elvetia","22":"pa_voda-20-atm","24":"first","25":"instock","26":"purchasable","27":"product-type-simple"},"acf":[],"_links":{"self":[{"href":"https:\/\/ceasuri.md\/ru\/wp-json\/wp\/v2\/product\/54006","targetHints":{"allow":["GET"]}}],"collection":[{"href":"https:\/\/ceasuri.md\/ru\/wp-json\/wp\/v2\/product"}],"about":[{"href":"https:\/\/ceasuri.md\/ru\/wp-json\/wp\/v2\/types\/product"}],"replies":[{"embeddable":true,"href":"https:\/\/ceasuri.md\/ru\/wp-json\/wp\/v2\/comments?post=54006"}],"wp:featuredmedia":[{"embeddable":true,"href":"https:\/\/ceasuri.md\/ru\/wp-json\/wp\/v2\/media\/54007"}],"wp:attachment":[{"href":"https:\/\/ceasuri.md\/ru\/wp-json\/wp\/v2\/media?parent=54006"}],"wp:term":[{"taxonomy":"product_brand","embeddable":true,"href":"https:\/\/ceasuri.md\/ru\/wp-json\/wp\/v2\/product_brand?post=54006"},{"taxonomy":"product_cat","embeddable":true,"href":"https:\/\/ceasuri.md\/ru\/wp-json\/wp\/v2\/product_cat?post=54006"},{"taxonomy":"product_tag","embeddable":true,"href":"https:\/\/ceasuri.md\/ru\/wp-json\/wp\/v2\/product_tag?post=54006"}],"curies":[{"name":"wp","href":"https:\/\/api.w.org\/{rel}","templated":true}]}}