{"id":53989,"date":"2026-04-03T00:05:19","date_gmt":"2026-04-02T21:05:19","guid":{"rendered":"http:\/\/new.ceasuri.md\/shop\/uncategorized\/edox-skydiver-80131-357rnrm-vio\/"},"modified":"2026-04-15T20:45:07","modified_gmt":"2026-04-15T17:45:07","slug":"edox-skydiver-80131-357rnrm-vio","status":"publish","type":"product","link":"https:\/\/ceasuri.md\/ru\/shop\/branduri\/edox\/edox-skydiver-80131-357rnrm-vio\/","title":{"rendered":"Ceas EDOX SKYDIVER 80131-357RNRM-VIO"},"content":{"rendered":"<p>Edox Skydiver 38 Date Automatic 80131-357RNRM-VIO este un ceas minunat care eman\u0103 caracter. Acesta aduce un omagiu para\u0219uti\u0219tilor \u0219i provoc\u0103rilor dificile cu care se confrunt\u0103 \u0219i are o mul\u021bime de detalii excelente care fac ceasul s\u0103 ias\u0103 \u00een eviden\u021b\u0103. Acest model are un stil vintage deosebit, care \u00eembr\u0103\u021bi\u0219eaz\u0103 un aspect clasic, cu o interpretare modern\u0103.<br \/>\nCeasul \u00een sine \u00eembr\u0103\u021bi\u0219eaz\u0103 tendin\u021ba contemporan\u0103 a ceasurilor mai mici \u0219i mai confortabile cu carcasa sa cu diametrul de 38 mm (f\u0103r\u0103 coroan\u0103). Acest lucru este mai \u00een conformitate cu ceasurile de epoc\u0103 \u0219i \u00eel face pl\u0103cut pentru majoritatea b\u0103rba\u021bilor \u0219i femeilor. In ceea ce prive\u0219te materialele, este, de asemenea, foarte modern: o superb\u0103 sticl\u0103 de safir bombat\u0103 cu un strat AR, o mi\u0219care automat\u0103 Swiss Made Edox Cal. 80, un luneta din ceramic\u0103 \u0219i o br\u0103\u021bar\u0103 metalic\u0103 foarte minunat\u0103 (cu extensie inteligent\u0103).<br \/>\nSkydiver 38 este un ceas uimitor, confortabil \u0219i elegant, pe care este o pl\u0103cere s\u0103 \u00eel por\u021bi \u0219i care face o declara\u021bie uria\u0219\u0103 \u00een ciuda pachetului mai mic!<\/p>","protected":false},"excerpt":{"rendered":"<p>Edox Skydiver 38 Date Automatic 80131-357RNRM-VIO este un ceas minunat care eman\u0103 caracter. Acesta aduce un omagiu para\u0219uti\u0219tilor \u0219i provoc\u0103rilor dificile cu care se confrunt\u0103 \u0219i are o mul\u021bime de detalii excelente care fac ceasul s\u0103 ias\u0103 \u00een eviden\u021b\u0103. Acest model are un stil vintage deosebit, care \u00eembr\u0103\u021bi\u0219eaz\u0103 un aspect clasic, cu o interpretare modern\u0103. [&hellip;]<\/p>\n","protected":false},"featured_media":53990,"comment_status":"closed","ping_status":"open","template":"","meta":{"_acf_changed":false},"product_brand":[],"product_cat":[20,25,106,107],"product_tag":[],"class_list":{"0":"post-53989","1":"product","2":"type-product","3":"status-publish","4":"has-post-thumbnail","6":"product_cat-ceasuri-barbati","7":"product_cat-ceasuri-dama","8":"product_cat-ceasuri-premium","9":"product_cat-edox","10":"pa_brand-edox","11":"pa_braslet-otel-inoxidabil","12":"pa_corpus-38-mm","13":"pa_forma-rotund","14":"pa_funcii-data","15":"pa_garatia-24-luni","16":"pa_korpus-argintiu","17":"pa_korpus-negru","18":"pa_material-ceramica","19":"pa_material-otel-inoxidabil","20":"pa_mehanizm-mecanic","21":"pa_mehanizm-mecanism-automatic","22":"pa_remeshok-argintiu","23":"pa_steklo-cristal-safir","24":"pa_strana-elvetia","25":"pa_voda-30-atm","27":"first","28":"instock","29":"purchasable","30":"product-type-simple"},"acf":[],"_links":{"self":[{"href":"https:\/\/ceasuri.md\/ru\/wp-json\/wp\/v2\/product\/53989","targetHints":{"allow":["GET"]}}],"collection":[{"href":"https:\/\/ceasuri.md\/ru\/wp-json\/wp\/v2\/product"}],"about":[{"href":"https:\/\/ceasuri.md\/ru\/wp-json\/wp\/v2\/types\/product"}],"replies":[{"embeddable":true,"href":"https:\/\/ceasuri.md\/ru\/wp-json\/wp\/v2\/comments?post=53989"}],"wp:featuredmedia":[{"embeddable":true,"href":"https:\/\/ceasuri.md\/ru\/wp-json\/wp\/v2\/media\/53990"}],"wp:attachment":[{"href":"https:\/\/ceasuri.md\/ru\/wp-json\/wp\/v2\/media?parent=53989"}],"wp:term":[{"taxonomy":"product_brand","embeddable":true,"href":"https:\/\/ceasuri.md\/ru\/wp-json\/wp\/v2\/product_brand?post=53989"},{"taxonomy":"product_cat","embeddable":true,"href":"https:\/\/ceasuri.md\/ru\/wp-json\/wp\/v2\/product_cat?post=53989"},{"taxonomy":"product_tag","embeddable":true,"href":"https:\/\/ceasuri.md\/ru\/wp-json\/wp\/v2\/product_tag?post=53989"}],"curies":[{"name":"wp","href":"https:\/\/api.w.org\/{rel}","templated":true}]}}