{"id":53985,"date":"2026-04-03T00:05:19","date_gmt":"2026-04-02T21:05:19","guid":{"rendered":"http:\/\/new.ceasuri.md\/shop\/uncategorized\/edox-skydiver-80131-37rnm-ni\/"},"modified":"2026-04-20T01:37:21","modified_gmt":"2026-04-19T22:37:21","slug":"edox-skydiver-80131-37rnm-ni","status":"publish","type":"product","link":"https:\/\/ceasuri.md\/ru\/shop\/branduri\/edox\/edox-skydiver-80131-37rnm-ni\/","title":{"rendered":"\u0427\u0430\u0441\u044b EDOX SKYDIVER 80131-37RNM-NI"},"content":{"rendered":"<p>Edox Skydiver 38 Date Automatic 80131-37RNM-NI este un ceas uimitor care eman\u0103 caracter. Acestea sunt dedicate para\u0219uti\u0219tilor \u0219i provoc\u0103rilor dificile cu care se confrunt\u0103 \u0219i au multe detalii care fac ceasul special. Acest model are un stil vintage deosebit, cu un aspect clasic c\u0103ruia i s-a dat o interpretare modern\u0103.<br \/>\nCeasul \u00een sine este \u00een conformitate cu tendin\u021ba actual\u0103 pentru ceasuri mai compacte \u0219i confortabile, cu o carcas\u0103 cu diametrul de 38 mm (f\u0103r\u0103 coroan\u0103). Acest lucru este mai \u00een concordan\u021b\u0103 cu ceasurile vintage \u0219i \u00eel face atr\u0103g\u0103tor pentru majoritatea b\u0103rba\u021bilor \u0219i femeilor. In ceea ce prive\u0219te materialele, acestea sunt, de asemenea, foarte moderne: un superb cristal de safir bombat cu acoperire AR, o mi\u0219care automat\u0103 Swiss Made Edox Swiss Made Edox Cal. 80, un luneta din ceramic\u0103 \u0219i o br\u0103\u021bar\u0103 superb\u0103 din metal acoperit cu PVD roz (cu extensie inteligent\u0103).<br \/>\nSkydiver 38 este un ceas uimitor, confortabil \u0219i elegant, care este o pl\u0103cere s\u0103-l por\u021bi \u0219i care, \u00een ciuda dimensiunilor sale mici, face o impresie uria\u0219\u0103!<\/p>","protected":false},"excerpt":{"rendered":"<p>Edox Skydiver 38 Date Automatic 80131-37RNM-NI este un ceas uimitor care eman\u0103 caracter. Acestea sunt dedicate para\u0219uti\u0219tilor \u0219i provoc\u0103rilor dificile cu care se confrunt\u0103 \u0219i au multe detalii care fac ceasul special. Acest model are un stil vintage deosebit, cu un aspect clasic c\u0103ruia i s-a dat o interpretare modern\u0103. Ceasul \u00een sine este \u00een [&hellip;]<\/p>\n","protected":false},"featured_media":53986,"comment_status":"closed","ping_status":"open","template":"","meta":{"_acf_changed":false},"product_brand":[],"product_cat":[20,25,106,107],"product_tag":[],"class_list":{"0":"post-53985","1":"product","2":"type-product","3":"status-publish","4":"has-post-thumbnail","6":"product_cat-ceasuri-barbati","7":"product_cat-ceasuri-dama","8":"product_cat-ceasuri-premium","9":"product_cat-edox","10":"pa_brand-edox","11":"pa_braslet-otel-inoxidabil","12":"pa_corpus-38-mm","13":"pa_forma-rotund","14":"pa_funcii-data","15":"pa_garatia-24-luni","16":"pa_korpus-negru","17":"pa_korpus-roz-gold","18":"pa_material-ceramica","19":"pa_material-otel-inoxidabil","20":"pa_mehanizm-mecanic","21":"pa_mehanizm-mecanism-automatic","22":"pa_remeshok-roz-gold","23":"pa_steklo-cristal-safir","24":"pa_strana-elvetia","25":"pa_voda-30-atm","27":"first","28":"instock","29":"purchasable","30":"product-type-simple"},"acf":[],"_links":{"self":[{"href":"https:\/\/ceasuri.md\/ru\/wp-json\/wp\/v2\/product\/53985","targetHints":{"allow":["GET"]}}],"collection":[{"href":"https:\/\/ceasuri.md\/ru\/wp-json\/wp\/v2\/product"}],"about":[{"href":"https:\/\/ceasuri.md\/ru\/wp-json\/wp\/v2\/types\/product"}],"replies":[{"embeddable":true,"href":"https:\/\/ceasuri.md\/ru\/wp-json\/wp\/v2\/comments?post=53985"}],"wp:featuredmedia":[{"embeddable":true,"href":"https:\/\/ceasuri.md\/ru\/wp-json\/wp\/v2\/media\/53986"}],"wp:attachment":[{"href":"https:\/\/ceasuri.md\/ru\/wp-json\/wp\/v2\/media?parent=53985"}],"wp:term":[{"taxonomy":"product_brand","embeddable":true,"href":"https:\/\/ceasuri.md\/ru\/wp-json\/wp\/v2\/product_brand?post=53985"},{"taxonomy":"product_cat","embeddable":true,"href":"https:\/\/ceasuri.md\/ru\/wp-json\/wp\/v2\/product_cat?post=53985"},{"taxonomy":"product_tag","embeddable":true,"href":"https:\/\/ceasuri.md\/ru\/wp-json\/wp\/v2\/product_tag?post=53985"}],"curies":[{"name":"wp","href":"https:\/\/api.w.org\/{rel}","templated":true}]}}