{"id":53965,"date":"2026-04-03T00:05:19","date_gmt":"2026-04-02T21:05:19","guid":{"rendered":"http:\/\/new.ceasuri.md\/shop\/uncategorized\/casio-g-shock-ga-2100-7a7er\/"},"modified":"2026-04-20T01:34:09","modified_gmt":"2026-04-19T22:34:09","slug":"casio-g-shock-ga-2100-7a7er","status":"publish","type":"product","link":"https:\/\/ceasuri.md\/ru\/shop\/branduri\/casio\/casio-g-shock-ga-2100-7a7er\/","title":{"rendered":"\u0427\u0430\u0441\u044b CASIO G-SHOCK GA-2100-7A7ER"},"content":{"rendered":"<p>Face\u021bi o declara\u021bie monocromatic\u0103 elegant\u0103 cu modelul G-SHOCK GM2100-7A7 alb. Modelul incredibil de popular GA2100 a izbucnit pe scen\u0103 \u00een 2019, iar cu modelul alb ton pe ton GA2100-7A7, am turnat popularul GA2100 cu nuan\u021be subtile de alb clasic pentru a oferi liniei GA2100 un ceas analog-digital care \u00ee\u0219i declar\u0103 sofisticarea, oferind \u00een acela\u0219i timp performan\u021be de v\u00e2rf \u00een industrie.<br \/>\nAlbul clasic al modelului GA2100-7A7 nu numai c\u0103 adaug\u0103 un element de rafinament, dar puritatea sa monocromatic\u0103 \u00eei sculpteaz\u0103 caracterul distinct fa\u021b\u0103 de alte ceasuri G-SHOCK albe. Ceasurile noastre GA2100 sunt construite cu o structur\u0103 rezistent\u0103 la \u0219ocuri, Carbon Core Guard, iar durabilitatea sa incredibil\u0103 este sporit\u0103 \u0219i de rezisten\u021ba la ap\u0103 de 200 de metri. Ceasul utilizeaz\u0103, de asemenea, dou\u0103 lumini LED &#8211; una pentru cadranul ceasului, cealalt\u0103 pentru afi\u0219ajul digital &#8211; pentru a asigura o citire u\u0219oar\u0103 \u00een \u00eentuneric.<br \/>\nLuneta \u0219i br\u0103\u021bara acestor ceasuri sunt realizate din r\u0103\u0219in\u0103 bio produs\u0103 din resurse organice regenerabile, un material care se a\u0219teapt\u0103 s\u0103 contribuie la reducerea emisiilor de CO2 \u0219i la reducerea impactului asupra mediului.<\/p>","protected":false},"excerpt":{"rendered":"<p>Face\u021bi o declara\u021bie monocromatic\u0103 elegant\u0103 cu modelul G-SHOCK GM2100-7A7 alb. Modelul incredibil de popular GA2100 a izbucnit pe scen\u0103 \u00een 2019, iar cu modelul alb ton pe ton GA2100-7A7, am turnat popularul GA2100 cu nuan\u021be subtile de alb clasic pentru a oferi liniei GA2100 un ceas analog-digital care \u00ee\u0219i declar\u0103 sofisticarea, oferind \u00een acela\u0219i timp [&hellip;]<\/p>\n","protected":false},"featured_media":53966,"comment_status":"closed","ping_status":"open","template":"","meta":{"_acf_changed":false},"product_brand":[],"product_cat":[27,20,25,419],"product_tag":[],"class_list":{"0":"post-53965","1":"product","2":"type-product","3":"status-publish","4":"has-post-thumbnail","6":"product_cat-casio","7":"product_cat-ceasuri-barbati","8":"product_cat-ceasuri-dama","9":"product_cat-g-shock","10":"pa_brand-casio","11":"pa_brand-g-shock","12":"pa_braslet-plastic","13":"pa_corpus-45x49mm","14":"pa_forma-octogonala","15":"pa_funcii-alarma","16":"pa_funcii-calendar","17":"pa_funcii-cronometru","18":"pa_funcii-iluminare","19":"pa_funcii-timp-mondial","20":"pa_funcii-ziua-saptamanii","21":"pa_garatia-24-luni","22":"pa_korpus-alb","23":"pa_kvarc-quartz","24":"pa_material-carbon","25":"pa_material-plastic","26":"pa_mehanizm-electronic","27":"pa_mehanizm-quartz","28":"pa_remeshok-alb","29":"pa_steklo-cristal-mineral","30":"pa_strana-japonia","31":"pa_voda-20-atm","33":"first","34":"instock","35":"purchasable","36":"product-type-simple"},"acf":[],"_links":{"self":[{"href":"https:\/\/ceasuri.md\/ru\/wp-json\/wp\/v2\/product\/53965","targetHints":{"allow":["GET"]}}],"collection":[{"href":"https:\/\/ceasuri.md\/ru\/wp-json\/wp\/v2\/product"}],"about":[{"href":"https:\/\/ceasuri.md\/ru\/wp-json\/wp\/v2\/types\/product"}],"replies":[{"embeddable":true,"href":"https:\/\/ceasuri.md\/ru\/wp-json\/wp\/v2\/comments?post=53965"}],"wp:featuredmedia":[{"embeddable":true,"href":"https:\/\/ceasuri.md\/ru\/wp-json\/wp\/v2\/media\/53966"}],"wp:attachment":[{"href":"https:\/\/ceasuri.md\/ru\/wp-json\/wp\/v2\/media?parent=53965"}],"wp:term":[{"taxonomy":"product_brand","embeddable":true,"href":"https:\/\/ceasuri.md\/ru\/wp-json\/wp\/v2\/product_brand?post=53965"},{"taxonomy":"product_cat","embeddable":true,"href":"https:\/\/ceasuri.md\/ru\/wp-json\/wp\/v2\/product_cat?post=53965"},{"taxonomy":"product_tag","embeddable":true,"href":"https:\/\/ceasuri.md\/ru\/wp-json\/wp\/v2\/product_tag?post=53965"}],"curies":[{"name":"wp","href":"https:\/\/api.w.org\/{rel}","templated":true}]}}