{"id":53960,"date":"2026-04-03T00:05:19","date_gmt":"2026-04-02T21:05:19","guid":{"rendered":"http:\/\/new.ceasuri.md\/shop\/uncategorized\/casio-g-shock-ga-2100-7aer\/"},"modified":"2026-04-20T01:34:10","modified_gmt":"2026-04-19T22:34:10","slug":"casio-g-shock-ga-2100-7aer","status":"publish","type":"product","link":"https:\/\/ceasuri.md\/ru\/shop\/branduri\/casio\/casio-g-shock-ga-2100-7aer\/","title":{"rendered":"\u0427\u0430\u0441\u044b CASIO G-SHOCK GA-2100-7AER"},"content":{"rendered":"<p>Ceasul func\u021bional cu carcas\u0103 rezistent\u0103 la \u0219ocuri va deveni un companion indispensabil pentru entuzia\u0219tii stilului de via\u021b\u0103 activ. Ceas cu structur\u0103 Carbon Core Guard. Carcasa din plastic rezistent la \u0219ocuri cu fibre de carbon este mai puternic\u0103 \u0219i mai u\u0219oar\u0103 \u00een acela\u0219i timp. Acela\u0219i material protejeaz\u0103 modulul interior de deteriorare \u0219i deformare \u00een timpul \u0219ocurilor. Cadranul este iluminat de un LED. Func\u021bia de hublou \u00eemperecheat lumineaz\u0103 nu numai cadranul analogic, ci \u0219i afi\u0219ajul digital. Afterglow. Culoarea luminii de fundal: alb. Stratul nereflectorizant de acumulare a luminii asigur\u0103 o str\u0103lucire ulterioar\u0103 de lung\u0103 durat\u0103 \u00een \u00eentuneric, chiar \u0219i dup\u0103 o scurt\u0103 expunere la lumin\u0103. Format de timp de 12 \u0219i 24 de ore. Cronometru cu dou\u0103 citiri de precizie: 1\/100s (\u00eenainte de 1h) \u0219i 1s (dup\u0103 1h) \u0219i timp de m\u0103surare de 24h. Cronograf SPLIT. Cronometru cu num\u0103r\u0103toare invers\u0103 de la 1s la 24h. Ora mondial\u0103 &#8211; 48 de ora\u0219e (31 de fusuri orare), timp universal coordonat (UTC). Func\u021bie de activare\/dezactivare a orei de var\u0103. Indicator retrograd pentru s\u0103pt\u0103m\u00e2n\u0103. Func\u021bii mute\/unmute \u0219i de mi\u0219care a m\u00e2inii pentru vizualizarea neobstruc\u021bionat\u0103 a informa\u021biilor de pe afi\u0219ajele digitale.  Curea din polimer cu cataram\u0103 clasic\u0103 \u0219i sistem de schimbare rapid\u0103.<\/p>","protected":false},"excerpt":{"rendered":"<p>Ceasul func\u021bional cu carcas\u0103 rezistent\u0103 la \u0219ocuri va deveni un companion indispensabil pentru entuzia\u0219tii stilului de via\u021b\u0103 activ. Ceas cu structur\u0103 Carbon Core Guard. Carcasa din plastic rezistent la \u0219ocuri cu fibre de carbon este mai puternic\u0103 \u0219i mai u\u0219oar\u0103 \u00een acela\u0219i timp. Acela\u0219i material protejeaz\u0103 modulul interior de deteriorare \u0219i deformare \u00een timpul \u0219ocurilor. [&hellip;]<\/p>\n","protected":false},"featured_media":53961,"comment_status":"closed","ping_status":"open","template":"","meta":{"_acf_changed":false},"product_brand":[],"product_cat":[27,20,25,419],"product_tag":[],"class_list":{"0":"post-53960","1":"product","2":"type-product","3":"status-publish","4":"has-post-thumbnail","6":"product_cat-casio","7":"product_cat-ceasuri-barbati","8":"product_cat-ceasuri-dama","9":"product_cat-g-shock","10":"pa_brand-casio","11":"pa_brand-g-shock","12":"pa_braslet-plastic","13":"pa_corpus-45x49mm","14":"pa_forma-octogonala","15":"pa_funcii-alarma","16":"pa_funcii-calendar","17":"pa_funcii-cronometru","18":"pa_funcii-iluminare","19":"pa_funcii-timp-mondial","20":"pa_funcii-ziua-saptamanii","21":"pa_garatia-24-luni","22":"pa_korpus-alb","23":"pa_kvarc-quartz","24":"pa_material-carbon","25":"pa_material-plastic","26":"pa_mehanizm-electronic","27":"pa_mehanizm-quartz","28":"pa_remeshok-alb","29":"pa_steklo-cristal-mineral","30":"pa_strana-japonia","31":"pa_voda-20-atm","33":"first","34":"instock","35":"purchasable","36":"product-type-simple"},"acf":[],"_links":{"self":[{"href":"https:\/\/ceasuri.md\/ru\/wp-json\/wp\/v2\/product\/53960","targetHints":{"allow":["GET"]}}],"collection":[{"href":"https:\/\/ceasuri.md\/ru\/wp-json\/wp\/v2\/product"}],"about":[{"href":"https:\/\/ceasuri.md\/ru\/wp-json\/wp\/v2\/types\/product"}],"replies":[{"embeddable":true,"href":"https:\/\/ceasuri.md\/ru\/wp-json\/wp\/v2\/comments?post=53960"}],"wp:featuredmedia":[{"embeddable":true,"href":"https:\/\/ceasuri.md\/ru\/wp-json\/wp\/v2\/media\/53961"}],"wp:attachment":[{"href":"https:\/\/ceasuri.md\/ru\/wp-json\/wp\/v2\/media?parent=53960"}],"wp:term":[{"taxonomy":"product_brand","embeddable":true,"href":"https:\/\/ceasuri.md\/ru\/wp-json\/wp\/v2\/product_brand?post=53960"},{"taxonomy":"product_cat","embeddable":true,"href":"https:\/\/ceasuri.md\/ru\/wp-json\/wp\/v2\/product_cat?post=53960"},{"taxonomy":"product_tag","embeddable":true,"href":"https:\/\/ceasuri.md\/ru\/wp-json\/wp\/v2\/product_tag?post=53960"}],"curies":[{"name":"wp","href":"https:\/\/api.w.org\/{rel}","templated":true}]}}