{"id":53955,"date":"2026-04-03T00:05:19","date_gmt":"2026-04-02T21:05:19","guid":{"rendered":"http:\/\/new.ceasuri.md\/shop\/uncategorized\/casio-g-shock-ga-2100-9a9er\/"},"modified":"2026-04-20T01:34:11","modified_gmt":"2026-04-19T22:34:11","slug":"casio-g-shock-ga-2100-9a9er","status":"publish","type":"product","link":"https:\/\/ceasuri.md\/ru\/shop\/branduri\/casio\/casio-g-shock-ga-2100-9a9er\/","title":{"rendered":"\u0427\u0430\u0441\u044b CASIO G-SHOCK GA-2100-9A9ER"},"content":{"rendered":"<p>Design minimalist, efect maxim. Modelul galben str\u0103lucitor din gama 2100, care subliniaz\u0103 caracteristica sa ram\u0103 octogonal\u0103.<br \/>\nBezelul \u0219i br\u0103\u021bara sunt fabricate din r\u0103\u0219in\u0103 biopolimeric\u0103 ecologic\u0103 de culoare galben str\u0103lucitor, iar cadranul este realizat \u00eentr-o gam\u0103 cromatic\u0103 monocromatic\u0103. Fiecare detaliu, de la indici la inser\u021bii pe cadran, este atent desenat \u0219i texturat, cre\u00e2nd un design integral \u0219i durabil.<\/p>\n<p>Carcasa din plastic rezistent\u0103 la \u0219ocuri cu fibre de carbon este mai durabil\u0103 \u0219i, \u00een acela\u0219i timp, mai u\u0219oar\u0103. Acela\u0219i material protejeaz\u0103 modulul intern de deterior\u0103ri \u0219i deform\u0103ri \u00een cazul loviturilor.<\/p>\n<p>Iluminare dubl\u0103: cadranul \u0219i afi\u0219ajele LCD sunt iluminate cu LED-uri, datorit\u0103 func\u021biei de \u00eent\u00e2rziere, dup\u0103 eliberarea butonului, iluminarea r\u0103m\u00e2ne aprins\u0103 \u00eenc\u0103 c\u00e2teva secunde.<\/p>\n<p>Format de timp de 12 \u0219i 24 de ore. Cronometru cu dou\u0103 precizii de afi\u0219are: 1\/100 s (p\u00e2n\u0103 la 1 or\u0103) \u0219i 1 s (dup\u0103 1 or\u0103) \u0219i timp de m\u0103surare de 24 de ore. Cronometru cu num\u0103r\u0103toare invers\u0103 de la 1 s la 24 de ore.<\/p>\n<p>Ora mondial\u0103 \u2013 48 de ora\u0219e (31 de fusuri orare), ora universal\u0103 coordonat\u0103 (UTC). Func\u021bie de activare\/dezactivare a orei de var\u0103.<\/p>\n<p>Indicator retrograd pentru s\u0103pt\u0103m\u00e2n\u0103.<\/p>\n<p>Func\u021bii de activare\/dezactivare a sunetului \u0219i de deplasare a acelor pentru vizualizarea f\u0103r\u0103 obstacole a informa\u021biilor pe afi\u0219ajele digitale.<\/p>\n<p>Curea din material polimeric cu cataram\u0103 clasic\u0103 \u0219i sistem de \u00eenlocuire rapid\u0103.<\/p>","protected":false},"excerpt":{"rendered":"<p>Design minimalist, efect maxim. Modelul galben str\u0103lucitor din gama 2100, care subliniaz\u0103 caracteristica sa ram\u0103 octogonal\u0103. Bezelul \u0219i br\u0103\u021bara sunt fabricate din r\u0103\u0219in\u0103 biopolimeric\u0103 ecologic\u0103 de culoare galben str\u0103lucitor, iar cadranul este realizat \u00eentr-o gam\u0103 cromatic\u0103 monocromatic\u0103. Fiecare detaliu, de la indici la inser\u021bii pe cadran, este atent desenat \u0219i texturat, cre\u00e2nd un design integral [&hellip;]<\/p>\n","protected":false},"featured_media":53956,"comment_status":"closed","ping_status":"open","template":"","meta":{"_acf_changed":false},"product_brand":[],"product_cat":[27,20,25,419],"product_tag":[],"class_list":{"0":"post-53955","1":"product","2":"type-product","3":"status-publish","4":"has-post-thumbnail","6":"product_cat-casio","7":"product_cat-ceasuri-barbati","8":"product_cat-ceasuri-dama","9":"product_cat-g-shock","10":"pa_brand-casio","11":"pa_brand-g-shock","12":"pa_braslet-plastic","13":"pa_corpus-45x49mm","14":"pa_forma-octogonala","15":"pa_funcii-alarma","16":"pa_funcii-calendar","17":"pa_funcii-cronometru","18":"pa_funcii-iluminare","19":"pa_funcii-timp-mondial","20":"pa_funcii-ziua-saptamanii","21":"pa_garatia-24-luni","22":"pa_korpus-galben","23":"pa_kvarc-quartz","24":"pa_material-carbon","25":"pa_material-plastic","26":"pa_mehanizm-electronic","27":"pa_mehanizm-quartz","28":"pa_remeshok-galben","29":"pa_steklo-cristal-mineral","30":"pa_strana-japonia","31":"pa_voda-20-atm","33":"first","34":"instock","35":"purchasable","36":"product-type-simple"},"acf":[],"_links":{"self":[{"href":"https:\/\/ceasuri.md\/ru\/wp-json\/wp\/v2\/product\/53955","targetHints":{"allow":["GET"]}}],"collection":[{"href":"https:\/\/ceasuri.md\/ru\/wp-json\/wp\/v2\/product"}],"about":[{"href":"https:\/\/ceasuri.md\/ru\/wp-json\/wp\/v2\/types\/product"}],"replies":[{"embeddable":true,"href":"https:\/\/ceasuri.md\/ru\/wp-json\/wp\/v2\/comments?post=53955"}],"wp:featuredmedia":[{"embeddable":true,"href":"https:\/\/ceasuri.md\/ru\/wp-json\/wp\/v2\/media\/53956"}],"wp:attachment":[{"href":"https:\/\/ceasuri.md\/ru\/wp-json\/wp\/v2\/media?parent=53955"}],"wp:term":[{"taxonomy":"product_brand","embeddable":true,"href":"https:\/\/ceasuri.md\/ru\/wp-json\/wp\/v2\/product_brand?post=53955"},{"taxonomy":"product_cat","embeddable":true,"href":"https:\/\/ceasuri.md\/ru\/wp-json\/wp\/v2\/product_cat?post=53955"},{"taxonomy":"product_tag","embeddable":true,"href":"https:\/\/ceasuri.md\/ru\/wp-json\/wp\/v2\/product_tag?post=53955"}],"curies":[{"name":"wp","href":"https:\/\/api.w.org\/{rel}","templated":true}]}}