{"id":53945,"date":"2026-04-03T00:05:19","date_gmt":"2026-04-02T21:05:19","guid":{"rendered":"http:\/\/new.ceasuri.md\/shop\/uncategorized\/casio-g-shock-gm-5600u-1er\/"},"modified":"2026-04-07T04:46:47","modified_gmt":"2026-04-07T01:46:47","slug":"casio-g-shock-gm-5600u-1er","status":"publish","type":"product","link":"https:\/\/ceasuri.md\/ru\/shop\/branduri\/casio\/casio-g-shock-gm-5600u-1er\/","title":{"rendered":"Ceas CASIO G-SHOCK GM-5600U-1ER"},"content":{"rendered":"<p>De la G-SHOCK, ceasurile care evolueaz\u0103 mereu \u00een c\u0103utarea rezisten\u021bei, acest model utilizeaz\u0103 materialele metalice ale seriei 5600 cu design p\u0103trat.<\/p>\n<p>Utilizarea unui material din r\u0103\u0219in\u0103 \u00een interiorul carcasei \u0219i a unui material dur din o\u021bel inoxidabil pentru capacul lunetei creeaz\u0103 o senza\u021bie de \u00eenalt\u0103 calitate, men\u021bin\u00e2nd \u00een acela\u0219i timp o potrivire u\u0219oar\u0103 \u0219i confortabil\u0103. Utilizarea unui LCD inversat realizeaz\u0103, de asemenea, un finisaj mai \u0219ic.<\/p>\n<p>\u00cen timp ce p\u0103streaz\u0103 conceptele mo\u0219tenite de la prima genera\u021bie, seria 5600 a fost rafinat\u0103 pentru a urm\u0103ri calitatea ceasului \u0219i a evolua exteriorul \u0219i purtabilitatea.<\/p>","protected":false},"excerpt":{"rendered":"<p>De la G-SHOCK, ceasurile care evolueaz\u0103 mereu \u00een c\u0103utarea rezisten\u021bei, acest model utilizeaz\u0103 materialele metalice ale seriei 5600 cu design p\u0103trat. Utilizarea unui material din r\u0103\u0219in\u0103 \u00een interiorul carcasei \u0219i a unui material dur din o\u021bel inoxidabil pentru capacul lunetei creeaz\u0103 o senza\u021bie de \u00eenalt\u0103 calitate, men\u021bin\u00e2nd \u00een acela\u0219i timp o potrivire u\u0219oar\u0103 \u0219i confortabil\u0103. [&hellip;]<\/p>\n","protected":false},"featured_media":53946,"comment_status":"closed","ping_status":"open","template":"","meta":{"_acf_changed":false},"product_brand":[],"product_cat":[27,20,419],"product_tag":[],"class_list":{"0":"post-53945","1":"product","2":"type-product","3":"status-publish","4":"has-post-thumbnail","6":"product_cat-casio","7":"product_cat-ceasuri-barbati","8":"product_cat-g-shock","9":"pa_brand-casio","10":"pa_brand-g-shock","11":"pa_braslet-plastic","12":"pa_corpus-43x49mm","13":"pa_forma-octogonala","14":"pa_funcii-alarma","15":"pa_funcii-calendar","16":"pa_funcii-cronometru","17":"pa_funcii-iluminare","18":"pa_garatia-24-luni","19":"pa_korpus-argintiu","20":"pa_material-otel-inoxidabil","21":"pa_material-plastic","22":"pa_mehanizm-electronic","23":"pa_remeshok-negru","24":"pa_steklo-cristal-mineral","25":"pa_strana-japonia","26":"pa_voda-20-atm","28":"first","29":"instock","30":"purchasable","31":"product-type-simple"},"acf":[],"_links":{"self":[{"href":"https:\/\/ceasuri.md\/ru\/wp-json\/wp\/v2\/product\/53945","targetHints":{"allow":["GET"]}}],"collection":[{"href":"https:\/\/ceasuri.md\/ru\/wp-json\/wp\/v2\/product"}],"about":[{"href":"https:\/\/ceasuri.md\/ru\/wp-json\/wp\/v2\/types\/product"}],"replies":[{"embeddable":true,"href":"https:\/\/ceasuri.md\/ru\/wp-json\/wp\/v2\/comments?post=53945"}],"wp:featuredmedia":[{"embeddable":true,"href":"https:\/\/ceasuri.md\/ru\/wp-json\/wp\/v2\/media\/53946"}],"wp:attachment":[{"href":"https:\/\/ceasuri.md\/ru\/wp-json\/wp\/v2\/media?parent=53945"}],"wp:term":[{"taxonomy":"product_brand","embeddable":true,"href":"https:\/\/ceasuri.md\/ru\/wp-json\/wp\/v2\/product_brand?post=53945"},{"taxonomy":"product_cat","embeddable":true,"href":"https:\/\/ceasuri.md\/ru\/wp-json\/wp\/v2\/product_cat?post=53945"},{"taxonomy":"product_tag","embeddable":true,"href":"https:\/\/ceasuri.md\/ru\/wp-json\/wp\/v2\/product_tag?post=53945"}],"curies":[{"name":"wp","href":"https:\/\/api.w.org\/{rel}","templated":true}]}}