{"id":53937,"date":"2026-04-03T00:05:19","date_gmt":"2026-04-02T21:05:19","guid":{"rendered":"http:\/\/new.ceasuri.md\/shop\/uncategorized\/casio-g-shock-dw-5600ubb-1er\/"},"modified":"2026-04-07T04:46:45","modified_gmt":"2026-04-07T01:46:45","slug":"casio-g-shock-dw-5600ubb-1er","status":"publish","type":"product","link":"https:\/\/ceasuri.md\/ru\/shop\/branduri\/casio\/casio-g-shock-dw-5600ubb-1er\/","title":{"rendered":"Ceas CASIO G-SHOCK DW-5600UBB-1ER"},"content":{"rendered":"<p>Acesta este un model G-Shock cu tematic\u0103  \u201eSolid Colors\u201d \u00een negru. Acest ceas este \u00een \u00eentregime negru, iar textura sa simpl\u0103 este subliniat\u0103 de culoarea monocrom\u0103. Culoarea mat\u0103 de pe corpul \u0219i banda ceasului nu numai c\u0103 permite o schem\u0103 de culori simpl\u0103, dar subliniaz\u0103 \u0219i forma ceasului \u00een sine. Cu designul s\u0103u solid distinctiv, acest model poate fi purtat ca o declara\u021bie de mod\u0103.<\/p>","protected":false},"excerpt":{"rendered":"<p>Acesta este un model G-Shock cu tematic\u0103 \u201eSolid Colors\u201d \u00een negru. Acest ceas este \u00een \u00eentregime negru, iar textura sa simpl\u0103 este subliniat\u0103 de culoarea monocrom\u0103. Culoarea mat\u0103 de pe corpul \u0219i banda ceasului nu numai c\u0103 permite o schem\u0103 de culori simpl\u0103, dar subliniaz\u0103 \u0219i forma ceasului \u00een sine. Cu designul s\u0103u solid distinctiv, [&hellip;]<\/p>\n","protected":false},"featured_media":53938,"comment_status":"closed","ping_status":"open","template":"","meta":{"_acf_changed":false},"product_brand":[],"product_cat":[27,20,25,419],"product_tag":[],"class_list":{"0":"post-53937","1":"product","2":"type-product","3":"status-publish","4":"has-post-thumbnail","6":"product_cat-casio","7":"product_cat-ceasuri-barbati","8":"product_cat-ceasuri-dama","9":"product_cat-g-shock","10":"pa_brand-casio","11":"pa_brand-g-shock","12":"pa_braslet-plastic","13":"pa_corpus-43x49mm","14":"pa_forma-octogonala","15":"pa_funcii-alarma","16":"pa_funcii-calendar","17":"pa_funcii-cronometru","18":"pa_funcii-iluminare","19":"pa_funcii-total-black","20":"pa_garatia-24-luni","21":"pa_korpus-negru","22":"pa_material-plastic","23":"pa_mehanizm-electronic","24":"pa_remeshok-negru","25":"pa_steklo-cristal-mineral","26":"pa_strana-japonia","27":"pa_voda-20-atm","29":"first","30":"instock","31":"purchasable","32":"product-type-simple"},"acf":[],"_links":{"self":[{"href":"https:\/\/ceasuri.md\/ru\/wp-json\/wp\/v2\/product\/53937","targetHints":{"allow":["GET"]}}],"collection":[{"href":"https:\/\/ceasuri.md\/ru\/wp-json\/wp\/v2\/product"}],"about":[{"href":"https:\/\/ceasuri.md\/ru\/wp-json\/wp\/v2\/types\/product"}],"replies":[{"embeddable":true,"href":"https:\/\/ceasuri.md\/ru\/wp-json\/wp\/v2\/comments?post=53937"}],"wp:featuredmedia":[{"embeddable":true,"href":"https:\/\/ceasuri.md\/ru\/wp-json\/wp\/v2\/media\/53938"}],"wp:attachment":[{"href":"https:\/\/ceasuri.md\/ru\/wp-json\/wp\/v2\/media?parent=53937"}],"wp:term":[{"taxonomy":"product_brand","embeddable":true,"href":"https:\/\/ceasuri.md\/ru\/wp-json\/wp\/v2\/product_brand?post=53937"},{"taxonomy":"product_cat","embeddable":true,"href":"https:\/\/ceasuri.md\/ru\/wp-json\/wp\/v2\/product_cat?post=53937"},{"taxonomy":"product_tag","embeddable":true,"href":"https:\/\/ceasuri.md\/ru\/wp-json\/wp\/v2\/product_tag?post=53937"}],"curies":[{"name":"wp","href":"https:\/\/api.w.org\/{rel}","templated":true}]}}