{"id":53933,"date":"2026-04-03T00:05:19","date_gmt":"2026-04-02T21:05:19","guid":{"rendered":"http:\/\/new.ceasuri.md\/shop\/uncategorized\/casio-edifice-ecb-900mp-1aef\/"},"modified":"2026-04-15T20:44:46","modified_gmt":"2026-04-15T17:44:46","slug":"casio-edifice-ecb-900mp-1aef","status":"publish","type":"product","link":"https:\/\/ceasuri.md\/ru\/shop\/branduri\/casio\/casio-edifice-ecb-900mp-1aef\/","title":{"rendered":"Ceas CASIO EDIFICE ECB-900MP-1AEF"},"content":{"rendered":"<p>\u021aine\u021bi-v\u0103 locul, cu adev\u0103rata form\u0103, func\u021bionalitate \u0219i sofisticare a sporturilor cu motor \u00eentr-un ceas de curse multicolor EDIFICE.<br \/>\nCadranul \u00eendr\u0103zne\u021b este accentuat cu atingeri colorate inspirate de aspectul volanului ma\u0219inilor de curse. M\u00e2na a doua \u0219i alte componente codificate \u00een culori asigur\u0103 vizibilitatea remarcabil\u0103 de care echipele de curse au nevoie pentru a lua decizii \u00een frac\u021biuni de secund\u0103 \u0219i a ac\u021biona rapid. Banda moale din uretan ofer\u0103 o potrivire extrem de confortabil\u0103, l\u0103s\u00e2ndu-v\u0103 liber s\u0103 v\u0103 concentra\u021bi pe lucruri mai interesante.<br \/>\nSincronizeaz\u0103-te cu smartphone-ul t\u0103u prin Bluetooth\u00ae pentru o cronometrare precis\u0103, oriunde ai merge. Pur \u0219i simplu ap\u0103sa\u021bi pe aplica\u021bie pentru a gestiona f\u0103r\u0103 efort func\u021bii precum selectarea unui ora\u0219 din lista World Time. Cadranul mare \u00eencastrat din pozi\u021bia orei 4 se m\u00e2ndre\u0219te cu un indicator de vitez\u0103 care afi\u0219eaz\u0103 vitezele medii atunci c\u00e2nd cronometra\u021bi ture pe distan\u021be stabilite. Lumina LED complet automat\u0103 ilumineaz\u0103 cadranul \u0219i ecranul LCD cu doar o \u00eenclinare a \u00eencheieturii m\u00e2inii. Tough Solar \u00eencarc\u0103 ceasul de la lumina soarelui sau chiar de la lumina unei l\u0103mpi fluorescente.<\/p>","protected":false},"excerpt":{"rendered":"<p>\u021aine\u021bi-v\u0103 locul, cu adev\u0103rata form\u0103, func\u021bionalitate \u0219i sofisticare a sporturilor cu motor \u00eentr-un ceas de curse multicolor EDIFICE. Cadranul \u00eendr\u0103zne\u021b este accentuat cu atingeri colorate inspirate de aspectul volanului ma\u0219inilor de curse. M\u00e2na a doua \u0219i alte componente codificate \u00een culori asigur\u0103 vizibilitatea remarcabil\u0103 de care echipele de curse au nevoie pentru a lua decizii [&hellip;]<\/p>\n","protected":false},"featured_media":53934,"comment_status":"closed","ping_status":"open","template":"","meta":{"_acf_changed":false},"product_brand":[],"product_cat":[27,20,536],"product_tag":[],"class_list":{"0":"post-53933","1":"product","2":"type-product","3":"status-publish","4":"has-post-thumbnail","6":"product_cat-casio","7":"product_cat-ceasuri-barbati","8":"product_cat-edifice","9":"pa_brand-casio","10":"pa_brand-edifice","11":"pa_braslet-plastic","12":"pa_corpus-48-mm","13":"pa_forma-rotund","14":"pa_funcii-alarma","15":"pa_funcii-bluetooth-smart","16":"pa_funcii-calendar","17":"pa_funcii-cronometru","18":"pa_funcii-iluminare","19":"pa_funcii-rezerva-de-energie","20":"pa_funcii-tahimetru","21":"pa_funcii-timp-mondial","22":"pa_garatia-24-luni","23":"pa_korpus-argintiu","24":"pa_kvarc-quartz","25":"pa_material-otel-inoxidabil","26":"pa_mehanizm-baterie-solara","27":"pa_mehanizm-electronic","28":"pa_mehanizm-quartz","29":"pa_remeshok-negru","30":"pa_steklo-cristal-mineral","31":"pa_strana-japonia","32":"pa_voda-10-atm","34":"first","35":"instock","36":"purchasable","37":"product-type-simple"},"acf":[],"_links":{"self":[{"href":"https:\/\/ceasuri.md\/ru\/wp-json\/wp\/v2\/product\/53933","targetHints":{"allow":["GET"]}}],"collection":[{"href":"https:\/\/ceasuri.md\/ru\/wp-json\/wp\/v2\/product"}],"about":[{"href":"https:\/\/ceasuri.md\/ru\/wp-json\/wp\/v2\/types\/product"}],"replies":[{"embeddable":true,"href":"https:\/\/ceasuri.md\/ru\/wp-json\/wp\/v2\/comments?post=53933"}],"wp:featuredmedia":[{"embeddable":true,"href":"https:\/\/ceasuri.md\/ru\/wp-json\/wp\/v2\/media\/53934"}],"wp:attachment":[{"href":"https:\/\/ceasuri.md\/ru\/wp-json\/wp\/v2\/media?parent=53933"}],"wp:term":[{"taxonomy":"product_brand","embeddable":true,"href":"https:\/\/ceasuri.md\/ru\/wp-json\/wp\/v2\/product_brand?post=53933"},{"taxonomy":"product_cat","embeddable":true,"href":"https:\/\/ceasuri.md\/ru\/wp-json\/wp\/v2\/product_cat?post=53933"},{"taxonomy":"product_tag","embeddable":true,"href":"https:\/\/ceasuri.md\/ru\/wp-json\/wp\/v2\/product_tag?post=53933"}],"curies":[{"name":"wp","href":"https:\/\/api.w.org\/{rel}","templated":true}]}}