{"id":53912,"date":"2026-04-03T00:04:28","date_gmt":"2026-04-02T21:04:28","guid":{"rendered":"http:\/\/new.ceasuri.md\/shop\/uncategorized\/casio-g-shock-ga-2300-7aer\/"},"modified":"2026-04-17T14:48:20","modified_gmt":"2026-04-17T11:48:20","slug":"casio-g-shock-ga-2300-7aer","status":"publish","type":"product","link":"https:\/\/ceasuri.md\/ru\/shop\/branduri\/casio\/casio-g-shock-ga-2300-7aer\/","title":{"rendered":"Ceas CASIO G-SHOCK GA-2300-7AER"},"content":{"rendered":"<p>Noul ceas rezistent la \u0219ocuri G-Shock este fiabilitatea care nu v\u0103 dezam\u0103ge\u0219te niciodat\u0103 \u00eentr-un moment de nevoie. Carcasa rezistent\u0103 la \u0219ocuri protejeaz\u0103 mi\u0219carea de \u0219ocuri \u0219i vibra\u021bii. Iluminare dubl\u0103: cadranul \u0219i afi\u0219ajele LCD sunt iluminate de LED-uri, datorit\u0103 func\u021biei de \u00eent\u00e2rziere, dup\u0103 eliberarea butonului, iluminarea r\u0103m\u00e2ne aprins\u0103 timp de c\u00e2teva secunde. Iluminare ulterioar\u0103 personalizabil\u0103 de 1,5 sau 3sec. Culoarea ilumin\u0103rii: alb.  Format de timp de 12 \u0219i 24 de ore. Cronometru cu dou\u0103 citiri de precizie: 1\/100s (\u00eenainte de 1h) \u0219i 1s (dup\u0103 1h) \u0219i timp de m\u0103surare de 24h. Cronograf SPLIT. Cronometru cu num\u0103r\u0103toare invers\u0103 de la 1s la 24h. Ora mondial\u0103 &#8211; 48 de ora\u0219e (31 de fusuri orare), timp universal coordonat (UTC). Func\u021bie de activare\/dezactivare a orei de var\u0103. Indicator retrograd pentru s\u0103pt\u0103m\u00e2n\u0103. Func\u021bii Mute\/unmute \u0219i de mi\u0219care a m\u00e2inii pentru vizionarea neobstruc\u021bionat\u0103 a informa\u021biilor de pe afi\u0219ajele digitale. Spatele carcasei din o\u021bel este fixat cu 4 \u0219uruburi. Curea din polimer cu cataram\u0103 clasic\u0103.<\/p>","protected":false},"excerpt":{"rendered":"<p>Noul ceas rezistent la \u0219ocuri G-Shock este fiabilitatea care nu v\u0103 dezam\u0103ge\u0219te niciodat\u0103 \u00eentr-un moment de nevoie. Carcasa rezistent\u0103 la \u0219ocuri protejeaz\u0103 mi\u0219carea de \u0219ocuri \u0219i vibra\u021bii. Iluminare dubl\u0103: cadranul \u0219i afi\u0219ajele LCD sunt iluminate de LED-uri, datorit\u0103 func\u021biei de \u00eent\u00e2rziere, dup\u0103 eliberarea butonului, iluminarea r\u0103m\u00e2ne aprins\u0103 timp de c\u00e2teva secunde. Iluminare ulterioar\u0103 personalizabil\u0103 de [&hellip;]<\/p>\n","protected":false},"featured_media":53913,"comment_status":"closed","ping_status":"open","template":"","meta":{"_acf_changed":false},"product_brand":[],"product_cat":[27,20,25,419],"product_tag":[],"class_list":{"0":"post-53912","1":"product","2":"type-product","3":"status-publish","4":"has-post-thumbnail","6":"product_cat-casio","7":"product_cat-ceasuri-barbati","8":"product_cat-ceasuri-dama","9":"product_cat-g-shock","10":"pa_brand-casio","11":"pa_brand-g-shock","12":"pa_braslet-plastic","13":"pa_corpus-42-mm","14":"pa_forma-atipica","15":"pa_funcii-alarma","16":"pa_funcii-calendar","17":"pa_funcii-cronometru","18":"pa_funcii-iluminare","19":"pa_funcii-timp-mondial","20":"pa_funcii-ziua-saptamanii","21":"pa_garatia-24-luni","22":"pa_korpus-alb","23":"pa_kvarc-quartz","24":"pa_material-plastic","25":"pa_mehanizm-electronic","26":"pa_mehanizm-quartz","27":"pa_remeshok-alb","28":"pa_steklo-cristal-mineral","29":"pa_strana-japonia","30":"pa_voda-20-atm","32":"first","33":"instock","34":"purchasable","35":"product-type-simple"},"acf":[],"_links":{"self":[{"href":"https:\/\/ceasuri.md\/ru\/wp-json\/wp\/v2\/product\/53912","targetHints":{"allow":["GET"]}}],"collection":[{"href":"https:\/\/ceasuri.md\/ru\/wp-json\/wp\/v2\/product"}],"about":[{"href":"https:\/\/ceasuri.md\/ru\/wp-json\/wp\/v2\/types\/product"}],"replies":[{"embeddable":true,"href":"https:\/\/ceasuri.md\/ru\/wp-json\/wp\/v2\/comments?post=53912"}],"wp:featuredmedia":[{"embeddable":true,"href":"https:\/\/ceasuri.md\/ru\/wp-json\/wp\/v2\/media\/53913"}],"wp:attachment":[{"href":"https:\/\/ceasuri.md\/ru\/wp-json\/wp\/v2\/media?parent=53912"}],"wp:term":[{"taxonomy":"product_brand","embeddable":true,"href":"https:\/\/ceasuri.md\/ru\/wp-json\/wp\/v2\/product_brand?post=53912"},{"taxonomy":"product_cat","embeddable":true,"href":"https:\/\/ceasuri.md\/ru\/wp-json\/wp\/v2\/product_cat?post=53912"},{"taxonomy":"product_tag","embeddable":true,"href":"https:\/\/ceasuri.md\/ru\/wp-json\/wp\/v2\/product_tag?post=53912"}],"curies":[{"name":"wp","href":"https:\/\/api.w.org\/{rel}","templated":true}]}}