{"id":53907,"date":"2026-04-03T00:04:28","date_gmt":"2026-04-02T21:04:28","guid":{"rendered":"http:\/\/new.ceasuri.md\/shop\/uncategorized\/casio-g-shock-ga-b2100-2aer\/"},"modified":"2026-04-07T04:46:41","modified_gmt":"2026-04-07T01:46:41","slug":"casio-g-shock-ga-b2100-2aer","status":"publish","type":"product","link":"https:\/\/ceasuri.md\/ru\/shop\/branduri\/casio\/casio-g-shock-ga-b2100-2aer\/","title":{"rendered":"Ceas CASIO G-SHOCK GA-B2100-2AER"},"content":{"rendered":"<p>Legendarele ceasuri Casio au devenit \u0219i mai func\u021bionale \u0219i acum v\u0103 vor oferi o mul\u021bime de emo\u021bii pozitive. Alimentat de Tough Solar &#8211; baterii solare de mare putere. Indicator de \u00eenc\u0103rcare a bateriei. Func\u021bie automat\u0103 de economisire a energiei. Durata de via\u021b\u0103 a bateriei f\u0103r\u0103 re\u00eenc\u0103rcare &#8211; 7 luni, cu func\u021bia de economisire a energiei activat\u0103 &#8211; 18 luni. Structur\u0103 Carbon Core Guard. Corpul din plastic rezistent la \u0219ocuri cu fibre de carbon este mai durabil \u0219i \u00een acela\u0219i timp mai u\u0219or. Acela\u0219i material protejeaz\u0103 modulul intern de deteriorare \u0219i deformare \u00een timpul \u0219ocurilor. Iluminare dubl\u0103: cadranul \u0219i LCD-urile sunt iluminate de un LED, datorit\u0103 func\u021biei de \u00eent\u00e2rziere, iluminarea r\u0103m\u00e2ne aprins\u0103 pentru \u00eenc\u0103 c\u00e2teva secunde dup\u0103 ce butonul este eliberat. Iluminare ulterioar\u0103 personalizabil\u0103 de 1,5 sau 3sec. Culoarea ilumin\u0103rii: alb.  Ora mondial\u0103 &#8211; 38 de ora\u0219e (38 de fusuri orare), timp universal coordonat (UTC). Tehnologie f\u0103r\u0103 fir Bluetooth\u00ae cu consum de energie ultra-redus pentru sincronizarea cu un smartphone. Atunci c\u00e2nd este conectat la un smartphone, ceasul ajusteaz\u0103 automat ora curent\u0103, inclusiv ora de iarn\u0103\/var\u0103, \u0219i copiaz\u0103 set\u0103rile orei mondiale pentru mai mult de 300 de ora\u0219e. Func\u021bii de c\u0103utare a telefonului, mute\/unmute \u0219i mi\u0219care a m\u00e2inii pentru o vizualizare neobstruc\u021bionat\u0103 pe afi\u0219ajele digitale. Afi\u0219area zilei s\u0103pt\u0103m\u00e2nii \u00een \u0219ase limbi. Curea din polimer cu cataram\u0103 clasic\u0103 \u0219i sistem de schimbare rapid\u0103.<\/p>","protected":false},"excerpt":{"rendered":"<p>Legendarele ceasuri Casio au devenit \u0219i mai func\u021bionale \u0219i acum v\u0103 vor oferi o mul\u021bime de emo\u021bii pozitive. Alimentat de Tough Solar &#8211; baterii solare de mare putere. Indicator de \u00eenc\u0103rcare a bateriei. Func\u021bie automat\u0103 de economisire a energiei. Durata de via\u021b\u0103 a bateriei f\u0103r\u0103 re\u00eenc\u0103rcare &#8211; 7 luni, cu func\u021bia de economisire a energiei [&hellip;]<\/p>\n","protected":false},"featured_media":53908,"comment_status":"closed","ping_status":"open","template":"","meta":{"_acf_changed":false},"product_brand":[],"product_cat":[27,20,25,419],"product_tag":[],"class_list":{"0":"post-53907","1":"product","2":"type-product","3":"status-publish","4":"has-post-thumbnail","6":"product_cat-casio","7":"product_cat-ceasuri-barbati","8":"product_cat-ceasuri-dama","9":"product_cat-g-shock","10":"pa_brand-casio","11":"pa_brand-g-shock","12":"pa_braslet-cauciuc","13":"pa_corpus-45x49mm","14":"pa_forma-octogonala","15":"pa_funcii-alarma","16":"pa_funcii-bluetooth-smart","17":"pa_funcii-calendar","18":"pa_funcii-cronometru","19":"pa_funcii-iluminare","20":"pa_funcii-rezerva-de-energie","21":"pa_funcii-timp-mondial","22":"pa_funcii-ziua-saptamanii","23":"pa_garatia-24-luni","24":"pa_korpus-albastru-inchis","25":"pa_material-carbon","26":"pa_material-cauciuc","27":"pa_mehanizm-baterie-solara","28":"pa_mehanizm-electronic","29":"pa_mehanizm-quartz","30":"pa_remeshok-albastru-inchis","31":"pa_steklo-cristal-mineral","32":"pa_strana-japonia","33":"pa_voda-20-atm","35":"first","36":"instock","37":"purchasable","38":"product-type-simple"},"acf":[],"_links":{"self":[{"href":"https:\/\/ceasuri.md\/ru\/wp-json\/wp\/v2\/product\/53907","targetHints":{"allow":["GET"]}}],"collection":[{"href":"https:\/\/ceasuri.md\/ru\/wp-json\/wp\/v2\/product"}],"about":[{"href":"https:\/\/ceasuri.md\/ru\/wp-json\/wp\/v2\/types\/product"}],"replies":[{"embeddable":true,"href":"https:\/\/ceasuri.md\/ru\/wp-json\/wp\/v2\/comments?post=53907"}],"wp:featuredmedia":[{"embeddable":true,"href":"https:\/\/ceasuri.md\/ru\/wp-json\/wp\/v2\/media\/53908"}],"wp:attachment":[{"href":"https:\/\/ceasuri.md\/ru\/wp-json\/wp\/v2\/media?parent=53907"}],"wp:term":[{"taxonomy":"product_brand","embeddable":true,"href":"https:\/\/ceasuri.md\/ru\/wp-json\/wp\/v2\/product_brand?post=53907"},{"taxonomy":"product_cat","embeddable":true,"href":"https:\/\/ceasuri.md\/ru\/wp-json\/wp\/v2\/product_cat?post=53907"},{"taxonomy":"product_tag","embeddable":true,"href":"https:\/\/ceasuri.md\/ru\/wp-json\/wp\/v2\/product_tag?post=53907"}],"curies":[{"name":"wp","href":"https:\/\/api.w.org\/{rel}","templated":true}]}}