{"id":53901,"date":"2026-04-03T00:04:28","date_gmt":"2026-04-02T21:04:28","guid":{"rendered":"http:\/\/new.ceasuri.md\/shop\/uncategorized\/casio-g-shock-gw-9500-1a4er\/"},"modified":"2026-04-20T01:34:07","modified_gmt":"2026-04-19T22:34:07","slug":"casio-g-shock-gw-9500-1a4er","status":"publish","type":"product","link":"https:\/\/ceasuri.md\/ru\/shop\/branduri\/casio\/casio-g-shock-gw-9500-1a4er\/","title":{"rendered":"\u0427\u0430\u0441\u044b CASIO G-SHOCK GW-9500-1A4ER"},"content":{"rendered":"<p>Linia de ceasuri G-SHOCK Master of G, dezvoltat\u0103 pentru profesioni\u0219tii care lucreaz\u0103 \u00een cele mai dure medii, introduce modelul MUDMAN cu senzor triplu \u0219i construc\u021bie rezistent\u0103 la noroi. Butonul frontal mare \u0219i u\u0219or de utilizat \u0219i cele trei butoane cu senzor direct de pe lateral au o form\u0103 care dreneaz\u0103 noroiul \u0219i apa \u0219i sunt protejate de componente din o\u021bel inoxidabil \u00een form\u0103 de cilindru. Arborele butoanelor este echipat cu garnituri de etan\u0219are pentru a \u021bine noroiul \u0219i praful la distan\u021b\u0103, de asemenea, astfel \u00eenc\u00e2t s\u0103 fi\u021bi gata s\u0103 \u00eenfrunta\u021bi cele mai dificile terenuri.<br \/>\nDesignul \u00eendr\u0103zne\u021b este prev\u0103zut cu un ecran LCD cu dou\u0103 straturi, precum \u0219i cu senzorul triplu pentru a furniza citiri de altitudine, direc\u021bie, temperatur\u0103 \u0219i presiune barometric\u0103 direct la \u00eencheietura m\u00e2inii. Modulul sub\u021bire \u0219i structura Carbon Core Guard \u00eenseamn\u0103 c\u0103 toate aceste caracteristici tr\u0103iesc \u00eentr-un ceas mai sub\u021bire \u0219i mai compact, pentru un suport dur \u0219i robust cu o potrivire confortabil\u0103.<br \/>\nSub\u021bire, dar puternic, acest design MUDMAN \u00eempacheteaz\u0103 func\u021bionalitatea complet\u0103 \u00eentr-un exterior izbitor construit cu o combina\u021bie complex\u0103 de componente. Busola digital\u0103 este mai practic\u0103 ca niciodat\u0103 datorit\u0103 ecranului LCD cu dou\u0103 straturi, care afi\u0219eaz\u0103 grafica busolei pe stratul superior \u0219i ora \u0219i alte citiri pe stratul inferior. Compasele GW-9500-3 \u0219i GW-9500-1A4 dispun de un LCD negativ cu dou\u0103 straturi. Duc\u00e2nd utilitatea la un nivel cu totul nou, energia solar\u0103 controlat\u0103 prin radio ofer\u0103 o cronometrare de precizie alimentat\u0103 de lumin\u0103, \u00een timp ce Super Illuminator asigur\u0103 vizibilitatea, chiar \u0219i \u00een locuri \u00eentunecate.<br \/>\nCarcasa, luneta \u0219i banda din uretan sunt realizate cu r\u0103\u0219ini bio derivate din resurse organice regenerabile. Partea din spate a carcasei este gravat\u0103 cu personajul iconic al c\u00e2rti\u021bei MUDMAN care \u021bine o busol\u0103.<\/p>","protected":false},"excerpt":{"rendered":"<p>Linia de ceasuri G-SHOCK Master of G, dezvoltat\u0103 pentru profesioni\u0219tii care lucreaz\u0103 \u00een cele mai dure medii, introduce modelul MUDMAN cu senzor triplu \u0219i construc\u021bie rezistent\u0103 la noroi. Butonul frontal mare \u0219i u\u0219or de utilizat \u0219i cele trei butoane cu senzor direct de pe lateral au o form\u0103 care dreneaz\u0103 noroiul \u0219i apa \u0219i sunt [&hellip;]<\/p>\n","protected":false},"featured_media":53902,"comment_status":"closed","ping_status":"open","template":"","meta":{"_acf_changed":false},"product_brand":[],"product_cat":[27,20,419],"product_tag":[],"class_list":{"0":"post-53901","1":"product","2":"type-product","3":"status-publish","4":"has-post-thumbnail","6":"product_cat-casio","7":"product_cat-ceasuri-barbati","8":"product_cat-g-shock","9":"pa_brand-casio","10":"pa_brand-g-shock","11":"pa_braslet-plastic","12":"pa_corpus-53-mm","13":"pa_forma-rotund","14":"pa_funcii-alarma","15":"pa_funcii-altimetru","16":"pa_funcii-barometru","17":"pa_funcii-busola","18":"pa_funcii-calendar","19":"pa_funcii-cronometru","20":"pa_funcii-iluminare","21":"pa_funcii-rezerva-de-energie","22":"pa_funcii-termometru","23":"pa_funcii-timp-mondial","24":"pa_garatia-24-luni","25":"pa_korpus-negru","26":"pa_kvarc-quartz","27":"pa_material-plastic","28":"pa_mehanizm-baterie-solara","29":"pa_mehanizm-electronic","30":"pa_remeshok-negru","31":"pa_remeshok-rosu","32":"pa_steklo-cristal-mineral","33":"pa_strana-japonia","34":"pa_voda-20-atm","36":"first","37":"instock","38":"purchasable","39":"product-type-simple"},"acf":[],"_links":{"self":[{"href":"https:\/\/ceasuri.md\/ru\/wp-json\/wp\/v2\/product\/53901","targetHints":{"allow":["GET"]}}],"collection":[{"href":"https:\/\/ceasuri.md\/ru\/wp-json\/wp\/v2\/product"}],"about":[{"href":"https:\/\/ceasuri.md\/ru\/wp-json\/wp\/v2\/types\/product"}],"replies":[{"embeddable":true,"href":"https:\/\/ceasuri.md\/ru\/wp-json\/wp\/v2\/comments?post=53901"}],"wp:featuredmedia":[{"embeddable":true,"href":"https:\/\/ceasuri.md\/ru\/wp-json\/wp\/v2\/media\/53902"}],"wp:attachment":[{"href":"https:\/\/ceasuri.md\/ru\/wp-json\/wp\/v2\/media?parent=53901"}],"wp:term":[{"taxonomy":"product_brand","embeddable":true,"href":"https:\/\/ceasuri.md\/ru\/wp-json\/wp\/v2\/product_brand?post=53901"},{"taxonomy":"product_cat","embeddable":true,"href":"https:\/\/ceasuri.md\/ru\/wp-json\/wp\/v2\/product_cat?post=53901"},{"taxonomy":"product_tag","embeddable":true,"href":"https:\/\/ceasuri.md\/ru\/wp-json\/wp\/v2\/product_tag?post=53901"}],"curies":[{"name":"wp","href":"https:\/\/api.w.org\/{rel}","templated":true}]}}