{"id":53883,"date":"2026-04-03T00:04:28","date_gmt":"2026-04-02T21:04:28","guid":{"rendered":"http:\/\/new.ceasuri.md\/shop\/uncategorized\/casio-g-shock-dw-5600ep-4er\/"},"modified":"2026-04-20T01:34:16","modified_gmt":"2026-04-19T22:34:16","slug":"casio-g-shock-dw-5600ep-4er","status":"publish","type":"product","link":"https:\/\/ceasuri.md\/ru\/shop\/branduri\/casio\/casio-g-shock-dw-5600ep-4er\/","title":{"rendered":"Ceas CASIO G-SHOCK DW-5600EP-4ER"},"content":{"rendered":"<p>Absorbi\u021bi o explozie de energie ridicat\u0103! V\u0103 prezent\u0103m un G-SHOCK energizant pentru to\u021bi sportivii &#8211; sportivii de top TEAM G-SHOCK \u0219i nu numai.<br \/>\nCarcasa clasic\u0103 5600 cap\u0103t\u0103 culori vii de albastru, ro\u0219u \u0219i galben pentru un ceas care \u00eentruchipeaz\u0103 graba dinamic\u0103 pe care sportivii o cunosc at\u00e2t de bine. Aceast\u0103 intensitate este reluat\u0103 pe ecranul LCD. Ap\u0103sa\u021bi butonul de iluminare cu LED \u0219i un fulger \u00eendr\u0103zne\u021b str\u0103luce\u0219te pe ecran.<br \/>\nInspirat de m\u0103re\u021bia celui mai bun concurent din lume, \u00eentr-o culoare care evoc\u0103 at\u00e2t puterea, c\u00e2t \u0219i agilitatea, acest ceas va fi cu siguran\u021b\u0103 un favorit pentru a excita pasiunile fiec\u0103rui atlet, \u00een orice aren\u0103 ar concura.<\/p>","protected":false},"excerpt":{"rendered":"<p>Absorbi\u021bi o explozie de energie ridicat\u0103! V\u0103 prezent\u0103m un G-SHOCK energizant pentru to\u021bi sportivii &#8211; sportivii de top TEAM G-SHOCK \u0219i nu numai. Carcasa clasic\u0103 5600 cap\u0103t\u0103 culori vii de albastru, ro\u0219u \u0219i galben pentru un ceas care \u00eentruchipeaz\u0103 graba dinamic\u0103 pe care sportivii o cunosc at\u00e2t de bine. Aceast\u0103 intensitate este reluat\u0103 pe ecranul [&hellip;]<\/p>\n","protected":false},"featured_media":53884,"comment_status":"closed","ping_status":"open","template":"","meta":{"_acf_changed":false},"product_brand":[],"product_cat":[27,20,25,419],"product_tag":[],"class_list":{"0":"post-53883","1":"product","2":"type-product","3":"status-publish","4":"has-post-thumbnail","6":"product_cat-casio","7":"product_cat-ceasuri-barbati","8":"product_cat-ceasuri-dama","9":"product_cat-g-shock","10":"pa_brand-casio","11":"pa_brand-g-shock","12":"pa_braslet-cauciuc","13":"pa_corpus-43x49mm","14":"pa_forma-octogonala","15":"pa_funcii-alarma","16":"pa_funcii-calendar","17":"pa_funcii-cronometru","18":"pa_funcii-iluminare","19":"pa_garatia-24-luni","20":"pa_korpus-rosu","21":"pa_kvarc-quartz","22":"pa_material-cauciuc","23":"pa_mehanizm-electronic","24":"pa_remeshok-rosu","25":"pa_steklo-cristal-mineral","26":"pa_strana-japonia","27":"pa_voda-20-atm","29":"first","30":"instock","31":"purchasable","32":"product-type-simple"},"acf":[],"_links":{"self":[{"href":"https:\/\/ceasuri.md\/ru\/wp-json\/wp\/v2\/product\/53883","targetHints":{"allow":["GET"]}}],"collection":[{"href":"https:\/\/ceasuri.md\/ru\/wp-json\/wp\/v2\/product"}],"about":[{"href":"https:\/\/ceasuri.md\/ru\/wp-json\/wp\/v2\/types\/product"}],"replies":[{"embeddable":true,"href":"https:\/\/ceasuri.md\/ru\/wp-json\/wp\/v2\/comments?post=53883"}],"wp:featuredmedia":[{"embeddable":true,"href":"https:\/\/ceasuri.md\/ru\/wp-json\/wp\/v2\/media\/53884"}],"wp:attachment":[{"href":"https:\/\/ceasuri.md\/ru\/wp-json\/wp\/v2\/media?parent=53883"}],"wp:term":[{"taxonomy":"product_brand","embeddable":true,"href":"https:\/\/ceasuri.md\/ru\/wp-json\/wp\/v2\/product_brand?post=53883"},{"taxonomy":"product_cat","embeddable":true,"href":"https:\/\/ceasuri.md\/ru\/wp-json\/wp\/v2\/product_cat?post=53883"},{"taxonomy":"product_tag","embeddable":true,"href":"https:\/\/ceasuri.md\/ru\/wp-json\/wp\/v2\/product_tag?post=53883"}],"curies":[{"name":"wp","href":"https:\/\/api.w.org\/{rel}","templated":true}]}}