{"id":53878,"date":"2026-04-03T00:04:28","date_gmt":"2026-04-02T21:04:28","guid":{"rendered":"http:\/\/new.ceasuri.md\/shop\/uncategorized\/casio-edifice-efs-s641tms-1aer\/"},"modified":"2026-04-20T01:34:18","modified_gmt":"2026-04-19T22:34:18","slug":"casio-edifice-efs-s641tms-1aer","status":"publish","type":"product","link":"https:\/\/ceasuri.md\/ru\/shop\/branduri\/casio\/casio-edifice-efs-s641tms-1aer\/","title":{"rendered":"\u0427\u0430\u0441\u044b CASIO EDIFICE EFS-S641TMS-1AER"},"content":{"rendered":"<p>Purta\u021bi EDIFICE TOM&#8217;S 50th ANNIVERSARY EDITION, un tribut adus istoricului TOM&#8217;S KP47 Starlet, o ma\u0219in\u0103 de curse din primele zile ale TOM&#8217;S Racing. Acest cronograf EDIFICE de \u00eenalt\u0103 performan\u021b\u0103 pentru sporturi cu motor comemoreaz\u0103 cea de-a 50-a aniversare a fond\u0103rii echipei de curse.<br \/>\nAceast\u0103 colaborare aduce un omagiu modelului special KP47 Starlet, care a f\u0103cut din TOM&#8217;S Racing o senza\u021bie peste noapte, cu o serie impresionant\u0103 de victorii \u00een curse de turisme minore \u00een anii 1970: 22 de pole position-uri, 20 de victorii \u0219i trei victorii de campion de serie. Albul, ro\u0219ul \u0219i verdele &#8211; culori care simbolizeaz\u0103 imaginea ne\u00eenfricat\u0103 a ma\u0219inii de curse &#8211; sunt \u00eencorporate pe tot cadranul \u0219i \u00een alte p\u0103r\u021bi.<br \/>\nCadranul \u00een form\u0103 de fagure de miere evoc\u0103 grila frontal\u0103 TOM&#8217;S Starlet \u00eentr-o nuan\u021b\u0103 de mov care face aluzie la capacul motorului ma\u0219inii, cu cadrane inserate inspirate de ro\u021bile TOM&#8217;S Igeta \u0219i un logo TOM&#8217;S. Br\u0103\u021bara din piele natural\u0103 evoc\u0103 montantul B al KP47 \u0219i are o bucl\u0103 metalic\u0103 stilat\u0103 ca oglinzile laterale ale ma\u0219inii. Bucla benzii, de asemenea \u00een schema de culori a KP47 Starlet, este \u00eencrustat\u0103 cu primul logo TOM&#8217;S, pentru o not\u0103 nostalgic\u0103 de la \u00eenceputuri. Marginile verzi de pe band\u0103 fac ecou liniei verzi de pe KP47, iar num\u0103rul ma\u0219inii TOM&#8217;S ace, 36 , este imprimat pe sticl\u0103 la marca de 36 de minute.<br \/>\nAcest ceas se bazeaz\u0103 pe cronograful cu alimentare solar\u0103 EFS-S641 SOSPENSIONE \u0219i se m\u00e2ndre\u0219te cu o carcas\u0103 din r\u0103\u0219in\u0103 ranforsat\u0103 cu fibr\u0103 de carbon, \u00eenc\u0103rcare solar\u0103 \u0219i cristal de safir cu un strat antireflex pe suprafa\u021ba interioar\u0103.<br \/>\nTOM&#8217;S 50th anniversary EDIFICE este foarte special &#8211; o colaborare autentic\u0103 \u00eentre dou\u0103 echipe cu o pasiune comun\u0103 pentru sporturile cu motor \u0219i pe care fanii TOM&#8217;S o vor aprecia cu adev\u0103rat.<\/p>","protected":false},"excerpt":{"rendered":"<p>Purta\u021bi EDIFICE TOM&#8217;S 50th ANNIVERSARY EDITION, un tribut adus istoricului TOM&#8217;S KP47 Starlet, o ma\u0219in\u0103 de curse din primele zile ale TOM&#8217;S Racing. Acest cronograf EDIFICE de \u00eenalt\u0103 performan\u021b\u0103 pentru sporturi cu motor comemoreaz\u0103 cea de-a 50-a aniversare a fond\u0103rii echipei de curse. Aceast\u0103 colaborare aduce un omagiu modelului special KP47 Starlet, care a f\u0103cut [&hellip;]<\/p>\n","protected":false},"featured_media":53879,"comment_status":"closed","ping_status":"open","template":"","meta":{"_acf_changed":false},"product_brand":[],"product_cat":[27,20,536],"product_tag":[],"class_list":{"0":"post-53878","1":"product","2":"type-product","3":"status-publish","4":"has-post-thumbnail","6":"product_cat-casio","7":"product_cat-ceasuri-barbati","8":"product_cat-edifice","9":"pa_brand-casio","10":"pa_brand-edifice","11":"pa_braslet-piele","12":"pa_corpus-45-mm","13":"pa_forma-rotund","14":"pa_funcii-cronograf","15":"pa_funcii-data","16":"pa_funcii-rezerva-de-energie","17":"pa_funcii-special-edition","18":"pa_garatia-24-luni","19":"pa_korpus-negru","20":"pa_kvarc-quartz","21":"pa_material-carbon","22":"pa_material-otel-inoxidabil","23":"pa_mehanizm-baterie-solara","24":"pa_mehanizm-quartz","25":"pa_remeshok-multicolor","26":"pa_remeshok-negru","27":"pa_steklo-cristal-safir","28":"pa_strana-japonia","29":"pa_voda-10-atm","31":"first","32":"instock","33":"purchasable","34":"product-type-simple"},"acf":[],"_links":{"self":[{"href":"https:\/\/ceasuri.md\/ru\/wp-json\/wp\/v2\/product\/53878","targetHints":{"allow":["GET"]}}],"collection":[{"href":"https:\/\/ceasuri.md\/ru\/wp-json\/wp\/v2\/product"}],"about":[{"href":"https:\/\/ceasuri.md\/ru\/wp-json\/wp\/v2\/types\/product"}],"replies":[{"embeddable":true,"href":"https:\/\/ceasuri.md\/ru\/wp-json\/wp\/v2\/comments?post=53878"}],"wp:featuredmedia":[{"embeddable":true,"href":"https:\/\/ceasuri.md\/ru\/wp-json\/wp\/v2\/media\/53879"}],"wp:attachment":[{"href":"https:\/\/ceasuri.md\/ru\/wp-json\/wp\/v2\/media?parent=53878"}],"wp:term":[{"taxonomy":"product_brand","embeddable":true,"href":"https:\/\/ceasuri.md\/ru\/wp-json\/wp\/v2\/product_brand?post=53878"},{"taxonomy":"product_cat","embeddable":true,"href":"https:\/\/ceasuri.md\/ru\/wp-json\/wp\/v2\/product_cat?post=53878"},{"taxonomy":"product_tag","embeddable":true,"href":"https:\/\/ceasuri.md\/ru\/wp-json\/wp\/v2\/product_tag?post=53878"}],"curies":[{"name":"wp","href":"https:\/\/api.w.org\/{rel}","templated":true}]}}