{"id":53869,"date":"2026-04-03T00:04:28","date_gmt":"2026-04-02T21:04:28","guid":{"rendered":"http:\/\/new.ceasuri.md\/shop\/uncategorized\/casio-edifice-efv-100d-9avuef\/"},"modified":"2026-04-07T04:46:34","modified_gmt":"2026-04-07T01:46:34","slug":"casio-edifice-efv-100d-9avuef","status":"publish","type":"product","link":"https:\/\/ceasuri.md\/ru\/shop\/branduri\/casio\/casio-edifice-efv-100d-9avuef\/","title":{"rendered":"Ceas CASIO EDIFICE EFV-100D-9AVUEF"},"content":{"rendered":"<p>Acest accesoriu de marc\u0103 din seria EFV-100 va ar\u0103ta grozav at\u00e2t la costumele de afaceri, c\u00e2t \u0219i la \u021binutele casual. Cadranul galben este completat de m\u00e2ini \u0219i indicatoare contrastante, \u00een timp ce m\u00e2na pentru secunde este u\u0219or de citit datorit\u0103 v\u00e2rfului s\u0103u viu negru. Ceasul minimalist este fabricat din o\u021bel inoxidabil 316L, un material caracterizat prin durabilitate \u0219i rezisten\u021b\u0103 la zg\u00e2rieturi.<\/p>","protected":false},"excerpt":{"rendered":"<p>Acest accesoriu de marc\u0103 din seria EFV-100 va ar\u0103ta grozav at\u00e2t la costumele de afaceri, c\u00e2t \u0219i la \u021binutele casual. Cadranul galben este completat de m\u00e2ini \u0219i indicatoare contrastante, \u00een timp ce m\u00e2na pentru secunde este u\u0219or de citit datorit\u0103 v\u00e2rfului s\u0103u viu negru. Ceasul minimalist este fabricat din o\u021bel inoxidabil 316L, un material caracterizat [&hellip;]<\/p>\n","protected":false},"featured_media":53870,"comment_status":"closed","ping_status":"open","template":"","meta":{"_acf_changed":false},"product_brand":[],"product_cat":[27,20,536],"product_tag":[],"class_list":{"0":"post-53869","1":"product","2":"type-product","3":"status-publish","4":"has-post-thumbnail","6":"product_cat-casio","7":"product_cat-ceasuri-barbati","8":"product_cat-edifice","9":"pa_brand-casio","10":"pa_brand-edifice","11":"pa_braslet-otel-inoxidabil","12":"pa_corpus-42-mm","13":"pa_forma-rotund","14":"pa_funcii-data","15":"pa_garatia-24-luni","16":"pa_korpus-argintiu","17":"pa_material-otel-inoxidabil","18":"pa_mehanizm-quartz","19":"pa_remeshok-argintiu","20":"pa_steklo-cristal-mineral","21":"pa_strana-japonia","22":"pa_voda-10-atm","24":"first","25":"instock","26":"purchasable","27":"product-type-simple"},"acf":[],"_links":{"self":[{"href":"https:\/\/ceasuri.md\/ru\/wp-json\/wp\/v2\/product\/53869","targetHints":{"allow":["GET"]}}],"collection":[{"href":"https:\/\/ceasuri.md\/ru\/wp-json\/wp\/v2\/product"}],"about":[{"href":"https:\/\/ceasuri.md\/ru\/wp-json\/wp\/v2\/types\/product"}],"replies":[{"embeddable":true,"href":"https:\/\/ceasuri.md\/ru\/wp-json\/wp\/v2\/comments?post=53869"}],"wp:featuredmedia":[{"embeddable":true,"href":"https:\/\/ceasuri.md\/ru\/wp-json\/wp\/v2\/media\/53870"}],"wp:attachment":[{"href":"https:\/\/ceasuri.md\/ru\/wp-json\/wp\/v2\/media?parent=53869"}],"wp:term":[{"taxonomy":"product_brand","embeddable":true,"href":"https:\/\/ceasuri.md\/ru\/wp-json\/wp\/v2\/product_brand?post=53869"},{"taxonomy":"product_cat","embeddable":true,"href":"https:\/\/ceasuri.md\/ru\/wp-json\/wp\/v2\/product_cat?post=53869"},{"taxonomy":"product_tag","embeddable":true,"href":"https:\/\/ceasuri.md\/ru\/wp-json\/wp\/v2\/product_tag?post=53869"}],"curies":[{"name":"wp","href":"https:\/\/api.w.org\/{rel}","templated":true}]}}