{"id":53866,"date":"2026-04-03T00:04:28","date_gmt":"2026-04-02T21:04:28","guid":{"rendered":"http:\/\/new.ceasuri.md\/shop\/uncategorized\/casio-collection-f-91wb-1aef\/"},"modified":"2026-04-17T14:48:01","modified_gmt":"2026-04-17T11:48:01","slug":"casio-collection-f-91wb-1aef","status":"publish","type":"product","link":"https:\/\/ceasuri.md\/ru\/shop\/branduri\/casio\/casio-collection-f-91wb-1aef\/","title":{"rendered":"Ceas CASIO COLLECTION F-91WB-1AEF"},"content":{"rendered":"<p>C\u00e2nd vorbim despre cel mai recognoscibil factor de form\u0103 al produc\u0103torului japonez, ne referim desigur la carcasa dreptunghiular\u0103. Imagina\u021bi-v\u0103, primul F-91 a fost lansat \u00een 1989, \u0219i nici m\u0103car nu au fost primii [au mai existat F-87, B615 \u0219i al\u021bi b\u0103tr\u00e2ni uita\u021bi]. Chiar \u0219i atunci, inginerii companiei s-au g\u00e2ndit s\u0103 creeze ceasuri digitale compacte, func\u021bionale [dup\u0103 standardele vremii] \u0219i ieftine pentru pia\u021ba de mas\u0103 &#8211; putem vedea rezultatul acestor dezvolt\u0103ri chiar \u0219i 40 de ani mai t\u00e2rziu.<br \/>\nF-91WB difer\u0103 pu\u021bin de primii reprezentan\u021bi ai seriei, cu excep\u021bia unui cadran mai curat &#8211; exist\u0103 mai pu\u021bine inscrip\u021bii \u00een jurul ecranului, iar semn\u0103turile butoanelor sunt acum dispuse vertical. Presupunem c\u0103, \u00een acest fel, designerii au dorit s\u0103 accentueze designul monocolor \u0219i minimalismul nout\u0103\u021bii. Dimensiunile carcasei sunt de numai 38,2 x 35,2 x 8,5 mm &#8211; de aceea fanii iubesc clasicele digitale.<br \/>\nModelul este fabricat din bio-plastic, un material non-toxic realizat din materii prime de origine organic\u0103.<\/p>\n","protected":false},"excerpt":{"rendered":"<p>C\u00e2nd vorbim despre cel mai recognoscibil factor de form\u0103 al produc\u0103torului japonez, ne referim desigur la carcasa dreptunghiular\u0103. Imagina\u021bi-v\u0103, primul F-91 a fost lansat \u00een 1989, \u0219i nici m\u0103car nu au fost primii [au mai existat F-87, B615 \u0219i al\u021bi b\u0103tr\u00e2ni uita\u021bi]. Chiar \u0219i atunci, inginerii companiei s-au g\u00e2ndit s\u0103 creeze ceasuri digitale compacte, func\u021bionale [&hellip;]<\/p>\n","protected":false},"featured_media":53867,"comment_status":"closed","ping_status":"open","template":"","meta":{"_acf_changed":false},"product_brand":[],"product_cat":[27,20,25],"product_tag":[],"class_list":{"0":"post-53866","1":"product","2":"type-product","3":"status-publish","4":"has-post-thumbnail","6":"product_cat-casio","7":"product_cat-ceasuri-barbati","8":"product_cat-ceasuri-dama","9":"pa_brand-casio","10":"pa_braslet-plastic","11":"pa_corpus-35x38mm","12":"pa_forma-octogonala","13":"pa_funcii-alarma","14":"pa_funcii-calendar","15":"pa_funcii-cronometru","16":"pa_funcii-iluminare","17":"pa_garatia-24-luni","18":"pa_korpus-negru","19":"pa_kvarc-quartz","20":"pa_material-plastic","21":"pa_mehanizm-electronic","22":"pa_remeshok-negru","23":"pa_steklo-plastic","24":"pa_strana-japonia","25":"pa_voda-3-atm","27":"first","28":"instock","29":"purchasable","30":"product-type-simple"},"acf":[],"_links":{"self":[{"href":"https:\/\/ceasuri.md\/ru\/wp-json\/wp\/v2\/product\/53866","targetHints":{"allow":["GET"]}}],"collection":[{"href":"https:\/\/ceasuri.md\/ru\/wp-json\/wp\/v2\/product"}],"about":[{"href":"https:\/\/ceasuri.md\/ru\/wp-json\/wp\/v2\/types\/product"}],"replies":[{"embeddable":true,"href":"https:\/\/ceasuri.md\/ru\/wp-json\/wp\/v2\/comments?post=53866"}],"wp:featuredmedia":[{"embeddable":true,"href":"https:\/\/ceasuri.md\/ru\/wp-json\/wp\/v2\/media\/53867"}],"wp:attachment":[{"href":"https:\/\/ceasuri.md\/ru\/wp-json\/wp\/v2\/media?parent=53866"}],"wp:term":[{"taxonomy":"product_brand","embeddable":true,"href":"https:\/\/ceasuri.md\/ru\/wp-json\/wp\/v2\/product_brand?post=53866"},{"taxonomy":"product_cat","embeddable":true,"href":"https:\/\/ceasuri.md\/ru\/wp-json\/wp\/v2\/product_cat?post=53866"},{"taxonomy":"product_tag","embeddable":true,"href":"https:\/\/ceasuri.md\/ru\/wp-json\/wp\/v2\/product_tag?post=53866"}],"curies":[{"name":"wp","href":"https:\/\/api.w.org\/{rel}","templated":true}]}}