{"id":53851,"date":"2026-04-03T00:04:28","date_gmt":"2026-04-02T21:04:28","guid":{"rendered":"http:\/\/new.ceasuri.md\/shop\/uncategorized\/casio-g-shock-ga-100mf-1aer\/"},"modified":"2026-04-20T01:34:24","modified_gmt":"2026-04-19T22:34:24","slug":"casio-g-shock-ga-100mf-1aer","status":"publish","type":"product","link":"https:\/\/ceasuri.md\/ru\/shop\/branduri\/casio\/casio-g-shock-ga-100mf-1aer\/","title":{"rendered":"Ceas CASIO G-SHOCK GA-100MF-1AER"},"content":{"rendered":"<p>Negrul \u00eendr\u0103zne\u021b \u00eent\u00e2lne\u0219te culoarea vibrant\u0103 \u00een aceste ceasuri G-SHOCK rezistente cu accente fluorescente.<br \/>\nLuneta \u0219i banda neagr\u0103 mat\u0103 contrasteaz\u0103 elegant cu atingeri de albastru, roz \u0219i galben viu pe m\u00e2ini, indicatoare orare \u0219i marcaje ale cadranului, transport\u00e2ndu-v\u0103 \u00eentr-o lume virtual\u0103. Juc\u0103u\u0219 \u0219i \u00eendr\u0103zne\u021b, aceste modele vor face furori \u00een orice scen\u0103 de mod\u0103.<br \/>\nNegrul mat rece \u0219i culorile fluorescente se combin\u0103 \u00eentr-o pereche remarcabil\u0103.<\/p>","protected":false},"excerpt":{"rendered":"<p>Negrul \u00eendr\u0103zne\u021b \u00eent\u00e2lne\u0219te culoarea vibrant\u0103 \u00een aceste ceasuri G-SHOCK rezistente cu accente fluorescente. Luneta \u0219i banda neagr\u0103 mat\u0103 contrasteaz\u0103 elegant cu atingeri de albastru, roz \u0219i galben viu pe m\u00e2ini, indicatoare orare \u0219i marcaje ale cadranului, transport\u00e2ndu-v\u0103 \u00eentr-o lume virtual\u0103. Juc\u0103u\u0219 \u0219i \u00eendr\u0103zne\u021b, aceste modele vor face furori \u00een orice scen\u0103 de mod\u0103. Negrul mat [&hellip;]<\/p>\n","protected":false},"featured_media":53852,"comment_status":"closed","ping_status":"open","template":"","meta":{"_acf_changed":false},"product_brand":[],"product_cat":[27,20,419],"product_tag":[],"class_list":{"0":"post-53851","1":"product","2":"type-product","3":"status-publish","4":"has-post-thumbnail","6":"product_cat-casio","7":"product_cat-ceasuri-barbati","8":"product_cat-g-shock","9":"pa_brand-casio","10":"pa_brand-g-shock","11":"pa_braslet-cauciuc","12":"pa_corpus-51-mm","13":"pa_forma-rotund","14":"pa_funcii-alarma","15":"pa_funcii-calendar","16":"pa_funcii-cronometru","17":"pa_funcii-iluminare","18":"pa_funcii-timp-mondial","19":"pa_garatia-24-luni","20":"pa_korpus-negru","21":"pa_kvarc-quartz","22":"pa_material-cauciuc","23":"pa_mehanizm-electronic","24":"pa_mehanizm-quartz","25":"pa_remeshok-negru","26":"pa_steklo-cristal-mineral","27":"pa_strana-japonia","28":"pa_voda-20-atm","30":"first","31":"instock","32":"purchasable","33":"product-type-simple"},"acf":[],"_links":{"self":[{"href":"https:\/\/ceasuri.md\/ru\/wp-json\/wp\/v2\/product\/53851","targetHints":{"allow":["GET"]}}],"collection":[{"href":"https:\/\/ceasuri.md\/ru\/wp-json\/wp\/v2\/product"}],"about":[{"href":"https:\/\/ceasuri.md\/ru\/wp-json\/wp\/v2\/types\/product"}],"replies":[{"embeddable":true,"href":"https:\/\/ceasuri.md\/ru\/wp-json\/wp\/v2\/comments?post=53851"}],"wp:featuredmedia":[{"embeddable":true,"href":"https:\/\/ceasuri.md\/ru\/wp-json\/wp\/v2\/media\/53852"}],"wp:attachment":[{"href":"https:\/\/ceasuri.md\/ru\/wp-json\/wp\/v2\/media?parent=53851"}],"wp:term":[{"taxonomy":"product_brand","embeddable":true,"href":"https:\/\/ceasuri.md\/ru\/wp-json\/wp\/v2\/product_brand?post=53851"},{"taxonomy":"product_cat","embeddable":true,"href":"https:\/\/ceasuri.md\/ru\/wp-json\/wp\/v2\/product_cat?post=53851"},{"taxonomy":"product_tag","embeddable":true,"href":"https:\/\/ceasuri.md\/ru\/wp-json\/wp\/v2\/product_tag?post=53851"}],"curies":[{"name":"wp","href":"https:\/\/api.w.org\/{rel}","templated":true}]}}