{"id":53845,"date":"2026-04-03T00:04:28","date_gmt":"2026-04-02T21:04:28","guid":{"rendered":"http:\/\/new.ceasuri.md\/shop\/uncategorized\/casio-g-shock-ga-110tu-1a5er\/"},"modified":"2026-04-07T04:46:30","modified_gmt":"2026-04-07T01:46:30","slug":"casio-g-shock-ga-110tu-1a5er","status":"publish","type":"product","link":"https:\/\/ceasuri.md\/ru\/shop\/branduri\/casio\/casio-g-shock-ga-110tu-1a5er\/","title":{"rendered":"Ceas CASIO G-SHOCK GA-110TU-1A5ER"},"content":{"rendered":"<p>Practicitate utilitar\u0103, stil savvy &#8211; toate cu func\u021bionalitatea \u0219i rezisten\u021ba G-SHOCK.<br \/>\nAsociind un cadran de ceas negru cu o br\u0103\u021bar\u0103 de culoare bej sau verde m\u0103slin, linia cromatic\u0103 utilitar\u0103 \u00een dou\u0103 tonuri evoc\u0103 aspectul func\u021bional al unei piese excelente de echipament.<br \/>\nAlege\u021bi din cinci modele de baz\u0103: DW-6900 cu grafic triplu iconic sau GA-700 cu carcas\u0103 mare, ambele av\u00e2nd un buton frontal metalic cu finisaj anti-alunecare; sau modelele cu carcas\u0103 mare GX-56, GA-100 \u0219i GA-110.<\/p>","protected":false},"excerpt":{"rendered":"<p>Practicitate utilitar\u0103, stil savvy &#8211; toate cu func\u021bionalitatea \u0219i rezisten\u021ba G-SHOCK. Asociind un cadran de ceas negru cu o br\u0103\u021bar\u0103 de culoare bej sau verde m\u0103slin, linia cromatic\u0103 utilitar\u0103 \u00een dou\u0103 tonuri evoc\u0103 aspectul func\u021bional al unei piese excelente de echipament. Alege\u021bi din cinci modele de baz\u0103: DW-6900 cu grafic triplu iconic sau GA-700 cu [&hellip;]<\/p>\n","protected":false},"featured_media":53846,"comment_status":"closed","ping_status":"open","template":"","meta":{"_acf_changed":false},"product_brand":[],"product_cat":[27,20,419],"product_tag":[],"class_list":{"0":"post-53845","1":"product","2":"type-product","3":"status-publish","4":"has-post-thumbnail","6":"product_cat-casio","7":"product_cat-ceasuri-barbati","8":"product_cat-g-shock","9":"pa_brand-casio","10":"pa_brand-g-shock","11":"pa_braslet-cauciuc","12":"pa_corpus-51-mm","13":"pa_forma-rotund","14":"pa_funcii-alarma","15":"pa_funcii-calendar","16":"pa_funcii-cronometru","17":"pa_funcii-iluminare","18":"pa_funcii-timp-mondial","19":"pa_garatia-24-luni","20":"pa_korpus-negru","21":"pa_material-cauciuc","22":"pa_mehanizm-electronic","23":"pa_mehanizm-quartz","24":"pa_remeshok-bej","25":"pa_steklo-cristal-mineral","26":"pa_strana-japonia","27":"pa_voda-20-atm","29":"first","30":"instock","31":"purchasable","32":"product-type-simple"},"acf":[],"_links":{"self":[{"href":"https:\/\/ceasuri.md\/ru\/wp-json\/wp\/v2\/product\/53845","targetHints":{"allow":["GET"]}}],"collection":[{"href":"https:\/\/ceasuri.md\/ru\/wp-json\/wp\/v2\/product"}],"about":[{"href":"https:\/\/ceasuri.md\/ru\/wp-json\/wp\/v2\/types\/product"}],"replies":[{"embeddable":true,"href":"https:\/\/ceasuri.md\/ru\/wp-json\/wp\/v2\/comments?post=53845"}],"wp:featuredmedia":[{"embeddable":true,"href":"https:\/\/ceasuri.md\/ru\/wp-json\/wp\/v2\/media\/53846"}],"wp:attachment":[{"href":"https:\/\/ceasuri.md\/ru\/wp-json\/wp\/v2\/media?parent=53845"}],"wp:term":[{"taxonomy":"product_brand","embeddable":true,"href":"https:\/\/ceasuri.md\/ru\/wp-json\/wp\/v2\/product_brand?post=53845"},{"taxonomy":"product_cat","embeddable":true,"href":"https:\/\/ceasuri.md\/ru\/wp-json\/wp\/v2\/product_cat?post=53845"},{"taxonomy":"product_tag","embeddable":true,"href":"https:\/\/ceasuri.md\/ru\/wp-json\/wp\/v2\/product_tag?post=53845"}],"curies":[{"name":"wp","href":"https:\/\/api.w.org\/{rel}","templated":true}]}}