{"id":53842,"date":"2026-04-03T00:04:28","date_gmt":"2026-04-02T21:04:28","guid":{"rendered":"http:\/\/new.ceasuri.md\/shop\/uncategorized\/casio-g-shock-ga-710tu-1a3er\/"},"modified":"2026-04-20T01:34:27","modified_gmt":"2026-04-19T22:34:27","slug":"casio-g-shock-ga-710tu-1a3er","status":"publish","type":"product","link":"https:\/\/ceasuri.md\/ru\/shop\/branduri\/casio\/casio-g-shock-ga-710tu-1a3er\/","title":{"rendered":"Ceas CASIO G-SHOCK GA-710TU-1A3ER"},"content":{"rendered":"<p>Practicitate, stil \u0219i func\u021bionalitate \u2014 toate acestea combinate cu fiabilitatea G-SHOCK  \u00eentr-o carcas\u0103 neagr\u0103 mat\u0103 cu curea din polimer de culoare kaki. Noua culoare a ceasului este simpl\u0103, dar \u00een acela\u0219i timp are propriul s\u0103u farmec \u0219i este u\u0219or de recunoscut.<\/p>\n<p>Datorit\u0103 noului design reg\u00e2ndit \u0219i acelor mari, ceasul nu numai c\u0103 are un aspect excelent, dar \u0219i o afi\u0219are confortabil\u0103 a orei. Butonul de iluminare este amplasat \u00een partea de jos a carcasei, ceea ce permite utilizarea u\u0219oar\u0103 chiar \u0219i la atingere.<\/p>\n<p>Format de timp de 12 \u0219i 24 de ore. Cronometru cu precizie de 1\/100 s \u0219i timp de m\u0103surare de 24 de ore. Cronometru cu num\u0103r\u0103toare invers\u0103 de la 1 minut la 1 or\u0103. Ora mondial\u0103 \u2013 48 de ora\u0219e (31 de fusuri orare), ora universal\u0103 coordonat\u0103 (UTC). Trecere automat\u0103 la ora de iarn\u0103 \u0219i ora de var\u0103, posibilitatea de a activa\/dezactiva aceast\u0103 func\u021bie.<\/p>\n<p>Func\u021bii de deplasare a acelor pentru vizualizarea f\u0103r\u0103 obstacole a informa\u021biilor pe afi\u0219ajele digitale \u0219i activarea\/dezactivarea sunetului.<\/p>\n<p>Rezisten\u021b\u0103 la ap\u0103 200 m.<\/p>\n<p>Curea cu cataram\u0103 clasic\u0103.<\/p>","protected":false},"excerpt":{"rendered":"<p>Practicitate, stil \u0219i func\u021bionalitate \u2014 toate acestea combinate cu fiabilitatea G-SHOCK \u00eentr-o carcas\u0103 neagr\u0103 mat\u0103 cu curea din polimer de culoare kaki. Noua culoare a ceasului este simpl\u0103, dar \u00een acela\u0219i timp are propriul s\u0103u farmec \u0219i este u\u0219or de recunoscut. Datorit\u0103 noului design reg\u00e2ndit \u0219i acelor mari, ceasul nu numai c\u0103 are un aspect [&hellip;]<\/p>\n","protected":false},"featured_media":53843,"comment_status":"closed","ping_status":"open","template":"","meta":{"_acf_changed":false},"product_brand":[],"product_cat":[27,20,419],"product_tag":[],"class_list":{"0":"post-53842","1":"product","2":"type-product","3":"status-publish","4":"has-post-thumbnail","6":"product_cat-casio","7":"product_cat-ceasuri-barbati","8":"product_cat-g-shock","9":"pa_brand-casio","10":"pa_brand-g-shock","11":"pa_braslet-cauciuc","12":"pa_corpus-53-mm","13":"pa_forma-rotund","14":"pa_funcii-alarma","15":"pa_funcii-calendar","16":"pa_funcii-cronometru","17":"pa_funcii-iluminare","18":"pa_funcii-timp-mondial","19":"pa_garatia-24-luni","20":"pa_korpus-negru","21":"pa_kvarc-quartz","22":"pa_material-cauciuc","23":"pa_mehanizm-electronic","24":"pa_mehanizm-quartz","25":"pa_remeshok-verde","26":"pa_steklo-cristal-mineral","27":"pa_strana-japonia","28":"pa_voda-20-atm","30":"first","31":"instock","32":"purchasable","33":"product-type-simple"},"acf":[],"_links":{"self":[{"href":"https:\/\/ceasuri.md\/ru\/wp-json\/wp\/v2\/product\/53842","targetHints":{"allow":["GET"]}}],"collection":[{"href":"https:\/\/ceasuri.md\/ru\/wp-json\/wp\/v2\/product"}],"about":[{"href":"https:\/\/ceasuri.md\/ru\/wp-json\/wp\/v2\/types\/product"}],"replies":[{"embeddable":true,"href":"https:\/\/ceasuri.md\/ru\/wp-json\/wp\/v2\/comments?post=53842"}],"wp:featuredmedia":[{"embeddable":true,"href":"https:\/\/ceasuri.md\/ru\/wp-json\/wp\/v2\/media\/53843"}],"wp:attachment":[{"href":"https:\/\/ceasuri.md\/ru\/wp-json\/wp\/v2\/media?parent=53842"}],"wp:term":[{"taxonomy":"product_brand","embeddable":true,"href":"https:\/\/ceasuri.md\/ru\/wp-json\/wp\/v2\/product_brand?post=53842"},{"taxonomy":"product_cat","embeddable":true,"href":"https:\/\/ceasuri.md\/ru\/wp-json\/wp\/v2\/product_cat?post=53842"},{"taxonomy":"product_tag","embeddable":true,"href":"https:\/\/ceasuri.md\/ru\/wp-json\/wp\/v2\/product_tag?post=53842"}],"curies":[{"name":"wp","href":"https:\/\/api.w.org\/{rel}","templated":true}]}}