{"id":53833,"date":"2026-04-03T00:03:47","date_gmt":"2026-04-02T21:03:47","guid":{"rendered":"http:\/\/new.ceasuri.md\/shop\/uncategorized\/casio-g-shock-gma-p2100bb-1aer\/"},"modified":"2026-04-20T01:34:29","modified_gmt":"2026-04-19T22:34:29","slug":"casio-g-shock-gma-p2100bb-1aer","status":"publish","type":"product","link":"https:\/\/ceasuri.md\/ru\/shop\/branduri\/casio\/casio-g-shock-gma-p2100bb-1aer\/","title":{"rendered":"Ceas CASIO G-SHOCK GMA-P2100BB-1AER"},"content":{"rendered":"<p>Versiune redus\u0103 a ceasului legendar. Designul monocromatic cu finisaj mat creeaz\u0103 un aspect simplu, dar \u00eendr\u0103zne\u021b.<\/p>\n<p>Componentele cheie ale lunetei \u0219i curelei sunt fabricate din bioplastic. Produs din resurse organice regenerabile, acest material va contribui, conform a\u0219tept\u0103rilor, la reducerea impactului asupra mediului.<\/p>\n<p>Carcasa rezistent\u0103 la \u0219ocuri protejeaz\u0103 mecanismul de lovituri \u0219i vibra\u021bii. Iluminare dubl\u0103: cadranul \u0219i afi\u0219ajele LCD sunt iluminate cu LED-uri, iar datorit\u0103 func\u021biei de \u00eent\u00e2rziere, dup\u0103 eliberarea butonului, iluminarea r\u0103m\u00e2ne aprins\u0103 \u00eenc\u0103 c\u00e2teva secunde. Acoperirea neabraziv\u0103 cu acumulare de lumin\u0103 asigur\u0103 o luminozitate prelungit\u0103 \u00een \u00eentuneric, chiar \u0219i dup\u0103 o expunere scurt\u0103 la lumin\u0103.<\/p>\n<p>Format de timp de 12 \u0219i 24 de ore. Cronometru cu dou\u0103 precizii de afi\u0219are: 1\/100 s (p\u00e2n\u0103 la 1 or\u0103) \u0219i 1 s (dup\u0103 1 or\u0103) \u0219i timp de m\u0103surare de 24 de ore. Cronometru cu num\u0103r\u0103toare invers\u0103 de la 1 s la 24 de ore. Ora mondial\u0103 \u2013 48 de ora\u0219e (31 de fusuri orare), ora universal\u0103 coordonat\u0103 (UTC). Func\u021bie de activare\/dezactivare a orei de var\u0103.<\/p>\n<p>Func\u021bii de dezactivare\/activare a sunetului \u0219i de deplasare a acelor pentru vizualizarea f\u0103r\u0103 obstacole a informa\u021biilor pe afi\u0219ajul digital.<\/p>\n<p>Curea cu cataram\u0103 clasic\u0103.<\/p>","protected":false},"excerpt":{"rendered":"<p>Versiune redus\u0103 a ceasului legendar. Designul monocromatic cu finisaj mat creeaz\u0103 un aspect simplu, dar \u00eendr\u0103zne\u021b. Componentele cheie ale lunetei \u0219i curelei sunt fabricate din bioplastic. Produs din resurse organice regenerabile, acest material va contribui, conform a\u0219tept\u0103rilor, la reducerea impactului asupra mediului. Carcasa rezistent\u0103 la \u0219ocuri protejeaz\u0103 mecanismul de lovituri \u0219i vibra\u021bii. Iluminare dubl\u0103: cadranul [&hellip;]<\/p>\n","protected":false},"featured_media":53834,"comment_status":"closed","ping_status":"open","template":"","meta":{"_acf_changed":false},"product_brand":[],"product_cat":[27,20,25,419],"product_tag":[],"class_list":{"0":"post-53833","1":"product","2":"type-product","3":"status-publish","4":"has-post-thumbnail","6":"product_cat-casio","7":"product_cat-ceasuri-barbati","8":"product_cat-ceasuri-dama","9":"product_cat-g-shock","10":"pa_brand-casio","11":"pa_brand-g-shock","12":"pa_braslet-cauciuc","13":"pa_corpus-40x46mm","14":"pa_forma-octogonala","15":"pa_funcii-alarma","16":"pa_funcii-calendar","17":"pa_funcii-cronometru","18":"pa_funcii-iluminare","19":"pa_funcii-timp-mondial","20":"pa_funcii-total-black","21":"pa_garatia-24-luni","22":"pa_korpus-negru","23":"pa_kvarc-quartz","24":"pa_material-cauciuc","25":"pa_mehanizm-electronic","26":"pa_mehanizm-quartz","27":"pa_remeshok-negru","28":"pa_steklo-cristal-mineral","29":"pa_strana-japonia","30":"pa_voda-20-atm","32":"first","33":"instock","34":"purchasable","35":"product-type-simple"},"acf":[],"_links":{"self":[{"href":"https:\/\/ceasuri.md\/ru\/wp-json\/wp\/v2\/product\/53833","targetHints":{"allow":["GET"]}}],"collection":[{"href":"https:\/\/ceasuri.md\/ru\/wp-json\/wp\/v2\/product"}],"about":[{"href":"https:\/\/ceasuri.md\/ru\/wp-json\/wp\/v2\/types\/product"}],"replies":[{"embeddable":true,"href":"https:\/\/ceasuri.md\/ru\/wp-json\/wp\/v2\/comments?post=53833"}],"wp:featuredmedia":[{"embeddable":true,"href":"https:\/\/ceasuri.md\/ru\/wp-json\/wp\/v2\/media\/53834"}],"wp:attachment":[{"href":"https:\/\/ceasuri.md\/ru\/wp-json\/wp\/v2\/media?parent=53833"}],"wp:term":[{"taxonomy":"product_brand","embeddable":true,"href":"https:\/\/ceasuri.md\/ru\/wp-json\/wp\/v2\/product_brand?post=53833"},{"taxonomy":"product_cat","embeddable":true,"href":"https:\/\/ceasuri.md\/ru\/wp-json\/wp\/v2\/product_cat?post=53833"},{"taxonomy":"product_tag","embeddable":true,"href":"https:\/\/ceasuri.md\/ru\/wp-json\/wp\/v2\/product_tag?post=53833"}],"curies":[{"name":"wp","href":"https:\/\/api.w.org\/{rel}","templated":true}]}}