{"id":53828,"date":"2026-04-03T00:03:47","date_gmt":"2026-04-02T21:03:47","guid":{"rendered":"http:\/\/new.ceasuri.md\/shop\/uncategorized\/casio-g-shock-gr-b300-1a4er\/"},"modified":"2026-04-20T01:34:30","modified_gmt":"2026-04-19T22:34:30","slug":"casio-g-shock-gr-b300-1a4er","status":"publish","type":"product","link":"https:\/\/ceasuri.md\/ru\/shop\/branduri\/casio\/casio-g-shock-gr-b300-1a4er\/","title":{"rendered":"\u0427\u0430\u0441\u044b CASIO G-SHOCK GR-B300-1A4ER"},"content":{"rendered":"<p>V\u0103 prezent\u0103m GRAVITYMASTER GR-B300, un dispozitiv profesional inspirat din avia\u021bie, conceput pentru a func\u021biona chiar \u0219i \u00een cele mai dure condi\u021bii, din gama G-SHOCK MASTER of G.<\/p>\n<p>Ceasul are o construc\u021bie Carbon Core Guard, care asigur\u0103 rezisten\u021ba la \u0219ocuri, rigiditatea \u0219i rezisten\u021ba la coroziune a materialului carbonic utilizat \u00een fuselajele avioanelor. Carcasa din carbon plastic armat cu fibr\u0103 de carbon \u0219i designul f\u0103r\u0103 cus\u0103turi al lunetei, inspirat de avioanele de nou\u0103 genera\u021bie, sunt combinate \u00eentr-o form\u0103 \u00eendr\u0103znea\u021b\u0103 \u0219i puternic\u0103.<\/p>\n<p>Func\u021bia de salvare a datelor \u00een jurnalul de zbor permite \u00eenregistrarea loca\u021biei \u0219i a orei curente, iar afi\u0219ajul dublu al ceasului afi\u0219eaz\u0103 simultan ora \u00een dou\u0103 fusuri orare, permi\u021b\u00e2ndu-v\u0103 s\u0103 vede\u021bi lumea prin ochii unui pilot. \u00cen plus, atinge\u021bi aplica\u021bia pentru a comuta instantaneu \u00eentre ora local\u0103 \u0219i ora de acas\u0103 \u2014 o func\u021bie practic\u0103 care faciliteaz\u0103 considerabil c\u0103l\u0103toriile \u00een str\u0103in\u0103tate.<\/p>\n<p>Acele mari \u0219i bezelul metalic pun \u00een eviden\u021b\u0103 cadranul mare \u0219i asigur\u0103 func\u021bionalitatea, \u00eembun\u0103t\u0103\u021bind vizibilitatea, care este at\u00e2t de important\u0103 pentru pilo\u021bii a c\u0103ror munc\u0103 necesit\u0103 citirea intuitiv\u0103 a timpului.<\/p>\n<p>Discul rotativ \u00een pozi\u021bia \u201eora 9\u201d nu este doar func\u021bional, ci \u0219i estetic. Acesta se rote\u0219te nu numai pentru a afi\u0219a activarea\/dezactivarea alarmei \u0219i a cronometrului, ci \u0219i pentru a indica nivelul de \u00eenc\u0103rcare al bateriei.<\/p>\n<p>Gama de culori contrastante alb-negru, cu accente colorate pe cadran \u0219i butoane, aminte\u0219te de tabloul de bord al cabinei pilotului, iar nuan\u021bele \u00eentunecate reflect\u0103 func\u021bionalitatea practic\u0103 a lumii avia\u021biei.<\/p>\n<p>Componentele cheie din r\u0103\u0219in\u0103 utilizate \u00een carcas\u0103, lunet\u0103 \u0219i curea sunt fabricate din bio-r\u0103\u0219in\u0103, un material care se preconizeaz\u0103 c\u0103 va contribui la reducerea impactului asupra mediului.<\/p>","protected":false},"excerpt":{"rendered":"<p>V\u0103 prezent\u0103m GRAVITYMASTER GR-B300, un dispozitiv profesional inspirat din avia\u021bie, conceput pentru a func\u021biona chiar \u0219i \u00een cele mai dure condi\u021bii, din gama G-SHOCK MASTER of G. Ceasul are o construc\u021bie Carbon Core Guard, care asigur\u0103 rezisten\u021ba la \u0219ocuri, rigiditatea \u0219i rezisten\u021ba la coroziune a materialului carbonic utilizat \u00een fuselajele avioanelor. Carcasa din carbon plastic [&hellip;]<\/p>\n","protected":false},"featured_media":53829,"comment_status":"closed","ping_status":"open","template":"","meta":{"_acf_changed":false},"product_brand":[],"product_cat":[27,20,419],"product_tag":[],"class_list":{"0":"post-53828","1":"product","2":"type-product","3":"status-publish","4":"has-post-thumbnail","6":"product_cat-casio","7":"product_cat-ceasuri-barbati","8":"product_cat-g-shock","9":"pa_brand-casio","10":"pa_brand-g-shock","11":"pa_braslet-cauciuc","12":"pa_corpus-55-mm","13":"pa_forma-rotund","14":"pa_funcii-alarma","15":"pa_funcii-bluetooth-smart","16":"pa_funcii-cronograf","17":"pa_funcii-data","18":"pa_funcii-dual-time","19":"pa_funcii-iluminare","20":"pa_funcii-rezerva-de-energie","21":"pa_garatia-24-luni","22":"pa_korpus-argintiu","23":"pa_korpus-negru","24":"pa_kvarc-quartz","25":"pa_material-carbon","26":"pa_material-cauciuc","27":"pa_material-otel-inoxidabil","28":"pa_mehanizm-baterie-solara","29":"pa_mehanizm-quartz","30":"pa_remeshok-negru","31":"pa_steklo-cristal-mineral","32":"pa_strana-japonia","33":"pa_voda-20-atm","35":"first","36":"instock","37":"purchasable","38":"product-type-simple"},"acf":[],"_links":{"self":[{"href":"https:\/\/ceasuri.md\/ru\/wp-json\/wp\/v2\/product\/53828","targetHints":{"allow":["GET"]}}],"collection":[{"href":"https:\/\/ceasuri.md\/ru\/wp-json\/wp\/v2\/product"}],"about":[{"href":"https:\/\/ceasuri.md\/ru\/wp-json\/wp\/v2\/types\/product"}],"replies":[{"embeddable":true,"href":"https:\/\/ceasuri.md\/ru\/wp-json\/wp\/v2\/comments?post=53828"}],"wp:featuredmedia":[{"embeddable":true,"href":"https:\/\/ceasuri.md\/ru\/wp-json\/wp\/v2\/media\/53829"}],"wp:attachment":[{"href":"https:\/\/ceasuri.md\/ru\/wp-json\/wp\/v2\/media?parent=53828"}],"wp:term":[{"taxonomy":"product_brand","embeddable":true,"href":"https:\/\/ceasuri.md\/ru\/wp-json\/wp\/v2\/product_brand?post=53828"},{"taxonomy":"product_cat","embeddable":true,"href":"https:\/\/ceasuri.md\/ru\/wp-json\/wp\/v2\/product_cat?post=53828"},{"taxonomy":"product_tag","embeddable":true,"href":"https:\/\/ceasuri.md\/ru\/wp-json\/wp\/v2\/product_tag?post=53828"}],"curies":[{"name":"wp","href":"https:\/\/api.w.org\/{rel}","templated":true}]}}