{"id":53814,"date":"2026-04-03T00:03:47","date_gmt":"2026-04-02T21:03:47","guid":{"rendered":"http:\/\/new.ceasuri.md\/shop\/uncategorized\/casio-collection-lq-24b-3bef\/"},"modified":"2026-04-07T04:46:24","modified_gmt":"2026-04-07T01:46:24","slug":"casio-collection-lq-24b-3bef","status":"publish","type":"product","link":"https:\/\/ceasuri.md\/ru\/shop\/branduri\/casio\/casio-collection-lq-24b-3bef\/","title":{"rendered":"Ceas CASIO COLLECTION LQ-24B-3BEF"},"content":{"rendered":"<p>Ceas analogic cu design clasic, cu indicatoare pentru ore, minute \u0219i secunde, \u00eentr-un format mai compact \u0219i mai comod.<\/p>\n<p>Acele orare \u0219i minutare sunt vopsite \u00een culoarea indicatoarelor corespunz\u0103toare, ceea ce permite determinarea u\u0219oar\u0103 a orei. Alegerea ideal\u0103 pentru primul ceas.<\/p>\n<p>Cureaua este fabricat\u0103 din biopolimer, un material care, conform a\u0219tept\u0103rilor, va contribui la reducerea impactului asupra mediului.<\/p>","protected":false},"excerpt":{"rendered":"<p>Ceas analogic cu design clasic, cu indicatoare pentru ore, minute \u0219i secunde, \u00eentr-un format mai compact \u0219i mai comod. Acele orare \u0219i minutare sunt vopsite \u00een culoarea indicatoarelor corespunz\u0103toare, ceea ce permite determinarea u\u0219oar\u0103 a orei. Alegerea ideal\u0103 pentru primul ceas. Cureaua este fabricat\u0103 din biopolimer, un material care, conform a\u0219tept\u0103rilor, va contribui la reducerea [&hellip;]<\/p>\n","protected":false},"featured_media":53815,"comment_status":"closed","ping_status":"open","template":"","meta":{"_acf_changed":false},"product_brand":[],"product_cat":[27,25,565],"product_tag":[],"class_list":{"0":"post-53814","1":"product","2":"type-product","3":"status-publish","4":"has-post-thumbnail","6":"product_cat-casio","7":"product_cat-ceasuri-dama","8":"product_cat-pentru-fete","9":"pa_brand-casio","10":"pa_braslet-plastic","11":"pa_corpus-32-mm","12":"pa_forma-rotund","13":"pa_garatia-24-luni","14":"pa_korpus-verde","15":"pa_material-plastic","16":"pa_mehanizm-quartz","17":"pa_remeshok-verde","18":"pa_steklo-plastic","19":"pa_strana-japonia","20":"pa_voda-3-atm","22":"first","23":"instock","24":"purchasable","25":"product-type-simple"},"acf":[],"_links":{"self":[{"href":"https:\/\/ceasuri.md\/ru\/wp-json\/wp\/v2\/product\/53814","targetHints":{"allow":["GET"]}}],"collection":[{"href":"https:\/\/ceasuri.md\/ru\/wp-json\/wp\/v2\/product"}],"about":[{"href":"https:\/\/ceasuri.md\/ru\/wp-json\/wp\/v2\/types\/product"}],"replies":[{"embeddable":true,"href":"https:\/\/ceasuri.md\/ru\/wp-json\/wp\/v2\/comments?post=53814"}],"wp:featuredmedia":[{"embeddable":true,"href":"https:\/\/ceasuri.md\/ru\/wp-json\/wp\/v2\/media\/53815"}],"wp:attachment":[{"href":"https:\/\/ceasuri.md\/ru\/wp-json\/wp\/v2\/media?parent=53814"}],"wp:term":[{"taxonomy":"product_brand","embeddable":true,"href":"https:\/\/ceasuri.md\/ru\/wp-json\/wp\/v2\/product_brand?post=53814"},{"taxonomy":"product_cat","embeddable":true,"href":"https:\/\/ceasuri.md\/ru\/wp-json\/wp\/v2\/product_cat?post=53814"},{"taxonomy":"product_tag","embeddable":true,"href":"https:\/\/ceasuri.md\/ru\/wp-json\/wp\/v2\/product_tag?post=53814"}],"curies":[{"name":"wp","href":"https:\/\/api.w.org\/{rel}","templated":true}]}}