{"id":53804,"date":"2026-04-03T00:03:47","date_gmt":"2026-04-02T21:03:47","guid":{"rendered":"http:\/\/new.ceasuri.md\/shop\/uncategorized\/casio-collection-mq-24b-1bef\/"},"modified":"2026-04-07T04:46:23","modified_gmt":"2026-04-07T01:46:23","slug":"casio-collection-mq-24b-1bef","status":"publish","type":"product","link":"https:\/\/ceasuri.md\/ru\/shop\/branduri\/casio\/casio-collection-mq-24b-1bef\/","title":{"rendered":"Ceas CASIO COLLECTION MQ-24B-1BEF"},"content":{"rendered":"<p>Cele mai v\u00e2ndute ceasuri s-au \u00eentors, acum fabricate din materiale mai ecologice.<\/p>\n<p>Designul se remarc\u0103 prin simplitatea indexurilor digitale, \u00een diferite variante de culori monocrome, care confer\u0103 ceasurilor un aspect minimalist \u0219i rafinat.<\/p>\n<p>Cureaua este fabricat\u0103 din biopolimer, un material care, conform a\u0219tept\u0103rilor, va contribui la reducerea impactului asupra mediului.<\/p>","protected":false},"excerpt":{"rendered":"<p>Cele mai v\u00e2ndute ceasuri s-au \u00eentors, acum fabricate din materiale mai ecologice. Designul se remarc\u0103 prin simplitatea indexurilor digitale, \u00een diferite variante de culori monocrome, care confer\u0103 ceasurilor un aspect minimalist \u0219i rafinat. Cureaua este fabricat\u0103 din biopolimer, un material care, conform a\u0219tept\u0103rilor, va contribui la reducerea impactului asupra mediului.<\/p>","protected":false},"featured_media":53805,"comment_status":"closed","ping_status":"open","template":"","meta":{"_acf_changed":false},"product_brand":[],"product_cat":[27,25,565],"product_tag":[],"class_list":{"0":"post-53804","1":"product","2":"type-product","3":"status-publish","4":"has-post-thumbnail","6":"product_cat-casio","7":"product_cat-ceasuri-dama","8":"product_cat-pentru-fete","9":"pa_brand-casio","10":"pa_braslet-plastic","11":"pa_corpus-35-mm","12":"pa_forma-rotund","13":"pa_garatia-24-luni","14":"pa_korpus-negru","15":"pa_material-plastic","16":"pa_mehanizm-quartz","17":"pa_remeshok-negru","18":"pa_steklo-plastic","19":"pa_strana-japonia","20":"pa_voda-3-atm","22":"first","23":"instock","24":"purchasable","25":"product-type-simple"},"acf":[],"_links":{"self":[{"href":"https:\/\/ceasuri.md\/ru\/wp-json\/wp\/v2\/product\/53804","targetHints":{"allow":["GET"]}}],"collection":[{"href":"https:\/\/ceasuri.md\/ru\/wp-json\/wp\/v2\/product"}],"about":[{"href":"https:\/\/ceasuri.md\/ru\/wp-json\/wp\/v2\/types\/product"}],"replies":[{"embeddable":true,"href":"https:\/\/ceasuri.md\/ru\/wp-json\/wp\/v2\/comments?post=53804"}],"wp:featuredmedia":[{"embeddable":true,"href":"https:\/\/ceasuri.md\/ru\/wp-json\/wp\/v2\/media\/53805"}],"wp:attachment":[{"href":"https:\/\/ceasuri.md\/ru\/wp-json\/wp\/v2\/media?parent=53804"}],"wp:term":[{"taxonomy":"product_brand","embeddable":true,"href":"https:\/\/ceasuri.md\/ru\/wp-json\/wp\/v2\/product_brand?post=53804"},{"taxonomy":"product_cat","embeddable":true,"href":"https:\/\/ceasuri.md\/ru\/wp-json\/wp\/v2\/product_cat?post=53804"},{"taxonomy":"product_tag","embeddable":true,"href":"https:\/\/ceasuri.md\/ru\/wp-json\/wp\/v2\/product_tag?post=53804"}],"curies":[{"name":"wp","href":"https:\/\/api.w.org\/{rel}","templated":true}]}}