{"id":53790,"date":"2026-04-03T00:03:47","date_gmt":"2026-04-02T21:03:47","guid":{"rendered":"http:\/\/new.ceasuri.md\/shop\/uncategorized\/casio-collection-mtp-1302pe-2avef\/"},"modified":"2026-04-15T20:43:47","modified_gmt":"2026-04-15T17:43:47","slug":"casio-collection-mtp-1302pe-2avef","status":"publish","type":"product","link":"https:\/\/ceasuri.md\/ru\/shop\/branduri\/casio\/casio-collection-mtp-1302pe-2avef\/","title":{"rendered":"Ceas CASIO COLLECTION MTP-1302PE-2AVEF"},"content":{"rendered":"<p>Ceas elegant, ideal pentru b\u0103rba\u021bii care apreciaz\u0103 stilul clasic \u0219i fiabilitatea.<\/p>\n<p>Carcasa din alam\u0103 argintie se potrive\u0219te perfect cu cadranul albastru cu textur\u0103 fin\u0103, conferind ceasului un aspect rafinat. Cadranul este protejat de sticl\u0103 mineral\u0103.<\/p>\n<p>Mecanismul cu cuar\u021b de fabrica\u021bie japonez\u0103 asigur\u0103 o func\u021bionare precis\u0103.<\/p>\n<p>Bracetul argintiu din o\u021bel inoxidabil adaug\u0103 elegan\u021b\u0103 \u0219i confort la purtare.<\/p>\n<p>Ceasul este rezistent la ap\u0103 p\u00e2n\u0103 la 50 de metri.<\/p>","protected":false},"excerpt":{"rendered":"<p>Ceas elegant, ideal pentru b\u0103rba\u021bii care apreciaz\u0103 stilul clasic \u0219i fiabilitatea. Carcasa din alam\u0103 argintie se potrive\u0219te perfect cu cadranul albastru cu textur\u0103 fin\u0103, conferind ceasului un aspect rafinat. Cadranul este protejat de sticl\u0103 mineral\u0103. Mecanismul cu cuar\u021b de fabrica\u021bie japonez\u0103 asigur\u0103 o func\u021bionare precis\u0103. Bracetul argintiu din o\u021bel inoxidabil adaug\u0103 elegan\u021b\u0103 \u0219i confort la [&hellip;]<\/p>\n","protected":false},"featured_media":53791,"comment_status":"closed","ping_status":"open","template":"","meta":{"_acf_changed":false},"product_brand":[],"product_cat":[27,20],"product_tag":[],"class_list":{"0":"post-53790","1":"product","2":"type-product","3":"status-publish","4":"has-post-thumbnail","6":"product_cat-casio","7":"product_cat-ceasuri-barbati","8":"pa_brand-casio","9":"pa_braslet-otel-inoxidabil","10":"pa_corpus-39-mm","11":"pa_forma-rotund","12":"pa_funcii-data","13":"pa_garatia-24-luni","14":"pa_korpus-argintiu","15":"pa_kvarc-quartz","16":"pa_material-alama","17":"pa_mehanizm-quartz","18":"pa_remeshok-argintiu","19":"pa_steklo-cristal-mineral","20":"pa_strana-japonia","21":"pa_voda-5-atm","23":"first","24":"instock","25":"purchasable","26":"product-type-simple"},"acf":[],"_links":{"self":[{"href":"https:\/\/ceasuri.md\/ru\/wp-json\/wp\/v2\/product\/53790","targetHints":{"allow":["GET"]}}],"collection":[{"href":"https:\/\/ceasuri.md\/ru\/wp-json\/wp\/v2\/product"}],"about":[{"href":"https:\/\/ceasuri.md\/ru\/wp-json\/wp\/v2\/types\/product"}],"replies":[{"embeddable":true,"href":"https:\/\/ceasuri.md\/ru\/wp-json\/wp\/v2\/comments?post=53790"}],"wp:featuredmedia":[{"embeddable":true,"href":"https:\/\/ceasuri.md\/ru\/wp-json\/wp\/v2\/media\/53791"}],"wp:attachment":[{"href":"https:\/\/ceasuri.md\/ru\/wp-json\/wp\/v2\/media?parent=53790"}],"wp:term":[{"taxonomy":"product_brand","embeddable":true,"href":"https:\/\/ceasuri.md\/ru\/wp-json\/wp\/v2\/product_brand?post=53790"},{"taxonomy":"product_cat","embeddable":true,"href":"https:\/\/ceasuri.md\/ru\/wp-json\/wp\/v2\/product_cat?post=53790"},{"taxonomy":"product_tag","embeddable":true,"href":"https:\/\/ceasuri.md\/ru\/wp-json\/wp\/v2\/product_tag?post=53790"}],"curies":[{"name":"wp","href":"https:\/\/api.w.org\/{rel}","templated":true}]}}