{"id":53787,"date":"2026-04-03T00:03:47","date_gmt":"2026-04-02T21:03:47","guid":{"rendered":"http:\/\/new.ceasuri.md\/shop\/uncategorized\/casio-collection-mtp-1302pe-4avef\/"},"modified":"2026-04-20T01:34:41","modified_gmt":"2026-04-19T22:34:41","slug":"casio-collection-mtp-1302pe-4avef","status":"publish","type":"product","link":"https:\/\/ceasuri.md\/ru\/shop\/branduri\/casio\/casio-collection-mtp-1302pe-4avef\/","title":{"rendered":"Ceas CASIO COLLECTION MTP-1302PE-4AVEF"},"content":{"rendered":"<p>Ceas elegant, ideal pentru b\u0103rba\u021bii care apreciaz\u0103 stilul \u0219i fiabilitatea.<\/p>\n<p>Carcasa din alam\u0103 argintie se potrive\u0219te perfect cu cadranul roz cu textur\u0103 delicat\u0103, cre\u00e2nd un aspect rafinat \u0219i modern. Cadranul este protejat de sticl\u0103 mineral\u0103.<\/p>\n<p>Mecanismul cu cuar\u021b de fabrica\u021bie japonez\u0103 asigur\u0103 precizia.<\/p>\n<p>Bracetul argintiu din o\u021bel inoxidabil adaug\u0103 elegan\u021b\u0103 \u0219i confort la purtare.<\/p>\n<p>Modelul este rezistent la ap\u0103 p\u00e2n\u0103 la 50 de metri.<\/p>","protected":false},"excerpt":{"rendered":"<p>Ceas elegant, ideal pentru b\u0103rba\u021bii care apreciaz\u0103 stilul \u0219i fiabilitatea. Carcasa din alam\u0103 argintie se potrive\u0219te perfect cu cadranul roz cu textur\u0103 delicat\u0103, cre\u00e2nd un aspect rafinat \u0219i modern. Cadranul este protejat de sticl\u0103 mineral\u0103. Mecanismul cu cuar\u021b de fabrica\u021bie japonez\u0103 asigur\u0103 precizia. Bracetul argintiu din o\u021bel inoxidabil adaug\u0103 elegan\u021b\u0103 \u0219i confort la purtare. Modelul [&hellip;]<\/p>\n","protected":false},"featured_media":53788,"comment_status":"closed","ping_status":"open","template":"","meta":{"_acf_changed":false},"product_brand":[],"product_cat":[27,20],"product_tag":[],"class_list":{"0":"post-53787","1":"product","2":"type-product","3":"status-publish","4":"has-post-thumbnail","6":"product_cat-casio","7":"product_cat-ceasuri-barbati","8":"pa_brand-casio","9":"pa_braslet-otel-inoxidabil","10":"pa_corpus-39-mm","11":"pa_forma-rotund","12":"pa_funcii-data","13":"pa_garatia-24-luni","14":"pa_korpus-argintiu","15":"pa_kvarc-quartz","16":"pa_material-alama","17":"pa_mehanizm-quartz","18":"pa_remeshok-argintiu","19":"pa_steklo-cristal-mineral","20":"pa_strana-japonia","21":"pa_voda-5-atm","23":"first","24":"instock","25":"purchasable","26":"product-type-simple"},"acf":[],"_links":{"self":[{"href":"https:\/\/ceasuri.md\/ru\/wp-json\/wp\/v2\/product\/53787","targetHints":{"allow":["GET"]}}],"collection":[{"href":"https:\/\/ceasuri.md\/ru\/wp-json\/wp\/v2\/product"}],"about":[{"href":"https:\/\/ceasuri.md\/ru\/wp-json\/wp\/v2\/types\/product"}],"replies":[{"embeddable":true,"href":"https:\/\/ceasuri.md\/ru\/wp-json\/wp\/v2\/comments?post=53787"}],"wp:featuredmedia":[{"embeddable":true,"href":"https:\/\/ceasuri.md\/ru\/wp-json\/wp\/v2\/media\/53788"}],"wp:attachment":[{"href":"https:\/\/ceasuri.md\/ru\/wp-json\/wp\/v2\/media?parent=53787"}],"wp:term":[{"taxonomy":"product_brand","embeddable":true,"href":"https:\/\/ceasuri.md\/ru\/wp-json\/wp\/v2\/product_brand?post=53787"},{"taxonomy":"product_cat","embeddable":true,"href":"https:\/\/ceasuri.md\/ru\/wp-json\/wp\/v2\/product_cat?post=53787"},{"taxonomy":"product_tag","embeddable":true,"href":"https:\/\/ceasuri.md\/ru\/wp-json\/wp\/v2\/product_tag?post=53787"}],"curies":[{"name":"wp","href":"https:\/\/api.w.org\/{rel}","templated":true}]}}