{"id":53784,"date":"2026-04-03T00:03:47","date_gmt":"2026-04-02T21:03:47","guid":{"rendered":"http:\/\/new.ceasuri.md\/shop\/uncategorized\/casio-collection-mtp-1302pgl-9avef\/"},"modified":"2026-04-07T04:46:17","modified_gmt":"2026-04-07T01:46:17","slug":"casio-collection-mtp-1302pgl-9avef","status":"publish","type":"product","link":"https:\/\/ceasuri.md\/ru\/shop\/branduri\/casio\/casio-collection-mtp-1302pgl-9avef\/","title":{"rendered":"Ceas CASIO COLLECTION MTP-1302PGL-9AVEF"},"content":{"rendered":"<p>Ceas elegant, ideal pentru b\u0103rba\u021bii care apreciaz\u0103 designul clasic \u0219i fiabilitatea.<\/p>\n<p>Carcasa din alam\u0103 cu acoperire IP aurie se potrive\u0219te perfect cu cadranul cu model solar, cre\u00e2nd un aspect rafinat. Cadranul este protejat de sticl\u0103 mineral\u0103.<\/p>\n<p>Mecanismul cu cuar\u021b de fabrica\u021bie japonez\u0103 asigur\u0103 o func\u021bionare precis\u0103. Ceasul este dotat cu dat\u0103, ceea ce \u00eei confer\u0103 un plus de func\u021bionalitate.<\/p>\n<p>Cureaua din piele maro adaug\u0103 elegan\u021b\u0103 \u0219i confort proprietarului.<\/p>\n<p>Modelul este rezistent la ap\u0103 p\u00e2n\u0103 la 50 de metri.<\/p>","protected":false},"excerpt":{"rendered":"<p>Ceas elegant, ideal pentru b\u0103rba\u021bii care apreciaz\u0103 designul clasic \u0219i fiabilitatea. Carcasa din alam\u0103 cu acoperire IP aurie se potrive\u0219te perfect cu cadranul cu model solar, cre\u00e2nd un aspect rafinat. Cadranul este protejat de sticl\u0103 mineral\u0103. Mecanismul cu cuar\u021b de fabrica\u021bie japonez\u0103 asigur\u0103 o func\u021bionare precis\u0103. Ceasul este dotat cu dat\u0103, ceea ce \u00eei confer\u0103 [&hellip;]<\/p>\n","protected":false},"featured_media":53785,"comment_status":"closed","ping_status":"open","template":"","meta":{"_acf_changed":false},"product_brand":[],"product_cat":[27,20],"product_tag":[],"class_list":{"0":"post-53784","1":"product","2":"type-product","3":"status-publish","4":"has-post-thumbnail","6":"product_cat-casio","7":"product_cat-ceasuri-barbati","8":"pa_brand-casio","9":"pa_braslet-piele","10":"pa_corpus-39-mm","11":"pa_forma-rotund","12":"pa_funcii-data","13":"pa_garatia-24-luni","14":"pa_korpus-auriu","15":"pa_material-alama","16":"pa_mehanizm-quartz","17":"pa_remeshok-maro","18":"pa_steklo-cristal-mineral","19":"pa_strana-japonia","20":"pa_voda-5-atm","22":"first","23":"instock","24":"purchasable","25":"product-type-simple"},"acf":[],"_links":{"self":[{"href":"https:\/\/ceasuri.md\/ru\/wp-json\/wp\/v2\/product\/53784","targetHints":{"allow":["GET"]}}],"collection":[{"href":"https:\/\/ceasuri.md\/ru\/wp-json\/wp\/v2\/product"}],"about":[{"href":"https:\/\/ceasuri.md\/ru\/wp-json\/wp\/v2\/types\/product"}],"replies":[{"embeddable":true,"href":"https:\/\/ceasuri.md\/ru\/wp-json\/wp\/v2\/comments?post=53784"}],"wp:featuredmedia":[{"embeddable":true,"href":"https:\/\/ceasuri.md\/ru\/wp-json\/wp\/v2\/media\/53785"}],"wp:attachment":[{"href":"https:\/\/ceasuri.md\/ru\/wp-json\/wp\/v2\/media?parent=53784"}],"wp:term":[{"taxonomy":"product_brand","embeddable":true,"href":"https:\/\/ceasuri.md\/ru\/wp-json\/wp\/v2\/product_brand?post=53784"},{"taxonomy":"product_cat","embeddable":true,"href":"https:\/\/ceasuri.md\/ru\/wp-json\/wp\/v2\/product_cat?post=53784"},{"taxonomy":"product_tag","embeddable":true,"href":"https:\/\/ceasuri.md\/ru\/wp-json\/wp\/v2\/product_tag?post=53784"}],"curies":[{"name":"wp","href":"https:\/\/api.w.org\/{rel}","templated":true}]}}