{"id":53777,"date":"2026-04-03T00:03:47","date_gmt":"2026-04-02T21:03:47","guid":{"rendered":"http:\/\/new.ceasuri.md\/shop\/uncategorized\/tutima-m2-seven-seas-6151-02-105944\/"},"modified":"2026-04-20T01:33:35","modified_gmt":"2026-04-19T22:33:35","slug":"tutima-m2-seven-seas-6151-02-105944","status":"publish","type":"product","link":"https:\/\/ceasuri.md\/ru\/shop\/branduri\/tutima\/tutima-m2-seven-seas-6151-02-105944\/","title":{"rendered":"Ceas TUTIMA M2 SEVEN SEAS 6151-02-105944"},"content":{"rendered":"<p>De la \u00eenfiin\u021barea sa \u00een 1927 ca unul dintre primii produc\u0103tori de ceasuri Glashuette, Tutima s-a concentrat \u00een mod constant pe furnizarea de ceasuri de \u00eenalt\u0103 precizie, \u00een conformitate cu cele mai \u00eenalte standarde germane \u00een domeniul ceasornic\u0103riei.<\/p>\n<p>Ast\u0103zi, ceasurile Tutima reprezint\u0103 nu numai calitatea optim\u0103, ci \u0219i precizia tehnic\u0103 \u0219i finisajul rafinat Glashuette, apreciate \u00een \u00eentreaga lume.<\/p>\n<p>Func\u021bionalitate f\u0103r\u0103 compromisuri \u0219i fiabilitate absolut\u0103 &#8211; principiile de baz\u0103 ale cronometr\u0103rii profesionale. Cronograful NATO de la Tutima, dezvoltat \u00een 1984 \u0219i care este \u00eenc\u0103 ceasul oficial al pilo\u021bilor militari germani, \u0219i-a dovedit eficien\u021ba \u00een utilizarea global\u0103 de-a lungul deceniilor. Acum a ap\u0103rut modelul M2, care va continua povestea de succes a acestor ceasuri clasice.<\/p>\n<p>Fabricate din titan de \u00eenalt\u0103 calitate, ceasurile sunt echipate cu o lunet\u0103 rotativ\u0103, iluminare puternic\u0103 \u0219i un cadran cu contrast excelent pentru o func\u021bionare optim\u0103, durabilitate \u0219i confort la purtare.<\/p>","protected":false},"excerpt":{"rendered":"<p>De la \u00eenfiin\u021barea sa \u00een 1927 ca unul dintre primii produc\u0103tori de ceasuri Glashuette, Tutima s-a concentrat \u00een mod constant pe furnizarea de ceasuri de \u00eenalt\u0103 precizie, \u00een conformitate cu cele mai \u00eenalte standarde germane \u00een domeniul ceasornic\u0103riei. Ast\u0103zi, ceasurile Tutima reprezint\u0103 nu numai calitatea optim\u0103, ci \u0219i precizia tehnic\u0103 \u0219i finisajul rafinat Glashuette, apreciate [&hellip;]<\/p>\n","protected":false},"featured_media":53778,"comment_status":"closed","ping_status":"open","template":"","meta":{"_acf_changed":false},"product_brand":[],"product_cat":[20,106,628],"product_tag":[],"class_list":{"0":"post-53777","1":"product","2":"type-product","3":"status-publish","4":"has-post-thumbnail","6":"product_cat-ceasuri-barbati","7":"product_cat-ceasuri-premium","8":"product_cat-tutima","9":"pa_brand-tutima","10":"pa_braslet-titan","11":"pa_corpus-44-mm","12":"pa_forma-rotund","13":"pa_funcii-data","14":"pa_funcii-ziua-saptamanii","15":"pa_garatia-24-luni","16":"pa_korpus-argintiu","17":"pa_material-titan","18":"pa_mehanizm-mecanic","19":"pa_mehanizm-mecanism-automatic","20":"pa_remeshok-argintiu","21":"pa_steklo-cristal-safir","22":"pa_strana-germania","23":"pa_voda-50-atm","25":"first","26":"instock","27":"purchasable","28":"product-type-simple"},"acf":[],"_links":{"self":[{"href":"https:\/\/ceasuri.md\/ru\/wp-json\/wp\/v2\/product\/53777","targetHints":{"allow":["GET"]}}],"collection":[{"href":"https:\/\/ceasuri.md\/ru\/wp-json\/wp\/v2\/product"}],"about":[{"href":"https:\/\/ceasuri.md\/ru\/wp-json\/wp\/v2\/types\/product"}],"replies":[{"embeddable":true,"href":"https:\/\/ceasuri.md\/ru\/wp-json\/wp\/v2\/comments?post=53777"}],"wp:featuredmedia":[{"embeddable":true,"href":"https:\/\/ceasuri.md\/ru\/wp-json\/wp\/v2\/media\/53778"}],"wp:attachment":[{"href":"https:\/\/ceasuri.md\/ru\/wp-json\/wp\/v2\/media?parent=53777"}],"wp:term":[{"taxonomy":"product_brand","embeddable":true,"href":"https:\/\/ceasuri.md\/ru\/wp-json\/wp\/v2\/product_brand?post=53777"},{"taxonomy":"product_cat","embeddable":true,"href":"https:\/\/ceasuri.md\/ru\/wp-json\/wp\/v2\/product_cat?post=53777"},{"taxonomy":"product_tag","embeddable":true,"href":"https:\/\/ceasuri.md\/ru\/wp-json\/wp\/v2\/product_tag?post=53777"}],"curies":[{"name":"wp","href":"https:\/\/api.w.org\/{rel}","templated":true}]}}