{"id":53763,"date":"2026-04-03T00:03:02","date_gmt":"2026-04-02T21:03:02","guid":{"rendered":"http:\/\/new.ceasuri.md\/shop\/uncategorized\/tutima-saxon-one-m-6121-05-88758\/"},"modified":"2026-04-07T04:46:12","modified_gmt":"2026-04-07T01:46:12","slug":"tutima-saxon-one-m-6121-05-88758","status":"publish","type":"product","link":"https:\/\/ceasuri.md\/ru\/shop\/branduri\/tutima\/tutima-saxon-one-m-6121-05-88758\/","title":{"rendered":"Ceas TUTIMA SAXON ONE M 6121-05-88758"},"content":{"rendered":"<p>Saxon One este o colec\u021bie \u00eenc\u0103 t\u00e2n\u0103r\u0103, care a fost prezentat\u0103 pentru prima dat\u0103 la expozi\u021bia Baselworld 2017. Primele modele erau echipate cu un cronograf automat sau un calibru automat cu dat\u0103, ambele fiind relativ mari la \u00eencheietura m\u00e2inii \u2014 43 mm \u0219i, respectiv, 42 mm \u2014 dimensiuni care p\u0103reau standard, dar datorit\u0103 carcasei \u00een form\u0103 de butoi, aceste ceasuri p\u0103reau mai mari dec\u00e2t era de a\u0219teptat. Deoarece nu toat\u0103 lumea dore\u0219te s\u0103 poarte ceasuri at\u00e2t de masive, marca german\u0103 Tutima a decis s\u0103 lanseze o versiune mai elegant\u0103 \u0219i clasic\u0103: Saxon One M 40 mm. Designul noii versiuni a r\u0103mas practic neschimbat.<\/p>\n<p>Lunet\u0103 este perfect rotund\u0103, cu profil striat, ceea ce confer\u0103 ceasului un aspect mai sportiv \u0219i aminte\u0219te oarecum de luneta ceasurilor Flieger. Butonul de \u00eenf\u0103\u0219urare m\u0103rit asigur\u0103 impermeabilitatea \u0219i confortul \u00een utilizare. Carcasa este frumos realizat\u0103, cu o construc\u021bie robust\u0103 \u0219i suprafe\u021be bine finisate.<\/p>\n<p>Diametrul de 40 mm asigur\u0103 confortul purt\u0103rii \u0219i face ceasul Tutima Saxon One M mai u\u0219or, mai ales atunci c\u00e2nd este purtat cu curea de piele. Carcasa este \u00een continuare relativ masiv\u0103 datorit\u0103 formei sale, dar r\u0103m\u00e2ne suficient de sub\u021bire pentru a purta ceasul cu o c\u0103ma\u0219\u0103 elegant\u0103.<\/p>","protected":false},"excerpt":{"rendered":"<p>Saxon One este o colec\u021bie \u00eenc\u0103 t\u00e2n\u0103r\u0103, care a fost prezentat\u0103 pentru prima dat\u0103 la expozi\u021bia Baselworld 2017. Primele modele erau echipate cu un cronograf automat sau un calibru automat cu dat\u0103, ambele fiind relativ mari la \u00eencheietura m\u00e2inii \u2014 43 mm \u0219i, respectiv, 42 mm \u2014 dimensiuni care p\u0103reau standard, dar datorit\u0103 carcasei \u00een [&hellip;]<\/p>\n","protected":false},"featured_media":53764,"comment_status":"closed","ping_status":"open","template":"","meta":{"_acf_changed":false},"product_brand":[],"product_cat":[20,106,628],"product_tag":[],"class_list":{"0":"post-53763","1":"product","2":"type-product","3":"status-publish","4":"has-post-thumbnail","6":"product_cat-ceasuri-barbati","7":"product_cat-ceasuri-premium","8":"product_cat-tutima","9":"pa_brand-tutima","10":"pa_braslet-otel-inoxidabil","11":"pa_corpus-40mm","12":"pa_forma-butoi","13":"pa_funcii-data","14":"pa_funcii-ziua-saptamanii","15":"pa_garatia-24-luni","16":"pa_korpus-argintiu","17":"pa_material-otel-inoxidabil","18":"pa_mehanizm-mecanic","19":"pa_mehanizm-mecanism-automatic","20":"pa_remeshok-argintiu","21":"pa_steklo-cristal-safir","22":"pa_strana-germania","23":"pa_voda-10-atm","25":"first","26":"instock","27":"purchasable","28":"product-type-simple"},"acf":[],"yoast_head":"<!-- This site is optimized with the Yoast SEO plugin v27.3 - https:\/\/yoast.com\/product\/yoast-seo-wordpress\/ -->\n<title>TUTIMA SAXON ONE M 6121-05-88758 - Cronograf<\/title>\n<meta name=\"robots\" content=\"index, follow, max-snippet:-1, max-image-preview:large, max-video-preview:-1\" \/>\n<link rel=\"canonical\" href=\"https:\/\/ceasuri.md\/ru\/shop\/branduri\/tutima\/tutima-saxon-one-m-6121-05-88758\/\" \/>\n<meta property=\"og:locale\" content=\"ru_RU\" \/>\n<meta property=\"og:type\" content=\"article\" \/>\n<meta property=\"og:title\" content=\"TUTIMA SAXON ONE M 6121-05-88758 - Cronograf\" \/>\n<meta property=\"og:description\" content=\"Saxon One este o colec\u021bie \u00eenc\u0103 t\u00e2n\u0103r\u0103, care a fost prezentat\u0103 pentru prima dat\u0103 la expozi\u021bia Baselworld 2017. Primele modele erau echipate cu un cronograf automat sau un calibru automat cu dat\u0103, ambele fiind relativ mari la \u00eencheietura m\u00e2inii \u2014 43 mm \u0219i, respectiv, 42 mm \u2014 dimensiuni care p\u0103reau standard, dar datorit\u0103 carcasei \u00een [&hellip;]\" \/>\n<meta property=\"og:url\" content=\"https:\/\/ceasuri.md\/ru\/shop\/branduri\/tutima\/tutima-saxon-one-m-6121-05-88758\/\" \/>\n<meta property=\"og:site_name\" content=\"Cronograf\" \/>\n<meta property=\"article:modified_time\" content=\"2026-04-07T01:46:12+00:00\" \/>\n<meta property=\"og:image\" content=\"https:\/\/ceasuri.md\/wp-content\/uploads\/6121-05-88758.webp\" \/>\n\t<meta property=\"og:image:width\" content=\"600\" \/>\n\t<meta property=\"og:image:height\" content=\"800\" \/>\n\t<meta property=\"og:image:type\" content=\"image\/webp\" \/>\n<meta name=\"twitter:card\" content=\"summary_large_image\" \/>\n<meta name=\"twitter:label1\" content=\"\u041f\u0440\u0438\u043c\u0435\u0440\u043d\u043e\u0435 \u0432\u0440\u0435\u043c\u044f \u0434\u043b\u044f \u0447\u0442\u0435\u043d\u0438\u044f\" \/>\n\t<meta name=\"twitter:data1\" content=\"1 \u043c\u0438\u043d\u0443\u0442\u0430\" \/>\n<script type=\"application\/ld+json\" class=\"yoast-schema-graph\">{\"@context\":\"https:\\\/\\\/schema.org\",\"@graph\":[{\"@type\":\"WebPage\",\"@id\":\"https:\\\/\\\/ceasuri.md\\\/shop\\\/branduri\\\/tutima\\\/tutima-saxon-one-m-6121-05-88758\\\/\",\"url\":\"https:\\\/\\\/ceasuri.md\\\/shop\\\/branduri\\\/tutima\\\/tutima-saxon-one-m-6121-05-88758\\\/\",\"name\":\"TUTIMA SAXON ONE M 6121-05-88758 - Cronograf\",\"isPartOf\":{\"@id\":\"https:\\\/\\\/ceasuri.md\\\/ru\\\/#website\"},\"primaryImageOfPage\":{\"@id\":\"https:\\\/\\\/ceasuri.md\\\/shop\\\/branduri\\\/tutima\\\/tutima-saxon-one-m-6121-05-88758\\\/#primaryimage\"},\"image\":{\"@id\":\"https:\\\/\\\/ceasuri.md\\\/shop\\\/branduri\\\/tutima\\\/tutima-saxon-one-m-6121-05-88758\\\/#primaryimage\"},\"thumbnailUrl\":\"https:\\\/\\\/ceasuri.md\\\/wp-content\\\/uploads\\\/6121-05-88758.webp\",\"datePublished\":\"2026-04-02T21:03:02+00:00\",\"dateModified\":\"2026-04-07T01:46:12+00:00\",\"breadcrumb\":{\"@id\":\"https:\\\/\\\/ceasuri.md\\\/shop\\\/branduri\\\/tutima\\\/tutima-saxon-one-m-6121-05-88758\\\/#breadcrumb\"},\"inLanguage\":\"ru-RU\",\"potentialAction\":[{\"@type\":\"ReadAction\",\"target\":[\"https:\\\/\\\/ceasuri.md\\\/shop\\\/branduri\\\/tutima\\\/tutima-saxon-one-m-6121-05-88758\\\/\"]}]},{\"@type\":\"ImageObject\",\"inLanguage\":\"ru-RU\",\"@id\":\"https:\\\/\\\/ceasuri.md\\\/shop\\\/branduri\\\/tutima\\\/tutima-saxon-one-m-6121-05-88758\\\/#primaryimage\",\"url\":\"https:\\\/\\\/ceasuri.md\\\/wp-content\\\/uploads\\\/6121-05-88758.webp\",\"contentUrl\":\"https:\\\/\\\/ceasuri.md\\\/wp-content\\\/uploads\\\/6121-05-88758.webp\",\"width\":600,\"height\":800},{\"@type\":\"BreadcrumbList\",\"@id\":\"https:\\\/\\\/ceasuri.md\\\/shop\\\/branduri\\\/tutima\\\/tutima-saxon-one-m-6121-05-88758\\\/#breadcrumb\",\"itemListElement\":[{\"@type\":\"ListItem\",\"position\":1,\"name\":\"Home\",\"item\":\"https:\\\/\\\/ceasuri.md\\\/\"},{\"@type\":\"ListItem\",\"position\":2,\"name\":\"Magazin\",\"item\":\"https:\\\/\\\/ceasuri.md\\\/shop\\\/\"},{\"@type\":\"ListItem\",\"position\":3,\"name\":\"Ceas TUTIMA SAXON ONE M 6121-05-88758\"}]},{\"@type\":\"WebSite\",\"@id\":\"https:\\\/\\\/ceasuri.md\\\/ru\\\/#website\",\"url\":\"https:\\\/\\\/ceasuri.md\\\/ru\\\/\",\"name\":\"Cronograf\",\"description\":\"\",\"publisher\":{\"@id\":\"https:\\\/\\\/ceasuri.md\\\/ru\\\/#organization\"},\"potentialAction\":[{\"@type\":\"SearchAction\",\"target\":{\"@type\":\"EntryPoint\",\"urlTemplate\":\"https:\\\/\\\/ceasuri.md\\\/ru\\\/?s={search_term_string}\"},\"query-input\":{\"@type\":\"PropertyValueSpecification\",\"valueRequired\":true,\"valueName\":\"search_term_string\"}}],\"inLanguage\":\"ru-RU\"},{\"@type\":\"Organization\",\"@id\":\"https:\\\/\\\/ceasuri.md\\\/ru\\\/#organization\",\"name\":\"Cronograf\",\"url\":\"https:\\\/\\\/ceasuri.md\\\/ru\\\/\",\"logo\":{\"@type\":\"ImageObject\",\"inLanguage\":\"ru-RU\",\"@id\":\"https:\\\/\\\/ceasuri.md\\\/ru\\\/#\\\/schema\\\/logo\\\/image\\\/\",\"url\":\"https:\\\/\\\/ceasuri.md\\\/wp-content\\\/uploads\\\/2025\\\/12\\\/Logo.svg\",\"contentUrl\":\"https:\\\/\\\/ceasuri.md\\\/wp-content\\\/uploads\\\/2025\\\/12\\\/Logo.svg\",\"width\":3338,\"height\":811,\"caption\":\"Cronograf\"},\"image\":{\"@id\":\"https:\\\/\\\/ceasuri.md\\\/ru\\\/#\\\/schema\\\/logo\\\/image\\\/\"}}]}<\/script>\n<!-- \/ Yoast SEO plugin. -->","yoast_head_json":{"title":"TUTIMA SAXON ONE M 6121-05-88758 - Cronograf","robots":{"index":"index","follow":"follow","max-snippet":"max-snippet:-1","max-image-preview":"max-image-preview:large","max-video-preview":"max-video-preview:-1"},"canonical":"https:\/\/ceasuri.md\/ru\/shop\/branduri\/tutima\/tutima-saxon-one-m-6121-05-88758\/","og_locale":"ru_RU","og_type":"article","og_title":"TUTIMA SAXON ONE M 6121-05-88758 - Cronograf","og_description":"Saxon One este o colec\u021bie \u00eenc\u0103 t\u00e2n\u0103r\u0103, care a fost prezentat\u0103 pentru prima dat\u0103 la expozi\u021bia Baselworld 2017. Primele modele erau echipate cu un cronograf automat sau un calibru automat cu dat\u0103, ambele fiind relativ mari la \u00eencheietura m\u00e2inii \u2014 43 mm \u0219i, respectiv, 42 mm \u2014 dimensiuni care p\u0103reau standard, dar datorit\u0103 carcasei \u00een [&hellip;]","og_url":"https:\/\/ceasuri.md\/ru\/shop\/branduri\/tutima\/tutima-saxon-one-m-6121-05-88758\/","og_site_name":"Cronograf","article_modified_time":"2026-04-07T01:46:12+00:00","og_image":[{"width":600,"height":800,"url":"https:\/\/ceasuri.md\/wp-content\/uploads\/6121-05-88758.webp","type":"image\/webp"}],"twitter_card":"summary_large_image","twitter_misc":{"\u041f\u0440\u0438\u043c\u0435\u0440\u043d\u043e\u0435 \u0432\u0440\u0435\u043c\u044f \u0434\u043b\u044f \u0447\u0442\u0435\u043d\u0438\u044f":"1 \u043c\u0438\u043d\u0443\u0442\u0430"},"schema":{"@context":"https:\/\/schema.org","@graph":[{"@type":"WebPage","@id":"https:\/\/ceasuri.md\/shop\/branduri\/tutima\/tutima-saxon-one-m-6121-05-88758\/","url":"https:\/\/ceasuri.md\/shop\/branduri\/tutima\/tutima-saxon-one-m-6121-05-88758\/","name":"TUTIMA SAXON ONE M 6121-05-88758 - Cronograf","isPartOf":{"@id":"https:\/\/ceasuri.md\/ru\/#website"},"primaryImageOfPage":{"@id":"https:\/\/ceasuri.md\/shop\/branduri\/tutima\/tutima-saxon-one-m-6121-05-88758\/#primaryimage"},"image":{"@id":"https:\/\/ceasuri.md\/shop\/branduri\/tutima\/tutima-saxon-one-m-6121-05-88758\/#primaryimage"},"thumbnailUrl":"https:\/\/ceasuri.md\/wp-content\/uploads\/6121-05-88758.webp","datePublished":"2026-04-02T21:03:02+00:00","dateModified":"2026-04-07T01:46:12+00:00","breadcrumb":{"@id":"https:\/\/ceasuri.md\/shop\/branduri\/tutima\/tutima-saxon-one-m-6121-05-88758\/#breadcrumb"},"inLanguage":"ru-RU","potentialAction":[{"@type":"ReadAction","target":["https:\/\/ceasuri.md\/shop\/branduri\/tutima\/tutima-saxon-one-m-6121-05-88758\/"]}]},{"@type":"ImageObject","inLanguage":"ru-RU","@id":"https:\/\/ceasuri.md\/shop\/branduri\/tutima\/tutima-saxon-one-m-6121-05-88758\/#primaryimage","url":"https:\/\/ceasuri.md\/wp-content\/uploads\/6121-05-88758.webp","contentUrl":"https:\/\/ceasuri.md\/wp-content\/uploads\/6121-05-88758.webp","width":600,"height":800},{"@type":"BreadcrumbList","@id":"https:\/\/ceasuri.md\/shop\/branduri\/tutima\/tutima-saxon-one-m-6121-05-88758\/#breadcrumb","itemListElement":[{"@type":"ListItem","position":1,"name":"Home","item":"https:\/\/ceasuri.md\/"},{"@type":"ListItem","position":2,"name":"Magazin","item":"https:\/\/ceasuri.md\/shop\/"},{"@type":"ListItem","position":3,"name":"Ceas TUTIMA SAXON ONE M 6121-05-88758"}]},{"@type":"WebSite","@id":"https:\/\/ceasuri.md\/ru\/#website","url":"https:\/\/ceasuri.md\/ru\/","name":"Cronograf","description":"","publisher":{"@id":"https:\/\/ceasuri.md\/ru\/#organization"},"potentialAction":[{"@type":"SearchAction","target":{"@type":"EntryPoint","urlTemplate":"https:\/\/ceasuri.md\/ru\/?s={search_term_string}"},"query-input":{"@type":"PropertyValueSpecification","valueRequired":true,"valueName":"search_term_string"}}],"inLanguage":"ru-RU"},{"@type":"Organization","@id":"https:\/\/ceasuri.md\/ru\/#organization","name":"Cronograf","url":"https:\/\/ceasuri.md\/ru\/","logo":{"@type":"ImageObject","inLanguage":"ru-RU","@id":"https:\/\/ceasuri.md\/ru\/#\/schema\/logo\/image\/","url":"https:\/\/ceasuri.md\/wp-content\/uploads\/2025\/12\/Logo.svg","contentUrl":"https:\/\/ceasuri.md\/wp-content\/uploads\/2025\/12\/Logo.svg","width":3338,"height":811,"caption":"Cronograf"},"image":{"@id":"https:\/\/ceasuri.md\/ru\/#\/schema\/logo\/image\/"}}]}},"_links":{"self":[{"href":"https:\/\/ceasuri.md\/ru\/wp-json\/wp\/v2\/product\/53763","targetHints":{"allow":["GET"]}}],"collection":[{"href":"https:\/\/ceasuri.md\/ru\/wp-json\/wp\/v2\/product"}],"about":[{"href":"https:\/\/ceasuri.md\/ru\/wp-json\/wp\/v2\/types\/product"}],"replies":[{"embeddable":true,"href":"https:\/\/ceasuri.md\/ru\/wp-json\/wp\/v2\/comments?post=53763"}],"wp:featuredmedia":[{"embeddable":true,"href":"https:\/\/ceasuri.md\/ru\/wp-json\/wp\/v2\/media\/53764"}],"wp:attachment":[{"href":"https:\/\/ceasuri.md\/ru\/wp-json\/wp\/v2\/media?parent=53763"}],"wp:term":[{"taxonomy":"product_brand","embeddable":true,"href":"https:\/\/ceasuri.md\/ru\/wp-json\/wp\/v2\/product_brand?post=53763"},{"taxonomy":"product_cat","embeddable":true,"href":"https:\/\/ceasuri.md\/ru\/wp-json\/wp\/v2\/product_cat?post=53763"},{"taxonomy":"product_tag","embeddable":true,"href":"https:\/\/ceasuri.md\/ru\/wp-json\/wp\/v2\/product_tag?post=53763"}],"curies":[{"name":"wp","href":"https:\/\/api.w.org\/{rel}","templated":true}]}}