{"id":53751,"date":"2026-04-03T00:03:02","date_gmt":"2026-04-02T21:03:02","guid":{"rendered":"http:\/\/new.ceasuri.md\/shop\/uncategorized\/tutima-saxon-one-lady-s-6702-04-88394\/"},"modified":"2026-04-20T01:33:44","modified_gmt":"2026-04-19T22:33:44","slug":"tutima-saxon-one-lady-s-6702-04-88394","status":"publish","type":"product","link":"https:\/\/ceasuri.md\/ru\/shop\/branduri\/tutima\/tutima-saxon-one-lady-s-6702-04-88394\/","title":{"rendered":"\u0427\u0430\u0441\u044b TUTIMA SAXON ONE LADY S 6702-04-88394"},"content":{"rendered":"<p>De la \u00eenfiin\u021barea sa \u00een 1927, ca una dintre primele companii produc\u0103toare de ceasuri Glashuette, Tutima a r\u0103mas concentrat\u0103 pe furnizarea de ceasuri de \u00eenalt\u0103 precizie, conform celor mai \u00eenalte standarde germane.<\/p>\n<p>Ast\u0103zi, ceasurile Tutima ofer\u0103 nu numai o calitate optim\u0103, ci \u0219i precizie tehnic\u0103 \u0219i finisaje rafinate Glashuette, apreciate \u00een \u00eentreaga lume.<\/p>\n<p>Func\u021bionalitate f\u0103r\u0103 compromisuri \u0219i fiabilitate absolut\u0103 &#8211; principiile de baz\u0103 ale unui cronometru profesional. Dar cine a spus c\u0103 b\u0103rba\u021bii au cele mai bune op\u021biuni c\u00e2nd vine vorba de ceasuri? Colec\u021bia Saxon One de la Tutima pentru femei ofer\u0103 ceva elegant, dar \u0219i foarte func\u021bional \u0219i complet fiabil \u2013 pur \u0219i simplu pentru a egaliza \u0219ansele! Diamantele nu sunt obligatorii (dar sunt prezente!).<\/p>\n<p>Eleganta colec\u021bie Saxon One se distinge prin forma frumoas\u0103 a carcasei, care \u00eencadreaz\u0103 armonios cadranul \u0219i asigur\u0103 confortul la purtare. Fiecare model a primit o culoare care subliniaz\u0103 elegan\u021ba sa clasic\u0103 \u0219i asigur\u0103 confortul proprietarului.<\/p>\n<p>Mecanismul quartz fiabil \u00eenseamn\u0103 c\u0103 pute\u021bi purta ceasul din c\u00e2nd \u00een c\u00e2nd, f\u0103r\u0103 s\u0103 v\u0103 face\u021bi griji cu privire la reglarea orei, dac\u0103 nu \u00eel purta\u021bi.<\/p>","protected":false},"excerpt":{"rendered":"<p>De la \u00eenfiin\u021barea sa \u00een 1927, ca una dintre primele companii produc\u0103toare de ceasuri Glashuette, Tutima a r\u0103mas concentrat\u0103 pe furnizarea de ceasuri de \u00eenalt\u0103 precizie, conform celor mai \u00eenalte standarde germane. Ast\u0103zi, ceasurile Tutima ofer\u0103 nu numai o calitate optim\u0103, ci \u0219i precizie tehnic\u0103 \u0219i finisaje rafinate Glashuette, apreciate \u00een \u00eentreaga lume. Func\u021bionalitate f\u0103r\u0103 [&hellip;]<\/p>\n","protected":false},"featured_media":53752,"comment_status":"closed","ping_status":"open","template":"","meta":{"_acf_changed":false},"product_brand":[],"product_cat":[25,106,628],"product_tag":[],"class_list":{"0":"post-53751","1":"product","2":"type-product","3":"status-publish","4":"has-post-thumbnail","6":"product_cat-ceasuri-dama","7":"product_cat-ceasuri-premium","8":"product_cat-tutima","9":"pa_brand-tutima","10":"pa_braslet-piele","11":"pa_corpus-34-mm","12":"pa_forma-butoi","13":"pa_funcii-data","14":"pa_garatia-24-luni","15":"pa_korpus-argintiu","16":"pa_kvarc-quartz","17":"pa_material-otel-inoxidabil","18":"pa_mehanizm-quartz","19":"pa_remeshok-albastru","20":"pa_steklo-cristal-safir","21":"pa_strana-germania","22":"pa_voda-10-atm","24":"first","25":"instock","26":"purchasable","27":"product-type-simple"},"acf":[],"_links":{"self":[{"href":"https:\/\/ceasuri.md\/ru\/wp-json\/wp\/v2\/product\/53751","targetHints":{"allow":["GET"]}}],"collection":[{"href":"https:\/\/ceasuri.md\/ru\/wp-json\/wp\/v2\/product"}],"about":[{"href":"https:\/\/ceasuri.md\/ru\/wp-json\/wp\/v2\/types\/product"}],"replies":[{"embeddable":true,"href":"https:\/\/ceasuri.md\/ru\/wp-json\/wp\/v2\/comments?post=53751"}],"wp:featuredmedia":[{"embeddable":true,"href":"https:\/\/ceasuri.md\/ru\/wp-json\/wp\/v2\/media\/53752"}],"wp:attachment":[{"href":"https:\/\/ceasuri.md\/ru\/wp-json\/wp\/v2\/media?parent=53751"}],"wp:term":[{"taxonomy":"product_brand","embeddable":true,"href":"https:\/\/ceasuri.md\/ru\/wp-json\/wp\/v2\/product_brand?post=53751"},{"taxonomy":"product_cat","embeddable":true,"href":"https:\/\/ceasuri.md\/ru\/wp-json\/wp\/v2\/product_cat?post=53751"},{"taxonomy":"product_tag","embeddable":true,"href":"https:\/\/ceasuri.md\/ru\/wp-json\/wp\/v2\/product_tag?post=53751"}],"curies":[{"name":"wp","href":"https:\/\/api.w.org\/{rel}","templated":true}]}}