{"id":53746,"date":"2026-04-03T00:03:02","date_gmt":"2026-04-02T21:03:02","guid":{"rendered":"http:\/\/new.ceasuri.md\/shop\/uncategorized\/tutima-grand-flieger-airport-6107-05-96789\/"},"modified":"2026-04-20T01:33:48","modified_gmt":"2026-04-19T22:33:48","slug":"tutima-grand-flieger-airport-6107-05-96789","status":"publish","type":"product","link":"https:\/\/ceasuri.md\/ru\/shop\/branduri\/tutima\/tutima-grand-flieger-airport-6107-05-96789\/","title":{"rendered":"\u0427\u0430\u0441\u044b TUTIMA GRAND FLIEGER AIRPORT 6107-05-96789"},"content":{"rendered":"<p>Fondat\u0103 \u00een 1927 de c\u0103tre doctorul Ernst Kurz, compania Tutima produce de mul\u021bi ani ceasuri pentru pilo\u021bi.<\/p>\n<p>Colec\u021bia Grand Flieger Airport este inspirat\u0103 de unul dintre modelele brandului din anii 1940. Caracteristica distinctiv\u0103 a acestei linii \u2013 luneta rotativ\u0103 bidirec\u021bional\u0103 cu scal\u0103 de 60 de minute \u0219i marcaj ro\u0219u \u2013 este acum realizat\u0103 pentru prima dat\u0103 din ceramic\u0103 ultra-rezistent\u0103 \u0219i este disponibil\u0103 \u00een noi variante de culori.<\/p>\n<p>Colec\u021bia \u00eembun\u0103t\u0103\u021bit\u0103 din punct de vedere tehnic este prezentat\u0103 cu indicarea datei. Carcasa din o\u021bel inoxidabil cu diametrul de 41 mm \u0219i coroan\u0103 \u00een\u0219urubat\u0103 este rezistent\u0103 la ap\u0103 p\u00e2n\u0103 la 200 m. Sticla de safir care protejeaz\u0103 cadranul \u0219i mecanismul ceasului este tratat\u0103 cu un strat antireflex.<\/p>\n<p>\u00cen stilul caracteristic acestei colec\u021bii, cadranele modelelor Grand Flieger Airport se disting prin contrastul clar \u0219i vizibilitatea optim\u0103. Indici orari mari, dreptunghiulari \u0219i o perl\u0103 pe luneta rotativ\u0103 cu acoperire luminescent\u0103.<\/p>","protected":false},"excerpt":{"rendered":"<p>Fondat\u0103 \u00een 1927 de c\u0103tre doctorul Ernst Kurz, compania Tutima produce de mul\u021bi ani ceasuri pentru pilo\u021bi. Colec\u021bia Grand Flieger Airport este inspirat\u0103 de unul dintre modelele brandului din anii 1940. Caracteristica distinctiv\u0103 a acestei linii \u2013 luneta rotativ\u0103 bidirec\u021bional\u0103 cu scal\u0103 de 60 de minute \u0219i marcaj ro\u0219u \u2013 este acum realizat\u0103 pentru prima [&hellip;]<\/p>\n","protected":false},"featured_media":53747,"comment_status":"closed","ping_status":"open","template":"","meta":{"_acf_changed":false},"product_brand":[],"product_cat":[20,106,628],"product_tag":[],"class_list":{"0":"post-53746","1":"product","2":"type-product","3":"status-publish","4":"has-post-thumbnail","6":"product_cat-ceasuri-barbati","7":"product_cat-ceasuri-premium","8":"product_cat-tutima","9":"pa_brand-tutima","10":"pa_braslet-piele-textile","11":"pa_corpus-41-mm","12":"pa_forma-patrat","13":"pa_funcii-data","14":"pa_funcii-ziua-saptamanii","15":"pa_garatia-24-luni","16":"pa_korpus-argintiu","17":"pa_korpus-negru","18":"pa_material-ceramica","19":"pa_material-otel-inoxidabil","20":"pa_mehanizm-mecanic","21":"pa_mehanizm-mecanism-automatic","22":"pa_remeshok-negru","23":"pa_steklo-cristal-safir","24":"pa_strana-germania","25":"pa_voda-20-atm","27":"first","28":"outofstock","29":"purchasable","30":"product-type-simple"},"acf":[],"_links":{"self":[{"href":"https:\/\/ceasuri.md\/ru\/wp-json\/wp\/v2\/product\/53746","targetHints":{"allow":["GET"]}}],"collection":[{"href":"https:\/\/ceasuri.md\/ru\/wp-json\/wp\/v2\/product"}],"about":[{"href":"https:\/\/ceasuri.md\/ru\/wp-json\/wp\/v2\/types\/product"}],"replies":[{"embeddable":true,"href":"https:\/\/ceasuri.md\/ru\/wp-json\/wp\/v2\/comments?post=53746"}],"wp:featuredmedia":[{"embeddable":true,"href":"https:\/\/ceasuri.md\/ru\/wp-json\/wp\/v2\/media\/53747"}],"wp:attachment":[{"href":"https:\/\/ceasuri.md\/ru\/wp-json\/wp\/v2\/media?parent=53746"}],"wp:term":[{"taxonomy":"product_brand","embeddable":true,"href":"https:\/\/ceasuri.md\/ru\/wp-json\/wp\/v2\/product_brand?post=53746"},{"taxonomy":"product_cat","embeddable":true,"href":"https:\/\/ceasuri.md\/ru\/wp-json\/wp\/v2\/product_cat?post=53746"},{"taxonomy":"product_tag","embeddable":true,"href":"https:\/\/ceasuri.md\/ru\/wp-json\/wp\/v2\/product_tag?post=53746"}],"curies":[{"name":"wp","href":"https:\/\/api.w.org\/{rel}","templated":true}]}}