{"id":53744,"date":"2026-04-03T00:03:02","date_gmt":"2026-04-02T21:03:02","guid":{"rendered":"http:\/\/new.ceasuri.md\/shop\/uncategorized\/tutima-lady-sky-6705-01-107745\/"},"modified":"2026-04-20T01:33:50","modified_gmt":"2026-04-19T22:33:50","slug":"tutima-lady-sky-6705-01-107745","status":"publish","type":"product","link":"https:\/\/ceasuri.md\/ru\/shop\/branduri\/tutima\/tutima-lady-sky-6705-01-107745\/","title":{"rendered":"\u0427\u0430\u0441\u044b TUTIMA LADY SKY 6705-01-107745"},"content":{"rendered":"<p>Tutima Lady Sky Opal White \u2014 o combina\u021bie rafinat\u0103 de elegan\u021b\u0103 tradi\u021bional\u0103 \u0219i rafinament modern, subliniat\u0103 de cadranul unic de culoare alb opal.<\/p>\n<p>Ceasul are un cadran cu un model fin \u00een relief, care joac\u0103 cu lumina, cre\u00e2nd un efect vizual captivant, \u00eentr-o carcas\u0103 din o\u021bel inoxidabil cu diametrul de 34 mm.<\/p>\n<p>Cu mecanism automat \u0219i curea din piele, este un simbol al feminit\u0103\u021bii rafinate \u0219i este ideal at\u00e2t pentru uzul zilnic, c\u00e2t \u0219i pentru ocazii speciale.<\/p>","protected":false},"excerpt":{"rendered":"<p>Tutima Lady Sky Opal White \u2014 o combina\u021bie rafinat\u0103 de elegan\u021b\u0103 tradi\u021bional\u0103 \u0219i rafinament modern, subliniat\u0103 de cadranul unic de culoare alb opal. Ceasul are un cadran cu un model fin \u00een relief, care joac\u0103 cu lumina, cre\u00e2nd un efect vizual captivant, \u00eentr-o carcas\u0103 din o\u021bel inoxidabil cu diametrul de 34 mm. Cu mecanism automat [&hellip;]<\/p>\n","protected":false},"featured_media":53745,"comment_status":"closed","ping_status":"open","template":"","meta":{"_acf_changed":false},"product_brand":[],"product_cat":[25,106,628],"product_tag":[],"class_list":{"0":"post-53744","1":"product","2":"type-product","3":"status-publish","4":"has-post-thumbnail","6":"product_cat-ceasuri-dama","7":"product_cat-ceasuri-premium","8":"product_cat-tutima","9":"pa_brand-tutima","10":"pa_braslet-piele","11":"pa_corpus-34-mm","12":"pa_forma-rotund","13":"pa_funcii-data","14":"pa_garatia-24-luni","15":"pa_korpus-argintiu","16":"pa_material-otel-inoxidabil","17":"pa_mehanizm-mecanic","18":"pa_mehanizm-mecanism-automatic","19":"pa_remeshok-bej","20":"pa_steklo-cristal-safir","21":"pa_strana-germania","22":"pa_voda-5-atm","24":"first","25":"instock","26":"purchasable","27":"product-type-simple"},"acf":[],"_links":{"self":[{"href":"https:\/\/ceasuri.md\/ru\/wp-json\/wp\/v2\/product\/53744","targetHints":{"allow":["GET"]}}],"collection":[{"href":"https:\/\/ceasuri.md\/ru\/wp-json\/wp\/v2\/product"}],"about":[{"href":"https:\/\/ceasuri.md\/ru\/wp-json\/wp\/v2\/types\/product"}],"replies":[{"embeddable":true,"href":"https:\/\/ceasuri.md\/ru\/wp-json\/wp\/v2\/comments?post=53744"}],"wp:featuredmedia":[{"embeddable":true,"href":"https:\/\/ceasuri.md\/ru\/wp-json\/wp\/v2\/media\/53745"}],"wp:attachment":[{"href":"https:\/\/ceasuri.md\/ru\/wp-json\/wp\/v2\/media?parent=53744"}],"wp:term":[{"taxonomy":"product_brand","embeddable":true,"href":"https:\/\/ceasuri.md\/ru\/wp-json\/wp\/v2\/product_brand?post=53744"},{"taxonomy":"product_cat","embeddable":true,"href":"https:\/\/ceasuri.md\/ru\/wp-json\/wp\/v2\/product_cat?post=53744"},{"taxonomy":"product_tag","embeddable":true,"href":"https:\/\/ceasuri.md\/ru\/wp-json\/wp\/v2\/product_tag?post=53744"}],"curies":[{"name":"wp","href":"https:\/\/api.w.org\/{rel}","templated":true}]}}