{"id":53741,"date":"2026-04-03T00:03:02","date_gmt":"2026-04-02T21:03:02","guid":{"rendered":"http:\/\/new.ceasuri.md\/shop\/uncategorized\/tutima-lady-sky-6705-03-107533\/"},"modified":"2026-04-20T01:33:50","modified_gmt":"2026-04-19T22:33:50","slug":"tutima-lady-sky-6705-03-107533","status":"publish","type":"product","link":"https:\/\/ceasuri.md\/ru\/shop\/branduri\/tutima\/tutima-lady-sky-6705-03-107533\/","title":{"rendered":"\u0427\u0430\u0441\u044b TUTIMA LADY SKY 6705-03-107533"},"content":{"rendered":"<p>Tutima Lady Sky Peach \u00eembin\u0103 spiritul anilor &#8217;20 cu un design modern, oferind o combina\u021bie unic\u0103 de feminitate sigur\u0103.<\/p>\n<p>Cu cadranul s\u0103u caracteristic de culoare piersic\u0103, cu un model reliefat complex, acest ceas fascineaz\u0103 prin jocul dinamic al luminii \u0219i umbrelor.<\/p>\n<p>Cu un cadran de 34 mm din o\u021bel inoxidabil, mecanism automat \u0219i curea din piele de culoare piersic\u0103, acest ceas este dovada angajamentului Tutima fa\u021b\u0103 de func\u021bionalitate \u0219i stil.<\/p>","protected":false},"excerpt":{"rendered":"<p>Tutima Lady Sky Peach \u00eembin\u0103 spiritul anilor &#8217;20 cu un design modern, oferind o combina\u021bie unic\u0103 de feminitate sigur\u0103. Cu cadranul s\u0103u caracteristic de culoare piersic\u0103, cu un model reliefat complex, acest ceas fascineaz\u0103 prin jocul dinamic al luminii \u0219i umbrelor. Cu un cadran de 34 mm din o\u021bel inoxidabil, mecanism automat \u0219i curea din [&hellip;]<\/p>\n","protected":false},"featured_media":53742,"comment_status":"closed","ping_status":"open","template":"","meta":{"_acf_changed":false},"product_brand":[],"product_cat":[25,106,628],"product_tag":[],"class_list":{"0":"post-53741","1":"product","2":"type-product","3":"status-publish","4":"has-post-thumbnail","6":"product_cat-ceasuri-dama","7":"product_cat-ceasuri-premium","8":"product_cat-tutima","9":"pa_brand-tutima","10":"pa_braslet-piele","11":"pa_corpus-34-mm","12":"pa_forma-rotund","13":"pa_funcii-data","14":"pa_garatia-24-luni","15":"pa_korpus-argintiu","16":"pa_material-otel-inoxidabil","17":"pa_mehanizm-mecanic","18":"pa_mehanizm-mecanism-automatic","19":"pa_remeshok-peach","20":"pa_steklo-cristal-safir","21":"pa_strana-germania","22":"pa_voda-5-atm","24":"first","25":"instock","26":"purchasable","27":"product-type-simple"},"acf":[],"_links":{"self":[{"href":"https:\/\/ceasuri.md\/ru\/wp-json\/wp\/v2\/product\/53741","targetHints":{"allow":["GET"]}}],"collection":[{"href":"https:\/\/ceasuri.md\/ru\/wp-json\/wp\/v2\/product"}],"about":[{"href":"https:\/\/ceasuri.md\/ru\/wp-json\/wp\/v2\/types\/product"}],"replies":[{"embeddable":true,"href":"https:\/\/ceasuri.md\/ru\/wp-json\/wp\/v2\/comments?post=53741"}],"wp:featuredmedia":[{"embeddable":true,"href":"https:\/\/ceasuri.md\/ru\/wp-json\/wp\/v2\/media\/53742"}],"wp:attachment":[{"href":"https:\/\/ceasuri.md\/ru\/wp-json\/wp\/v2\/media?parent=53741"}],"wp:term":[{"taxonomy":"product_brand","embeddable":true,"href":"https:\/\/ceasuri.md\/ru\/wp-json\/wp\/v2\/product_brand?post=53741"},{"taxonomy":"product_cat","embeddable":true,"href":"https:\/\/ceasuri.md\/ru\/wp-json\/wp\/v2\/product_cat?post=53741"},{"taxonomy":"product_tag","embeddable":true,"href":"https:\/\/ceasuri.md\/ru\/wp-json\/wp\/v2\/product_tag?post=53741"}],"curies":[{"name":"wp","href":"https:\/\/api.w.org\/{rel}","templated":true}]}}