{"id":53737,"date":"2026-04-03T00:03:02","date_gmt":"2026-04-02T21:03:02","guid":{"rendered":"http:\/\/new.ceasuri.md\/shop\/uncategorized\/tutima-lady-sky-6705-06-107834\/"},"modified":"2026-04-20T01:33:51","modified_gmt":"2026-04-19T22:33:51","slug":"tutima-lady-sky-6705-06-107834","status":"publish","type":"product","link":"https:\/\/ceasuri.md\/ru\/shop\/branduri\/tutima\/tutima-lady-sky-6705-06-107834\/","title":{"rendered":"\u0427\u0430\u0441\u044b TUTIMA LADY SKY 6705-06-107834"},"content":{"rendered":"<p>Tutima Lady Sky Ice Blue reprezint\u0103 o combina\u021bie armonioas\u0103 \u00eentre farmecul vintage \u0219i rafinamentul modern, \u00eentruchip\u00e2nd esen\u021ba feminit\u0103\u021bii \u00eencrez\u0103toare.<\/p>\n<p>Cadranul albastru ghea\u021b\u0103, decorat cu un model \u00een relief, confer\u0103 ceasului o not\u0103 de prospe\u021bime, juc\u00e2ndu-se frumos cu lumina \u0219i cre\u00e2nd un efect vizual captivant.<\/p>\n<p>Cu un cadran albastru decorat cu un model \u00een relief, ceasul confer\u0103 o not\u0103 de prospe\u021bime, juc\u00e2ndu-se frumos cu lumina \u0219i cre\u00e2nd un efect vizual captivant.<\/p>","protected":false},"excerpt":{"rendered":"<p>Tutima Lady Sky Ice Blue reprezint\u0103 o combina\u021bie armonioas\u0103 \u00eentre farmecul vintage \u0219i rafinamentul modern, \u00eentruchip\u00e2nd esen\u021ba feminit\u0103\u021bii \u00eencrez\u0103toare. Cadranul albastru ghea\u021b\u0103, decorat cu un model \u00een relief, confer\u0103 ceasului o not\u0103 de prospe\u021bime, juc\u00e2ndu-se frumos cu lumina \u0219i cre\u00e2nd un efect vizual captivant. Cu un cadran albastru decorat cu un model \u00een relief, ceasul [&hellip;]<\/p>\n","protected":false},"featured_media":53738,"comment_status":"closed","ping_status":"open","template":"","meta":{"_acf_changed":false},"product_brand":[],"product_cat":[25,106,628],"product_tag":[],"class_list":{"0":"post-53737","1":"product","2":"type-product","3":"status-publish","4":"has-post-thumbnail","6":"product_cat-ceasuri-dama","7":"product_cat-ceasuri-premium","8":"product_cat-tutima","9":"pa_brand-tutima","10":"pa_braslet-otel-inoxidabil","11":"pa_corpus-34-mm","12":"pa_forma-rotund","13":"pa_funcii-data","14":"pa_garatia-24-luni","15":"pa_korpus-argintiu","16":"pa_material-otel-inoxidabil","17":"pa_mehanizm-mecanic","18":"pa_mehanizm-mecanism-automatic","19":"pa_remeshok-argintiu","20":"pa_steklo-cristal-safir","21":"pa_strana-germania","22":"pa_voda-5-atm","24":"first","25":"instock","26":"purchasable","27":"product-type-simple"},"acf":[],"_links":{"self":[{"href":"https:\/\/ceasuri.md\/ru\/wp-json\/wp\/v2\/product\/53737","targetHints":{"allow":["GET"]}}],"collection":[{"href":"https:\/\/ceasuri.md\/ru\/wp-json\/wp\/v2\/product"}],"about":[{"href":"https:\/\/ceasuri.md\/ru\/wp-json\/wp\/v2\/types\/product"}],"replies":[{"embeddable":true,"href":"https:\/\/ceasuri.md\/ru\/wp-json\/wp\/v2\/comments?post=53737"}],"wp:featuredmedia":[{"embeddable":true,"href":"https:\/\/ceasuri.md\/ru\/wp-json\/wp\/v2\/media\/53738"}],"wp:attachment":[{"href":"https:\/\/ceasuri.md\/ru\/wp-json\/wp\/v2\/media?parent=53737"}],"wp:term":[{"taxonomy":"product_brand","embeddable":true,"href":"https:\/\/ceasuri.md\/ru\/wp-json\/wp\/v2\/product_brand?post=53737"},{"taxonomy":"product_cat","embeddable":true,"href":"https:\/\/ceasuri.md\/ru\/wp-json\/wp\/v2\/product_cat?post=53737"},{"taxonomy":"product_tag","embeddable":true,"href":"https:\/\/ceasuri.md\/ru\/wp-json\/wp\/v2\/product_tag?post=53737"}],"curies":[{"name":"wp","href":"https:\/\/api.w.org\/{rel}","templated":true}]}}