{"id":53735,"date":"2026-04-03T00:03:02","date_gmt":"2026-04-02T21:03:02","guid":{"rendered":"http:\/\/new.ceasuri.md\/shop\/uncategorized\/tutima-lady-sky-6705-14-107547\/"},"modified":"2026-04-20T01:33:52","modified_gmt":"2026-04-19T22:33:52","slug":"tutima-lady-sky-6705-14-107547","status":"publish","type":"product","link":"https:\/\/ceasuri.md\/ru\/shop\/branduri\/tutima\/tutima-lady-sky-6705-14-107547\/","title":{"rendered":"\u0427\u0430\u0441\u044b TUTIMA LADY SKY 6705-14-107547"},"content":{"rendered":"<p>Tutima Lady Sky Peach este un exemplu de combina\u021bie armonioas\u0103 \u00eentre stilul clasic \u0219i rafinamentul modern, subliniat\u0103 de cadranul cald, de culoarea piersicii, care radiaz\u0103 energie \u0219i ospitalitate.<\/p>\n<p>Un ceas remarcabil, cu un model \u00een relief pe tot cadranul, care creeaz\u0103 un joc uimitor de lumin\u0103 \u0219i umbr\u0103, \u00eentr-o carcas\u0103 robust\u0103 din o\u021bel inoxidabil cu diametrul de 34 mm, care \u00eentruchipeaz\u0103 aspira\u021bia Tutima c\u0103tre perfec\u021biune.<\/p>\n<p>Echipat cu un mecanism automat fiabil \u0219i un br\u0103\u021bar\u0103 din o\u021bel inoxidabil placat cu aur, acest ceas este \u00eentruchiparea feminit\u0103\u021bii moderne \u0219i este ideal at\u00e2t pentru purtarea de zi cu zi, c\u00e2t \u0219i pentru ocazii speciale.<\/p>","protected":false},"excerpt":{"rendered":"<p>Tutima Lady Sky Peach este un exemplu de combina\u021bie armonioas\u0103 \u00eentre stilul clasic \u0219i rafinamentul modern, subliniat\u0103 de cadranul cald, de culoarea piersicii, care radiaz\u0103 energie \u0219i ospitalitate. Un ceas remarcabil, cu un model \u00een relief pe tot cadranul, care creeaz\u0103 un joc uimitor de lumin\u0103 \u0219i umbr\u0103, \u00eentr-o carcas\u0103 robust\u0103 din o\u021bel inoxidabil cu [&hellip;]<\/p>\n","protected":false},"featured_media":53736,"comment_status":"closed","ping_status":"open","template":"","meta":{"_acf_changed":false},"product_brand":[],"product_cat":[25,106,628],"product_tag":[],"class_list":{"0":"post-53735","1":"product","2":"type-product","3":"status-publish","4":"has-post-thumbnail","6":"product_cat-ceasuri-dama","7":"product_cat-ceasuri-premium","8":"product_cat-tutima","9":"pa_brand-tutima","10":"pa_braslet-otel-inoxidabil","11":"pa_corpus-34-mm","12":"pa_forma-rotund","13":"pa_funcii-data","14":"pa_garatia-24-luni","15":"pa_korpus-argintiu","16":"pa_material-otel-inoxidabil","17":"pa_mehanizm-mecanic","18":"pa_mehanizm-mecanism-automatic","19":"pa_remeshok-argintiu","20":"pa_remeshok-auriu","21":"pa_steklo-cristal-safir","22":"pa_strana-germania","23":"pa_voda-5-atm","25":"first","26":"instock","27":"purchasable","28":"product-type-simple"},"acf":[],"_links":{"self":[{"href":"https:\/\/ceasuri.md\/ru\/wp-json\/wp\/v2\/product\/53735","targetHints":{"allow":["GET"]}}],"collection":[{"href":"https:\/\/ceasuri.md\/ru\/wp-json\/wp\/v2\/product"}],"about":[{"href":"https:\/\/ceasuri.md\/ru\/wp-json\/wp\/v2\/types\/product"}],"replies":[{"embeddable":true,"href":"https:\/\/ceasuri.md\/ru\/wp-json\/wp\/v2\/comments?post=53735"}],"wp:featuredmedia":[{"embeddable":true,"href":"https:\/\/ceasuri.md\/ru\/wp-json\/wp\/v2\/media\/53736"}],"wp:attachment":[{"href":"https:\/\/ceasuri.md\/ru\/wp-json\/wp\/v2\/media?parent=53735"}],"wp:term":[{"taxonomy":"product_brand","embeddable":true,"href":"https:\/\/ceasuri.md\/ru\/wp-json\/wp\/v2\/product_brand?post=53735"},{"taxonomy":"product_cat","embeddable":true,"href":"https:\/\/ceasuri.md\/ru\/wp-json\/wp\/v2\/product_cat?post=53735"},{"taxonomy":"product_tag","embeddable":true,"href":"https:\/\/ceasuri.md\/ru\/wp-json\/wp\/v2\/product_tag?post=53735"}],"curies":[{"name":"wp","href":"https:\/\/api.w.org\/{rel}","templated":true}]}}