{"id":53724,"date":"2024-07-22T10:03:12","date_gmt":"2024-07-22T07:03:12","guid":{"rendered":"http:\/\/new.ceasuri.md\/shop\/uncategorized\/tutima-flieger-sky-6105-22-94670\/"},"modified":"2026-05-01T18:39:40","modified_gmt":"2026-05-01T15:39:40","slug":"tutima-flieger-sky-6105-22-94670","status":"publish","type":"product","link":"https:\/\/ceasuri.md\/ru\/shop\/branduri\/tutima\/tutima-flieger-sky-6105-22-94670\/","title":{"rendered":"\u0427\u0430\u0441\u044b TUTIMA FLIEGER SKY 6105-22-94670"},"content":{"rendered":"<p>Nu exist\u0103 scurt\u0103turi pe drumul spre succes, de aceea crearea unui mecanism complex necesit\u0103 \u00een primul r\u00e2nd un lucru: mult timp. Iar compania Tutima nu a economisit timp pentru a crea ceasuri de \u00eenalt\u0103 calitate, destinate pilo\u021bilor, sportivilor \u0219i antreprenorilor.<\/p>\n<p>Cu o carcas\u0103 din o\u021bel inoxidabil cu diametrul de 41 mm, rezisten\u021b\u0103 la ap\u0103 de 10 atmosfere \u0219i precizie excep\u021bional\u0103, ceasurile demonstreaz\u0103 un design \u0219i o calitate de clas\u0103 premium. Sticl\u0103 safir bombat\u0103 cu strat antireflex. Buton de \u00eenf\u0103\u0219urare cu \u0219urub. Capac transparent cu sticl\u0103 safir.<\/p>\n<p>De la \u00eenfiin\u021barea sa \u00een 1927 ca una dintre primele companii de ceasuri din Glashuette, Tutima r\u0103m\u00e2ne concentrat\u0103 pe asigurarea preciziei cronometr\u0103rii \u00een conformitate cu cele mai \u00eenalte standarde germane \u00een domeniul ceasornic\u0103riei.<\/p>","protected":false},"excerpt":{"rendered":"<p>Nu exist\u0103 scurt\u0103turi pe drumul spre succes, de aceea crearea unui mecanism complex necesit\u0103 \u00een primul r\u00e2nd un lucru: mult timp. Iar compania Tutima nu a economisit timp pentru a crea ceasuri de \u00eenalt\u0103 calitate, destinate pilo\u021bilor, sportivilor \u0219i antreprenorilor. Cu o carcas\u0103 din o\u021bel inoxidabil cu diametrul de 41 mm, rezisten\u021b\u0103 la ap\u0103 de [&hellip;]<\/p>\n","protected":false},"featured_media":53725,"comment_status":"closed","ping_status":"open","template":"","meta":{"_acf_changed":false},"product_brand":[],"product_cat":[20,106,628],"product_tag":[],"class_list":{"0":"post-53724","1":"product","2":"type-product","3":"status-publish","4":"has-post-thumbnail","6":"product_cat-ceasuri-barbati","7":"product_cat-ceasuri-premium","8":"product_cat-tutima","9":"pa_brand-tutima","10":"pa_braslet-otel-inoxidabil","11":"pa_corpus-41-mm","12":"pa_forma-rotund","13":"pa_funcii-data","14":"pa_funcii-ziua-saptamanii","15":"pa_garatia-24-luni","16":"pa_korpus-argintiu","17":"pa_material-otel-inoxidabil","18":"pa_mehanizm-mecanic","19":"pa_mehanizm-mecanism-automatic","20":"pa_remeshok-argintiu","21":"pa_steklo-cristal-safir","22":"pa_strana-germania","23":"pa_voda-10-atm","25":"first","26":"instock","27":"purchasable","28":"product-type-simple"},"acf":[],"_links":{"self":[{"href":"https:\/\/ceasuri.md\/ru\/wp-json\/wp\/v2\/product\/53724","targetHints":{"allow":["GET"]}}],"collection":[{"href":"https:\/\/ceasuri.md\/ru\/wp-json\/wp\/v2\/product"}],"about":[{"href":"https:\/\/ceasuri.md\/ru\/wp-json\/wp\/v2\/types\/product"}],"replies":[{"embeddable":true,"href":"https:\/\/ceasuri.md\/ru\/wp-json\/wp\/v2\/comments?post=53724"}],"wp:featuredmedia":[{"embeddable":true,"href":"https:\/\/ceasuri.md\/ru\/wp-json\/wp\/v2\/media\/53725"}],"wp:attachment":[{"href":"https:\/\/ceasuri.md\/ru\/wp-json\/wp\/v2\/media?parent=53724"}],"wp:term":[{"taxonomy":"product_brand","embeddable":true,"href":"https:\/\/ceasuri.md\/ru\/wp-json\/wp\/v2\/product_brand?post=53724"},{"taxonomy":"product_cat","embeddable":true,"href":"https:\/\/ceasuri.md\/ru\/wp-json\/wp\/v2\/product_cat?post=53724"},{"taxonomy":"product_tag","embeddable":true,"href":"https:\/\/ceasuri.md\/ru\/wp-json\/wp\/v2\/product_tag?post=53724"}],"curies":[{"name":"wp","href":"https:\/\/api.w.org\/{rel}","templated":true}]}}