{"id":53711,"date":"2024-07-22T10:03:12","date_gmt":"2024-07-22T07:03:12","guid":{"rendered":"http:\/\/new.ceasuri.md\/shop\/uncategorized\/tutima-flieger-legasy-t5-chrono-6405-02-108190\/"},"modified":"2026-05-01T18:39:34","modified_gmt":"2026-05-01T15:39:34","slug":"tutima-flieger-legasy-t5-chrono-6405-02-108190","status":"publish","type":"product","link":"https:\/\/ceasuri.md\/ru\/shop\/branduri\/tutima\/tutima-flieger-legasy-t5-chrono-6405-02-108190\/","title":{"rendered":"\u0427\u0430\u0441\u044b TUTIMA FLIEGER LEGASY T5 CHRONO 6405-02-108190"},"content":{"rendered":"<p>C\u00e2nd cerul \u0219i p\u0103m\u00e2ntul se \u00eent\u00e2lnesc, se transform\u0103 \u00een acest ceas! Un model magnific, care combin\u0103 perfect precizia cronografelor aeronautice germane \u0219i farmecul designului modern.<\/p>\n<p>Ceasul se remarc\u0103 prin rezisten\u021b\u0103, fiabilitate \u0219i unicitate. Cadranul spectaculos este \u00eencorporat \u00eentr-o carcas\u0103 din titan rezistent\u0103 \u0219i u\u0219oar\u0103, iar \u00een combina\u021bie cu br\u0103\u021bara confortabil\u0103, v\u0103 asigur\u0103 o lizibilitate excelent\u0103 \u0219i confort \u00een fiecare zi.<\/p>\n<p>Cu o rezerv\u0103 de mar\u0219 de 62 de ore \u0219i o rezisten\u021b\u0103 la ap\u0103 de p\u00e2n\u0103 la 10 atmosfere, mecanismul dep\u0103\u0219e\u0219te func\u021bionalitatea \u0219i stilul.<\/p>\n<p>Acesta este un ceas care transform\u0103 visul \u00eentr-o pl\u0103cere de zi cu zi. TUTIMA FLIEGER LEGASY T5 este o declara\u021bie \u00eendr\u0103znea\u021b\u0103 de stil individual, subliniat\u0103 de standardele germane \u0219i de calitatea artei ceasorniciei.<\/p>","protected":false},"excerpt":{"rendered":"<p>C\u00e2nd cerul \u0219i p\u0103m\u00e2ntul se \u00eent\u00e2lnesc, se transform\u0103 \u00een acest ceas! Un model magnific, care combin\u0103 perfect precizia cronografelor aeronautice germane \u0219i farmecul designului modern. Ceasul se remarc\u0103 prin rezisten\u021b\u0103, fiabilitate \u0219i unicitate. Cadranul spectaculos este \u00eencorporat \u00eentr-o carcas\u0103 din titan rezistent\u0103 \u0219i u\u0219oar\u0103, iar \u00een combina\u021bie cu br\u0103\u021bara confortabil\u0103, v\u0103 asigur\u0103 o lizibilitate excelent\u0103 [&hellip;]<\/p>\n","protected":false},"featured_media":53712,"comment_status":"closed","ping_status":"open","template":"","meta":{"_acf_changed":false},"product_brand":[],"product_cat":[20,106,628],"product_tag":[],"class_list":{"0":"post-53711","1":"product","2":"type-product","3":"status-publish","4":"has-post-thumbnail","6":"product_cat-ceasuri-barbati","7":"product_cat-ceasuri-premium","8":"product_cat-tutima","9":"pa_brand-tutima","10":"pa_braslet-titan","11":"pa_corpus-41-mm","12":"pa_forma-rotund","13":"pa_funcii-cronograf","14":"pa_funcii-data","15":"pa_garatia-24-luni","16":"pa_korpus-argintiu","17":"pa_material-titan","18":"pa_mehanizm-mecanic","19":"pa_mehanizm-mecanism-automatic","20":"pa_remeshok-argintiu","21":"pa_steklo-cristal-safir","22":"pa_strana-germania","23":"pa_voda-10-atm","25":"first","26":"instock","27":"purchasable","28":"product-type-simple"},"acf":[],"_links":{"self":[{"href":"https:\/\/ceasuri.md\/ru\/wp-json\/wp\/v2\/product\/53711","targetHints":{"allow":["GET"]}}],"collection":[{"href":"https:\/\/ceasuri.md\/ru\/wp-json\/wp\/v2\/product"}],"about":[{"href":"https:\/\/ceasuri.md\/ru\/wp-json\/wp\/v2\/types\/product"}],"replies":[{"embeddable":true,"href":"https:\/\/ceasuri.md\/ru\/wp-json\/wp\/v2\/comments?post=53711"}],"wp:featuredmedia":[{"embeddable":true,"href":"https:\/\/ceasuri.md\/ru\/wp-json\/wp\/v2\/media\/53712"}],"wp:attachment":[{"href":"https:\/\/ceasuri.md\/ru\/wp-json\/wp\/v2\/media?parent=53711"}],"wp:term":[{"taxonomy":"product_brand","embeddable":true,"href":"https:\/\/ceasuri.md\/ru\/wp-json\/wp\/v2\/product_brand?post=53711"},{"taxonomy":"product_cat","embeddable":true,"href":"https:\/\/ceasuri.md\/ru\/wp-json\/wp\/v2\/product_cat?post=53711"},{"taxonomy":"product_tag","embeddable":true,"href":"https:\/\/ceasuri.md\/ru\/wp-json\/wp\/v2\/product_tag?post=53711"}],"curies":[{"name":"wp","href":"https:\/\/api.w.org\/{rel}","templated":true}]}}