{"id":53703,"date":"2026-04-03T00:02:11","date_gmt":"2026-04-02T21:02:11","guid":{"rendered":"http:\/\/new.ceasuri.md\/shop\/uncategorized\/tutima-flieger-legasy-t5-chrono-6405-04-108193\/"},"modified":"2026-04-20T01:33:57","modified_gmt":"2026-04-19T22:33:57","slug":"tutima-flieger-legasy-t5-chrono-6405-04-108193","status":"publish","type":"product","link":"https:\/\/ceasuri.md\/ru\/shop\/branduri\/tutima\/tutima-flieger-legasy-t5-chrono-6405-04-108193\/","title":{"rendered":"\u0427\u0430\u0441\u044b TUTIMA FLIEGER LEGASY T5 CHRONO 6405-04-108193"},"content":{"rendered":"<p>Un model magnific care combin\u0103 perfect precizia cronografelor germane de avia\u021bie cu farmecul designului modern. Acest ceas se remarc\u0103 prin durabilitatea, fiabilitatea \u0219i unicitatea sa.<\/p>\n<p>Cadranul spectaculos este \u00eenglobat \u00eentr-o carcas\u0103 rezistent\u0103 \u0219i u\u0219oar\u0103 din titan, iar \u00een tandem cu cureaua confortabil\u0103, sunte\u021bi asigurat de o lizibilitate excelent\u0103 \u0219i confort zilnic.<\/p>\n<p>Cu o rezerv\u0103 de putere de 62 de ore \u0219i rezisten\u021b\u0103 la ap\u0103 p\u00e2n\u0103 la 10 atmosfere, mi\u0219carea exceleaz\u0103 \u00een func\u021bionalitate \u0219i stil.<\/p>\n<p>Acesta este ceasul care transform\u0103 un vis \u00eentr-o pl\u0103cere de zi cu zi. TUTIMA FLIEGER LEGASY T5 reprezint\u0103 o declara\u021bie \u00eendr\u0103znea\u021b\u0103 de stil individual, subliniat\u0103 de standardele germane \u0219i de calitatea orologeriei.<\/p>","protected":false},"excerpt":{"rendered":"<p>Un model magnific care combin\u0103 perfect precizia cronografelor germane de avia\u021bie cu farmecul designului modern. Acest ceas se remarc\u0103 prin durabilitatea, fiabilitatea \u0219i unicitatea sa. Cadranul spectaculos este \u00eenglobat \u00eentr-o carcas\u0103 rezistent\u0103 \u0219i u\u0219oar\u0103 din titan, iar \u00een tandem cu cureaua confortabil\u0103, sunte\u021bi asigurat de o lizibilitate excelent\u0103 \u0219i confort zilnic. Cu o rezerv\u0103 de [&hellip;]<\/p>\n","protected":false},"featured_media":53704,"comment_status":"closed","ping_status":"open","template":"","meta":{"_acf_changed":false},"product_brand":[],"product_cat":[20,106,628],"product_tag":[],"class_list":{"0":"post-53703","1":"product","2":"type-product","3":"status-publish","4":"has-post-thumbnail","6":"product_cat-ceasuri-barbati","7":"product_cat-ceasuri-premium","8":"product_cat-tutima","9":"pa_brand-tutima","10":"pa_braslet-titan","11":"pa_corpus-41-mm","12":"pa_forma-rotund","13":"pa_funcii-cronograf","14":"pa_funcii-data","15":"pa_garatia-24-luni","16":"pa_korpus-argintiu","17":"pa_material-titan","18":"pa_mehanizm-mecanic","19":"pa_mehanizm-mecanism-automatic","20":"pa_remeshok-argintiu","21":"pa_steklo-cristal-safir","22":"pa_strana-germania","23":"pa_voda-10-atm","25":"first","26":"instock","27":"purchasable","28":"product-type-simple"},"acf":[],"_links":{"self":[{"href":"https:\/\/ceasuri.md\/ru\/wp-json\/wp\/v2\/product\/53703","targetHints":{"allow":["GET"]}}],"collection":[{"href":"https:\/\/ceasuri.md\/ru\/wp-json\/wp\/v2\/product"}],"about":[{"href":"https:\/\/ceasuri.md\/ru\/wp-json\/wp\/v2\/types\/product"}],"replies":[{"embeddable":true,"href":"https:\/\/ceasuri.md\/ru\/wp-json\/wp\/v2\/comments?post=53703"}],"wp:featuredmedia":[{"embeddable":true,"href":"https:\/\/ceasuri.md\/ru\/wp-json\/wp\/v2\/media\/53704"}],"wp:attachment":[{"href":"https:\/\/ceasuri.md\/ru\/wp-json\/wp\/v2\/media?parent=53703"}],"wp:term":[{"taxonomy":"product_brand","embeddable":true,"href":"https:\/\/ceasuri.md\/ru\/wp-json\/wp\/v2\/product_brand?post=53703"},{"taxonomy":"product_cat","embeddable":true,"href":"https:\/\/ceasuri.md\/ru\/wp-json\/wp\/v2\/product_cat?post=53703"},{"taxonomy":"product_tag","embeddable":true,"href":"https:\/\/ceasuri.md\/ru\/wp-json\/wp\/v2\/product_tag?post=53703"}],"curies":[{"name":"wp","href":"https:\/\/api.w.org\/{rel}","templated":true}]}}