{"id":53698,"date":"2026-04-03T00:02:11","date_gmt":"2026-04-02T21:02:11","guid":{"rendered":"http:\/\/new.ceasuri.md\/shop\/uncategorized\/tutima-lady-sky-6705-03-107729\/"},"modified":"2026-04-20T01:33:58","modified_gmt":"2026-04-19T22:33:58","slug":"tutima-lady-sky-6705-03-107729","status":"publish","type":"product","link":"https:\/\/ceasuri.md\/ru\/shop\/branduri\/tutima\/tutima-lady-sky-6705-03-107729\/","title":{"rendered":"\u0427\u0430\u0441\u044b TUTIMA LADY SKY 6705-03-107729"},"content":{"rendered":"<p>Tutima Lady Sky Peach reprezint\u0103 arta ceasornic\u0103riei, combin\u00e2nd spiritul optimist al anilor 1920 cu un sim\u021b modern al elegan\u021bei.<\/p>\n<p>O combina\u021bie perfect\u0103 \u00eentre elegan\u021ba feminin\u0103 \u0219i designul modern, cu mecanismul automat Tutima \u0219i cadranul rafinat \u00een relief.<\/p>\n<p>Inspirat de optimismul anilor &#8217;20, acest ceas este realizat \u00eentr-o culoare modern\u0103, piersic. Cadranul luminos Peach Fuzz este protejat de sticl\u0103 de safir.<\/p>\n<p>Modelul cu carcas\u0103 cu diametrul de 34 mm \u0219i func\u021bionalitate testat\u0103 pentru rezisten\u021b\u0103 este destinat at\u00e2t pentru purtarea de zi cu zi, c\u00e2t \u0219i pentru aventuri, oferind fiabilitate \u0219i stil pentru femeia modern\u0103.<\/p>","protected":false},"excerpt":{"rendered":"<p>Tutima Lady Sky Peach reprezint\u0103 arta ceasornic\u0103riei, combin\u00e2nd spiritul optimist al anilor 1920 cu un sim\u021b modern al elegan\u021bei. O combina\u021bie perfect\u0103 \u00eentre elegan\u021ba feminin\u0103 \u0219i designul modern, cu mecanismul automat Tutima \u0219i cadranul rafinat \u00een relief. Inspirat de optimismul anilor &#8217;20, acest ceas este realizat \u00eentr-o culoare modern\u0103, piersic. Cadranul luminos Peach Fuzz este [&hellip;]<\/p>\n","protected":false},"featured_media":53699,"comment_status":"closed","ping_status":"open","template":"","meta":{"_acf_changed":false},"product_brand":[],"product_cat":[25,106,628],"product_tag":[],"class_list":{"0":"post-53698","1":"product","2":"type-product","3":"status-publish","4":"has-post-thumbnail","6":"product_cat-ceasuri-dama","7":"product_cat-ceasuri-premium","8":"product_cat-tutima","9":"pa_brand-tutima","10":"pa_braslet-piele","11":"pa_corpus-34-mm","12":"pa_forma-rotund","13":"pa_funcii-data","14":"pa_garatia-24-luni","15":"pa_korpus-argintiu","16":"pa_material-otel-inoxidabil","17":"pa_mehanizm-mecanic","18":"pa_mehanizm-mecanism-automatic","19":"pa_remeshok-peach","20":"pa_steklo-cristal-safir","21":"pa_strana-germania","22":"pa_voda-5-atm","24":"first","25":"instock","26":"purchasable","27":"product-type-simple"},"acf":[],"_links":{"self":[{"href":"https:\/\/ceasuri.md\/ru\/wp-json\/wp\/v2\/product\/53698","targetHints":{"allow":["GET"]}}],"collection":[{"href":"https:\/\/ceasuri.md\/ru\/wp-json\/wp\/v2\/product"}],"about":[{"href":"https:\/\/ceasuri.md\/ru\/wp-json\/wp\/v2\/types\/product"}],"replies":[{"embeddable":true,"href":"https:\/\/ceasuri.md\/ru\/wp-json\/wp\/v2\/comments?post=53698"}],"wp:featuredmedia":[{"embeddable":true,"href":"https:\/\/ceasuri.md\/ru\/wp-json\/wp\/v2\/media\/53699"}],"wp:attachment":[{"href":"https:\/\/ceasuri.md\/ru\/wp-json\/wp\/v2\/media?parent=53698"}],"wp:term":[{"taxonomy":"product_brand","embeddable":true,"href":"https:\/\/ceasuri.md\/ru\/wp-json\/wp\/v2\/product_brand?post=53698"},{"taxonomy":"product_cat","embeddable":true,"href":"https:\/\/ceasuri.md\/ru\/wp-json\/wp\/v2\/product_cat?post=53698"},{"taxonomy":"product_tag","embeddable":true,"href":"https:\/\/ceasuri.md\/ru\/wp-json\/wp\/v2\/product_tag?post=53698"}],"curies":[{"name":"wp","href":"https:\/\/api.w.org\/{rel}","templated":true}]}}