{"id":53689,"date":"2026-04-03T00:02:11","date_gmt":"2026-04-02T21:02:11","guid":{"rendered":"http:\/\/new.ceasuri.md\/shop\/uncategorized\/poljot-international-susdal-2901-1940923\/"},"modified":"2026-04-20T01:33:17","modified_gmt":"2026-04-19T22:33:17","slug":"poljot-international-susdal-2901-1940923","status":"publish","type":"product","link":"https:\/\/ceasuri.md\/ru\/shop\/branduri\/poljot-international\/poljot-international-susdal-2901-1940923\/","title":{"rendered":"\u0427\u0430\u0441\u044b POLJOT INTERNATIONAL SUSDAL 2901.1940923"},"content":{"rendered":"<p>Susdal este un ora\u0219 istoric din Rusia cunoscut pentru patrimoniul s\u0103u cultural bogat \u0219i arhitectura impresionant\u0103. Acesta este caracterizat de frumoase biserici ortodoxe, m\u0103n\u0103stiri \u0219i cl\u0103diri adesea pictate \u00een culori vibrante. Ora\u0219ul este situat \u00eentr-un cadru pitoresc cu dealuri bl\u00e2nde \u0219i r\u00e2uri, ceea ce \u00eel face o destina\u021bie popular\u0103 pentru vizitatori. Ora\u0219ul vechi Susdal, bine conservat, eman\u0103 un farmec unic \u0219i ofer\u0103 o perspectiv\u0103 asupra istoriei \u0219i tradi\u021biilor bogate ale \u021b\u0103rii. Aceasta este ceea ce a inspirat noul model &#8222;Susdal&#8221;.<\/p>\n<p>\u00cen cazul noului model &#8222;Susdal&#8221; de la Poljot-International, cadranul ceasului joac\u0103 un rol crucial \u00een aspectul s\u0103u. Dimensiunea ceasului poate fi ajustat\u0103 vizual prin intermediul cadranului, iar \u00een acest caz particular, cadranul a fost f\u0103cut u\u0219or mai mic pentru a da carcasei generale destul de mari de 43 de milimetri un aer vintage. Acest lucru a fost realizat cu ajutorul inelului auriu \u0219i al cifrelor simple, \u00een stil vintage. Ca rezultat, ceasul pare mai mic \u0219i eman\u0103 o not\u0103 subtil\u0103 de retro-vintage. Marcajele pentru secunde \u0219i minute au fost, de asemenea, ajustate \u00een consecin\u021b\u0103. Deosebit de elegante sunt limbile orei \u0219i ale minutelor, delicate \u0219i ascu\u021bite la cap\u0103t, proiectate armonios \u0219i perfect integrate \u00een aspectul general.<\/p>\n<p>Numerele de pe cadran nu sunt imprim\u0103ri sau autocolante obi\u0219nuite. \u00cen schimb, acestea sunt aplica\u021bii de \u00eenalt\u0103 calitate care adaug\u0103 o not\u0103 suplimentar\u0103 de valoare ceasului. Cureaua neagr\u0103 a fost asortat\u0103 cu \u00eendem\u00e2nare cu elementele din aur roz de pe cadran, oferind \u00eentregii imagini un aspect armonios.<\/p>\n<p>\u00cen interiorul acestui ceas bate un calibru cronograf cu \u00eenc\u0103rcare manual\u0103, \u00eempodobit cu &#8222;dungi de Geneva&#8221;. Acesta impresioneaz\u0103 cu o rezerv\u0103 de putere generoas\u0103 de 45 de ore sau 37 de ore atunci c\u00e2nd este activat\u0103 func\u021bia cronometru. Carcasa din o\u021bel inoxidabil cu un diametru de 43 mm se adapteaz\u0103 f\u0103r\u0103 efort la orice \u00eencheietur\u0103 \u0219i confer\u0103 ceasului o elegan\u021b\u0103 atemporal\u0103.<\/p>\n<p>Rezultatul este un ceas care nu numai c\u0103 pare armonios \u0219i elegant, dar radiaz\u0103 \u0219i un fler vintage autentic.<\/p>\n<p>Edi\u021bie limitat\u0103 a colec\u021biei: 016\/300.<\/p>","protected":false},"excerpt":{"rendered":"<p>Susdal este un ora\u0219 istoric din Rusia cunoscut pentru patrimoniul s\u0103u cultural bogat \u0219i arhitectura impresionant\u0103. Acesta este caracterizat de frumoase biserici ortodoxe, m\u0103n\u0103stiri \u0219i cl\u0103diri adesea pictate \u00een culori vibrante. Ora\u0219ul este situat \u00eentr-un cadru pitoresc cu dealuri bl\u00e2nde \u0219i r\u00e2uri, ceea ce \u00eel face o destina\u021bie popular\u0103 pentru vizitatori. Ora\u0219ul vechi Susdal, bine [&hellip;]<\/p>\n","protected":false},"featured_media":53690,"comment_status":"closed","ping_status":"open","template":"","meta":{"_acf_changed":false},"product_brand":[],"product_cat":[20,106,205,569],"product_tag":[],"class_list":{"0":"post-53689","1":"product","2":"type-product","3":"status-publish","4":"has-post-thumbnail","6":"product_cat-ceasuri-barbati","7":"product_cat-ceasuri-premium","8":"product_cat-limited-edition","9":"product_cat-poljot-international","10":"pa_brand-poljot-international","11":"pa_braslet-piele","12":"pa_corpus-43-mm","13":"pa_forma-rotund","14":"pa_funcii-cronograf","15":"pa_funcii-limited-edition","16":"pa_garatia-24-luni","17":"pa_korpus-argintiu","18":"pa_material-otel-inoxidabil","19":"pa_mehanizm-bobinaj-manual","20":"pa_mehanizm-mecanic","21":"pa_remeshok-negru","22":"pa_steklo-cristal-safir","23":"pa_strana-germania","24":"pa_voda-5-atm","26":"first","27":"instock","28":"purchasable","29":"product-type-simple"},"acf":[],"_links":{"self":[{"href":"https:\/\/ceasuri.md\/ru\/wp-json\/wp\/v2\/product\/53689","targetHints":{"allow":["GET"]}}],"collection":[{"href":"https:\/\/ceasuri.md\/ru\/wp-json\/wp\/v2\/product"}],"about":[{"href":"https:\/\/ceasuri.md\/ru\/wp-json\/wp\/v2\/types\/product"}],"replies":[{"embeddable":true,"href":"https:\/\/ceasuri.md\/ru\/wp-json\/wp\/v2\/comments?post=53689"}],"wp:featuredmedia":[{"embeddable":true,"href":"https:\/\/ceasuri.md\/ru\/wp-json\/wp\/v2\/media\/53690"}],"wp:attachment":[{"href":"https:\/\/ceasuri.md\/ru\/wp-json\/wp\/v2\/media?parent=53689"}],"wp:term":[{"taxonomy":"product_brand","embeddable":true,"href":"https:\/\/ceasuri.md\/ru\/wp-json\/wp\/v2\/product_brand?post=53689"},{"taxonomy":"product_cat","embeddable":true,"href":"https:\/\/ceasuri.md\/ru\/wp-json\/wp\/v2\/product_cat?post=53689"},{"taxonomy":"product_tag","embeddable":true,"href":"https:\/\/ceasuri.md\/ru\/wp-json\/wp\/v2\/product_tag?post=53689"}],"curies":[{"name":"wp","href":"https:\/\/api.w.org\/{rel}","templated":true}]}}