{"id":53682,"date":"2026-04-03T00:02:11","date_gmt":"2026-04-02T21:02:11","guid":{"rendered":"http:\/\/new.ceasuri.md\/shop\/uncategorized\/alexander-shorokhoff-shar-as-sh01-3b\/"},"modified":"2026-04-24T17:46:18","modified_gmt":"2026-04-24T14:46:18","slug":"alexander-shorokhoff-shar-as-sh01-3b","status":"publish","type":"product","link":"https:\/\/ceasuri.md\/ru\/shop\/branduri\/alexander-shorokhoff\/alexander-shorokhoff-shar-as-sh01-3b\/","title":{"rendered":"Ceas ALEXANDER SHOROKHOFF SHAR AS.SH01-3B"},"content":{"rendered":"<p>Primul ceas de m\u00e2n\u0103 absolut rotund, realizat de Alexander Shorokhoff.<\/p>\n<p>Forma sferic\u0103 este \u00eent\u00e2lnit\u0103 peste tot: \u00een natur\u0103, \u00een tehnologie \u0219i chiar \u0219i \u00een art\u0103. Forma se apropie de perfec\u021biune &#8211; f\u0103r\u0103 margini \u0219i col\u021buri, dar \u0219i f\u0103r\u0103 \u00eenceput \u0219i sf\u00e2r\u0219it. Forma fascineaz\u0103 mul\u021bi arti\u0219ti \u0219i tehnicieni spre noi obiecte de art\u0103 sau descoperiri tehnice. Alexander Shorokhov a fost, de asemenea, fascinat de forma sferei \u0219i a creat noul s\u0103u ceas &#8222;Shar&#8221; \u00eentr-o form\u0103 absolut rotund\u0103. Sinonim cu forma ceasului este \u0219i numele s\u0103u, care nu a fost ales \u00eent\u00e2mpl\u0103tor. Tradus din limba rus\u0103, acesta \u00eenseamn\u0103 &#8222;sfer\u0103&#8221;.<\/p>\n<p>Carcasa \u0219i geamul frontal sunt unite \u00een forma unei sfere. Pentru a conecta partea inferioar\u0103 \u0219i corpul carcasei f\u0103r\u0103 margini \u0219i g\u0103uri suplimentare, a fost dezvoltat un design cu un singur \u0219urub. \u0218urubul este situat \u00een centrul p\u0103r\u021bii din spate a carcasei, conecteaz\u0103 cele dou\u0103 p\u0103r\u021bi \u00eentr-un mod rezistent la ap\u0103 \u0219i are, de asemenea, o form\u0103 emisferic\u0103 care se potrive\u0219te cu forma general\u0103. Cristalul de safir se potrive\u0219te perfect cu forma sferic\u0103 \u0219i se \u00eembin\u0103 aproape perfect cu carcasa.<\/p>\n<p>\u00cen interiorul ceasului func\u021bioneaz\u0103 mecanismul elve\u021bian ETA.2671 cu remontare automat\u0103. Rotorul mecanismului, ca de obicei pentru Alexander Schorhoff, este gravat manual. Cadranul este disponibil \u00een diferite variante, cu gravur\u0103 manual\u0103 cu motive florale \u0219i finisaje cu rodiu, perle, piatr\u0103 albastr\u0103 sau malachit.<\/p>\n<p>Rezultatul este o premier\u0103 mondial\u0103: primul ceas de m\u00e2n\u0103 perfect rotund de la Alexander Shorokhoff.<\/p>\n<p>\u00cen orice caz, este un pas curajos al designerului Alexander Shorokhoff, care dore\u0219te s\u0103 mearg\u0103 spre nou \u0219i spre viitor. Dac\u0103 este vorba de un obiect de art\u0103, va decide purt\u0103torul sau spectatorul. Dar exact a\u0219a au fost concepute aceste ceasuri.<\/p>\n<p>Num\u0103rul modelului \u00een edi\u021bie limitat\u0103: 20\/30.<\/p>","protected":false},"excerpt":{"rendered":"<p>Primul ceas de m\u00e2n\u0103 absolut rotund, realizat de Alexander Shorokhoff. Forma sferic\u0103 este \u00eent\u00e2lnit\u0103 peste tot: \u00een natur\u0103, \u00een tehnologie \u0219i chiar \u0219i \u00een art\u0103. Forma se apropie de perfec\u021biune &#8211; f\u0103r\u0103 margini \u0219i col\u021buri, dar \u0219i f\u0103r\u0103 \u00eenceput \u0219i sf\u00e2r\u0219it. Forma fascineaz\u0103 mul\u021bi arti\u0219ti \u0219i tehnicieni spre noi obiecte de art\u0103 sau descoperiri tehnice. [&hellip;]<\/p>\n","protected":false},"featured_media":53683,"comment_status":"closed","ping_status":"closed","template":"","meta":{"_acf_changed":false},"product_brand":[],"product_cat":[570,18,25,106,205],"product_tag":[],"class_list":{"0":"post-53682","1":"product","2":"type-product","3":"status-publish","4":"has-post-thumbnail","6":"product_cat-alexander-shorokhoff","7":"product_cat-branduri","8":"product_cat-ceasuri-dama","9":"product_cat-ceasuri-premium","10":"product_cat-limited-edition","11":"pa_brand-alexander-shorokhoff","12":"pa_braslet-otel-inoxidabil","13":"pa_corpus-25mm","14":"pa_forma-rotund","15":"pa_funcii-data","16":"pa_funcii-limited-edition","17":"pa_garatia-24-luni","18":"pa_korpus-argintiu","19":"pa_material-otel-inoxidabil","20":"pa_mehanizm-mecanic","21":"pa_mehanizm-mecanism-automatic","22":"pa_remeshok-argintiu","23":"pa_steklo-cristal-safir","24":"pa_strana-germania","25":"pa_voda-3-atm","27":"first","28":"instock","29":"purchasable","30":"product-type-simple"},"acf":[],"_links":{"self":[{"href":"https:\/\/ceasuri.md\/ru\/wp-json\/wp\/v2\/product\/53682","targetHints":{"allow":["GET"]}}],"collection":[{"href":"https:\/\/ceasuri.md\/ru\/wp-json\/wp\/v2\/product"}],"about":[{"href":"https:\/\/ceasuri.md\/ru\/wp-json\/wp\/v2\/types\/product"}],"replies":[{"embeddable":true,"href":"https:\/\/ceasuri.md\/ru\/wp-json\/wp\/v2\/comments?post=53682"}],"wp:featuredmedia":[{"embeddable":true,"href":"https:\/\/ceasuri.md\/ru\/wp-json\/wp\/v2\/media\/53683"}],"wp:attachment":[{"href":"https:\/\/ceasuri.md\/ru\/wp-json\/wp\/v2\/media?parent=53682"}],"wp:term":[{"taxonomy":"product_brand","embeddable":true,"href":"https:\/\/ceasuri.md\/ru\/wp-json\/wp\/v2\/product_brand?post=53682"},{"taxonomy":"product_cat","embeddable":true,"href":"https:\/\/ceasuri.md\/ru\/wp-json\/wp\/v2\/product_cat?post=53682"},{"taxonomy":"product_tag","embeddable":true,"href":"https:\/\/ceasuri.md\/ru\/wp-json\/wp\/v2\/product_tag?post=53682"}],"curies":[{"name":"wp","href":"https:\/\/api.w.org\/{rel}","templated":true}]}}