{"id":53658,"date":"2026-04-03T00:02:11","date_gmt":"2026-04-02T21:02:11","guid":{"rendered":"http:\/\/new.ceasuri.md\/shop\/uncategorized\/casio-edifice-ecb-2000ss-2aer\/"},"modified":"2026-04-20T01:33:25","modified_gmt":"2026-04-19T22:33:25","slug":"casio-edifice-ecb-2000ss-2aer","status":"publish","type":"product","link":"https:\/\/ceasuri.md\/ru\/shop\/branduri\/casio\/casio-edifice-ecb-2000ss-2aer\/","title":{"rendered":"\u0427\u0430\u0441\u044b CASIO EDIFICE ECB-2000SS-2AER"},"content":{"rendered":"<p>S\u0103rb\u0103tori\u021bi 50 de ani de ceasuri Casio cu un EDIFICE deosebit de ar\u0103tos, care simbolizeaz\u0103 hot\u0103r\u00e2rea Casio de a r\u0103m\u00e2ne fideli ceea ce suntem, inov\u00e2nd \u00een acela\u0219i timp \u00een mod constant.<\/p>\n<p>Modelul ECB-2000SS SOSPENSIONE, cu designul s\u0103u distinctiv al bra\u021bului suspendat, prezint\u0103 culorile, materialele \u0219i finisajele Casio \u00een schema de culori \u0219i designul special de comemorare a celei de-a 50-a anivers\u0103ri, care evoc\u0103 natura omniprezent\u0103, dar mereu schimb\u0103toare a cerului, m\u0103rii \u0219i luminii soarelui &#8211; str\u0103lucind ast\u0103zi \u0219i pentru totdeauna.<\/p>\n<p>Banda este fabricat\u0103 din Alcantara, un material recunoscut la nivel interna\u021bional care se a\u0219teapt\u0103 s\u0103 contribuie la reducerea impactului asupra mediului. R\u0103\u0219ina ranforsat\u0103 cu fibr\u0103 de carbon utilizat\u0103 pentru carcas\u0103 ofer\u0103 at\u00e2t rezisten\u021b\u0103, c\u00e2t \u0219i u\u0219urin\u021b\u0103. Partea din spate a carcasei este gravat\u0103 cu un logo original creat pentru a s\u0103rb\u0103tori cea de-a 50-a aniversare a ceasurilor Casio.<\/p>\n<p>Mai mult dec\u00e2t o frumuse\u021be, acest ceas ofer\u0103, de asemenea, o func\u021bionalitate superioar\u0103. Cu Bluetooth, \u00eenc\u0103rcare solar\u0103, lumin\u0103 de \u00eenalt\u0103 luminozitate \u0219i cristal de safir rezistent la zg\u00e2rieturi \u0219i foarte transparent, sunte\u021bi preg\u0103tit pentru orice v\u0103 iese \u00een cale. Conecta\u021bi-v\u0103 la aplica\u021bia pentru smartphone pentru ajustarea automat\u0103 la ora corect\u0103 \u0219i func\u021bionarea f\u0103r\u0103 efort a ceasului, inclusiv ora mondial\u0103 \u0219i alarma.<\/p>","protected":false},"excerpt":{"rendered":"<p>S\u0103rb\u0103tori\u021bi 50 de ani de ceasuri Casio cu un EDIFICE deosebit de ar\u0103tos, care simbolizeaz\u0103 hot\u0103r\u00e2rea Casio de a r\u0103m\u00e2ne fideli ceea ce suntem, inov\u00e2nd \u00een acela\u0219i timp \u00een mod constant. Modelul ECB-2000SS SOSPENSIONE, cu designul s\u0103u distinctiv al bra\u021bului suspendat, prezint\u0103 culorile, materialele \u0219i finisajele Casio \u00een schema de culori \u0219i designul special de [&hellip;]<\/p>\n","protected":false},"featured_media":53659,"comment_status":"closed","ping_status":"open","template":"","meta":{"_acf_changed":false},"product_brand":[],"product_cat":[27,20,536,205],"product_tag":[],"class_list":{"0":"post-53658","1":"product","2":"type-product","3":"status-publish","4":"has-post-thumbnail","6":"product_cat-casio","7":"product_cat-ceasuri-barbati","8":"product_cat-edifice","9":"product_cat-limited-edition","10":"pa_brand-casio","11":"pa_brand-edifice","12":"pa_braslet-piele","13":"pa_corpus-48-mm","14":"pa_forma-rotund","15":"pa_funcii-alarma","16":"pa_funcii-bluetooth-smart","17":"pa_funcii-calendar","18":"pa_funcii-cronometru","19":"pa_funcii-iluminare","20":"pa_funcii-limited-edition","21":"pa_funcii-rezerva-de-energie","22":"pa_funcii-timp-mondial","23":"pa_garatia-24-luni","24":"pa_korpus-albastru-inchis","25":"pa_kvarc-quartz","26":"pa_material-carbon","27":"pa_material-otel-inoxidabil","28":"pa_mehanizm-baterie-solara","29":"pa_mehanizm-quartz","30":"pa_remeshok-albastru-inchis","31":"pa_steklo-cristal-safir","32":"pa_strana-japonia","33":"pa_voda-10-atm","35":"first","36":"instock","37":"purchasable","38":"product-type-simple"},"acf":[],"_links":{"self":[{"href":"https:\/\/ceasuri.md\/ru\/wp-json\/wp\/v2\/product\/53658","targetHints":{"allow":["GET"]}}],"collection":[{"href":"https:\/\/ceasuri.md\/ru\/wp-json\/wp\/v2\/product"}],"about":[{"href":"https:\/\/ceasuri.md\/ru\/wp-json\/wp\/v2\/types\/product"}],"replies":[{"embeddable":true,"href":"https:\/\/ceasuri.md\/ru\/wp-json\/wp\/v2\/comments?post=53658"}],"wp:featuredmedia":[{"embeddable":true,"href":"https:\/\/ceasuri.md\/ru\/wp-json\/wp\/v2\/media\/53659"}],"wp:attachment":[{"href":"https:\/\/ceasuri.md\/ru\/wp-json\/wp\/v2\/media?parent=53658"}],"wp:term":[{"taxonomy":"product_brand","embeddable":true,"href":"https:\/\/ceasuri.md\/ru\/wp-json\/wp\/v2\/product_brand?post=53658"},{"taxonomy":"product_cat","embeddable":true,"href":"https:\/\/ceasuri.md\/ru\/wp-json\/wp\/v2\/product_cat?post=53658"},{"taxonomy":"product_tag","embeddable":true,"href":"https:\/\/ceasuri.md\/ru\/wp-json\/wp\/v2\/product_tag?post=53658"}],"curies":[{"name":"wp","href":"https:\/\/api.w.org\/{rel}","templated":true}]}}