{"id":53652,"date":"2026-04-03T00:02:11","date_gmt":"2026-04-02T21:02:11","guid":{"rendered":"http:\/\/new.ceasuri.md\/shop\/uncategorized\/casio-edifice-efs-s640dc-1avuef\/"},"modified":"2026-04-20T01:33:27","modified_gmt":"2026-04-19T22:33:27","slug":"casio-edifice-efs-s640dc-1avuef","status":"publish","type":"product","link":"https:\/\/ceasuri.md\/ru\/shop\/branduri\/casio\/casio-edifice-efs-s640dc-1avuef\/","title":{"rendered":"\u0427\u0430\u0441\u044b CASIO EDIFICE EFS-S640DC-1AVUEF"},"content":{"rendered":"<p>Perfec\u021biona\u021bi-v\u0103 stilul \u0219i rafinamentul cu ajutorul cronografului alimentat cu energie solar\u0103, care se m\u00e2ndre\u0219te cu un corp din r\u0103\u0219in\u0103 \u00eent\u0103rit\u0103 cu fibr\u0103 de carbon cu bra\u021b suspendat, precum \u0219i cu un cadran din fibr\u0103 de carbon \u0219i sticl\u0103 de safir.<\/p>\n<p>\u00centruchip\u00e2nd conceptul de sporturi cu motor p\u00e2n\u0103 la linia de sosire, panourile solare sunt proiectate cu aten\u021bie astfel \u00eenc\u00e2t s\u0103 permit\u0103 trecerea unei cantit\u0103\u021bi mari de lumin\u0103 prin mici orificii din cadranele \u00eencorporate, gener\u00e2nd suficient\u0103 energie pentru ca acest ceas s\u0103 func\u021bioneze \u00een condi\u021bii normale de utilizare timp de aproximativ cinci luni cu o \u00eenc\u0103rcare complet\u0103.<\/p>\n<p>Ceas cronograf cu cronometru cu precizie de 1 secund\u0103 \u0219i timp de m\u0103surare de 30 de minute. Format de timp de 12 \u0219i 24 de ore. <\/p>\n<p>Carcasa din r\u0103\u0219in\u0103 armat\u0103 cu fibr\u0103 de carbon este u\u0219oar\u0103, dar rezistent\u0103. Diametrul mai mic al carcasei asigur\u0103 o potrivire u\u0219oar\u0103 \u0219i confortabil\u0103.<\/p>\n<p>Acest ceas \u00eentruchipeaz\u0103 viteza \u0219i inteligen\u021ba liniei EDIFICE, cu o combina\u021bie rafinat\u0103 de materiale, design \u0219i func\u021bionalitate.<\/p>","protected":false},"excerpt":{"rendered":"<p>Perfec\u021biona\u021bi-v\u0103 stilul \u0219i rafinamentul cu ajutorul cronografului alimentat cu energie solar\u0103, care se m\u00e2ndre\u0219te cu un corp din r\u0103\u0219in\u0103 \u00eent\u0103rit\u0103 cu fibr\u0103 de carbon cu bra\u021b suspendat, precum \u0219i cu un cadran din fibr\u0103 de carbon \u0219i sticl\u0103 de safir. \u00centruchip\u00e2nd conceptul de sporturi cu motor p\u00e2n\u0103 la linia de sosire, panourile solare sunt proiectate [&hellip;]<\/p>\n","protected":false},"featured_media":53653,"comment_status":"closed","ping_status":"open","template":"","meta":{"_acf_changed":false},"product_brand":[],"product_cat":[27,20,536],"product_tag":[],"class_list":{"0":"post-53652","1":"product","2":"type-product","3":"status-publish","4":"has-post-thumbnail","6":"product_cat-casio","7":"product_cat-ceasuri-barbati","8":"product_cat-edifice","9":"pa_brand-casio","10":"pa_brand-edifice","11":"pa_braslet-otel-inoxidabil","12":"pa_corpus-45-mm","13":"pa_forma-rotund","14":"pa_funcii-cronograf","15":"pa_funcii-data","16":"pa_funcii-rezerva-de-energie","17":"pa_garatia-24-luni","18":"pa_korpus-negru","19":"pa_kvarc-quartz","20":"pa_material-carbon","21":"pa_material-otel-inoxidabil","22":"pa_mehanizm-baterie-solara","23":"pa_mehanizm-quartz","24":"pa_remeshok-negru","25":"pa_steklo-cristal-safir","26":"pa_strana-japonia","27":"pa_voda-10-atm","29":"first","30":"instock","31":"purchasable","32":"product-type-simple"},"acf":[],"_links":{"self":[{"href":"https:\/\/ceasuri.md\/ru\/wp-json\/wp\/v2\/product\/53652","targetHints":{"allow":["GET"]}}],"collection":[{"href":"https:\/\/ceasuri.md\/ru\/wp-json\/wp\/v2\/product"}],"about":[{"href":"https:\/\/ceasuri.md\/ru\/wp-json\/wp\/v2\/types\/product"}],"replies":[{"embeddable":true,"href":"https:\/\/ceasuri.md\/ru\/wp-json\/wp\/v2\/comments?post=53652"}],"wp:featuredmedia":[{"embeddable":true,"href":"https:\/\/ceasuri.md\/ru\/wp-json\/wp\/v2\/media\/53653"}],"wp:attachment":[{"href":"https:\/\/ceasuri.md\/ru\/wp-json\/wp\/v2\/media?parent=53652"}],"wp:term":[{"taxonomy":"product_brand","embeddable":true,"href":"https:\/\/ceasuri.md\/ru\/wp-json\/wp\/v2\/product_brand?post=53652"},{"taxonomy":"product_cat","embeddable":true,"href":"https:\/\/ceasuri.md\/ru\/wp-json\/wp\/v2\/product_cat?post=53652"},{"taxonomy":"product_tag","embeddable":true,"href":"https:\/\/ceasuri.md\/ru\/wp-json\/wp\/v2\/product_tag?post=53652"}],"curies":[{"name":"wp","href":"https:\/\/api.w.org\/{rel}","templated":true}]}}