{"id":53647,"date":"2026-04-03T00:02:11","date_gmt":"2026-04-02T21:02:11","guid":{"rendered":"http:\/\/new.ceasuri.md\/shop\/uncategorized\/casio-g-shock-ga-100b-4aer\/"},"modified":"2026-04-07T04:45:42","modified_gmt":"2026-04-07T01:45:42","slug":"casio-g-shock-ga-100b-4aer","status":"publish","type":"product","link":"https:\/\/ceasuri.md\/ru\/shop\/branduri\/casio\/casio-g-shock-ga-100b-4aer\/","title":{"rendered":"Ceas CASIO G-SHOCK GA-100B-4AER"},"content":{"rendered":"<p>Modelul, care combin\u0103 func\u021bii analogice \u0219i digitale, este apreciat pentru cadranul s\u0103u larg. Carcasa \u0219i cureaua cu finisaj mat sunt realizate \u00een culorile caracteristice G-SHOCK \u2014 negru \u0219i ro\u0219u.<\/p>\n<p>Cadranul este iluminat de un LED, iar func\u021bia de iluminare automat\u0103 lumineaz\u0103 cadranul atunci c\u00e2nd ceasul este \u00eentors spre fa\u021b\u0103.<\/p>\n<p>Carcasa rezistent\u0103 la \u0219ocuri protejeaz\u0103 mecanismul de lovituri \u0219i vibra\u021bii. Protejat \u00eempotriva c\u00e2mpurilor magnetice.<\/p>\n<p>Cronometru cu precizie de 1\/1000 s \u0219i timp de m\u0103surare de 100 ore. Calcularea vitezei pe distan\u021ba selectat\u0103. Cronometru cu num\u0103r\u0103toare invers\u0103 de la 1 minut la 24 ore cu repetare automat\u0103. Ora mondial\u0103. Format de timp de 12 \u0219i 24 de ore.<\/p>","protected":false},"excerpt":{"rendered":"<p>Modelul, care combin\u0103 func\u021bii analogice \u0219i digitale, este apreciat pentru cadranul s\u0103u larg. Carcasa \u0219i cureaua cu finisaj mat sunt realizate \u00een culorile caracteristice G-SHOCK \u2014 negru \u0219i ro\u0219u. Cadranul este iluminat de un LED, iar func\u021bia de iluminare automat\u0103 lumineaz\u0103 cadranul atunci c\u00e2nd ceasul este \u00eentors spre fa\u021b\u0103. Carcasa rezistent\u0103 la \u0219ocuri protejeaz\u0103 mecanismul [&hellip;]<\/p>\n","protected":false},"featured_media":53648,"comment_status":"closed","ping_status":"open","template":"","meta":{"_acf_changed":false},"product_brand":[],"product_cat":[27,20,419],"product_tag":[],"class_list":{"0":"post-53647","1":"product","2":"type-product","3":"status-publish","4":"has-post-thumbnail","6":"product_cat-casio","7":"product_cat-ceasuri-barbati","8":"product_cat-g-shock","9":"pa_brand-casio","10":"pa_brand-g-shock","11":"pa_braslet-cauciuc","12":"pa_corpus-51-mm","13":"pa_forma-rotund","14":"pa_funcii-alarma","15":"pa_funcii-calendar","16":"pa_funcii-cronometru","17":"pa_funcii-iluminare","18":"pa_funcii-timp-mondial","19":"pa_garatia-24-luni","20":"pa_korpus-rosu","21":"pa_material-cauciuc","22":"pa_mehanizm-electronic","23":"pa_mehanizm-quartz","24":"pa_remeshok-rosu","25":"pa_steklo-cristal-mineral","26":"pa_strana-japonia","27":"pa_voda-20-atm","29":"first","30":"instock","31":"purchasable","32":"product-type-simple"},"acf":[],"_links":{"self":[{"href":"https:\/\/ceasuri.md\/ru\/wp-json\/wp\/v2\/product\/53647","targetHints":{"allow":["GET"]}}],"collection":[{"href":"https:\/\/ceasuri.md\/ru\/wp-json\/wp\/v2\/product"}],"about":[{"href":"https:\/\/ceasuri.md\/ru\/wp-json\/wp\/v2\/types\/product"}],"replies":[{"embeddable":true,"href":"https:\/\/ceasuri.md\/ru\/wp-json\/wp\/v2\/comments?post=53647"}],"wp:featuredmedia":[{"embeddable":true,"href":"https:\/\/ceasuri.md\/ru\/wp-json\/wp\/v2\/media\/53648"}],"wp:attachment":[{"href":"https:\/\/ceasuri.md\/ru\/wp-json\/wp\/v2\/media?parent=53647"}],"wp:term":[{"taxonomy":"product_brand","embeddable":true,"href":"https:\/\/ceasuri.md\/ru\/wp-json\/wp\/v2\/product_brand?post=53647"},{"taxonomy":"product_cat","embeddable":true,"href":"https:\/\/ceasuri.md\/ru\/wp-json\/wp\/v2\/product_cat?post=53647"},{"taxonomy":"product_tag","embeddable":true,"href":"https:\/\/ceasuri.md\/ru\/wp-json\/wp\/v2\/product_tag?post=53647"}],"curies":[{"name":"wp","href":"https:\/\/api.w.org\/{rel}","templated":true}]}}