{"id":53642,"date":"2026-04-03T00:02:11","date_gmt":"2026-04-02T21:02:11","guid":{"rendered":"http:\/\/new.ceasuri.md\/shop\/uncategorized\/casio-g-shock-ga-110-1ber\/"},"modified":"2026-04-07T04:45:42","modified_gmt":"2026-04-07T01:45:42","slug":"casio-g-shock-ga-110-1ber","status":"publish","type":"product","link":"https:\/\/ceasuri.md\/ru\/shop\/branduri\/casio\/casio-g-shock-ga-110-1ber\/","title":{"rendered":"Ceas CASIO G-SHOCK GA-110-1BER"},"content":{"rendered":"<p>\u00cen c\u0103utarea rezisten\u021bei, G-SHOCK a creat modelul din seria GA-110 cu un cadran mare \u0219i puternic. Culoarea neagr\u0103 este folosit\u0103 ca culoare principal\u0103, la fel ca \u00een alte modele G-SHOCK, pentru a sublinia puterea. Mici detalii tridimensionale \u00een form\u0103 de roti\u021be sunt adunate pe cadranul care combin\u0103 afi\u0219ajul analogic \u0219i digital \u0219i are indici argintii str\u0103lucitori, care fac designul mai expresiv. Un model practic \u0219i elegant, bazat pe gama G-SHOCK \u00een continu\u0103 dezvoltare.<\/p>\n<p>Ceasurile masive, rezistente la \u0219ocuri, sunt alese de tinerii care duc o via\u021b\u0103 activ\u0103.<\/p>\n<p>Cadranul este iluminat de un LED, iar func\u021bia de iluminare automat\u0103 lumineaz\u0103 cadranul atunci c\u00e2nd ceasul este \u00eentors spre fa\u021b\u0103. Carcasa rezistent\u0103 la \u0219ocuri protejeaz\u0103 mecanismul de lovituri \u0219i vibra\u021bii. Protejat \u00eempotriva c\u00e2mpurilor magnetice.<\/p>\n<p>Ora mondial\u0103. Cronometru cu precizie de 1\/1000 s \u0219i timp de m\u0103surare de 100 ore. Calcularea vitezei pe distan\u021ba selectat\u0103. Cronometru cu num\u0103r\u0103toare invers\u0103 de la 1 minut la 24 ore cu repetare automat\u0103. Format de timp de 12 \u0219i 24 de ore.<\/p>\n<p>Rezisten\u021b\u0103 la ap\u0103 200 m.<\/p>","protected":false},"excerpt":{"rendered":"<p>\u00cen c\u0103utarea rezisten\u021bei, G-SHOCK a creat modelul din seria GA-110 cu un cadran mare \u0219i puternic. Culoarea neagr\u0103 este folosit\u0103 ca culoare principal\u0103, la fel ca \u00een alte modele G-SHOCK, pentru a sublinia puterea. Mici detalii tridimensionale \u00een form\u0103 de roti\u021be sunt adunate pe cadranul care combin\u0103 afi\u0219ajul analogic \u0219i digital \u0219i are indici argintii [&hellip;]<\/p>\n","protected":false},"featured_media":53643,"comment_status":"closed","ping_status":"open","template":"","meta":{"_acf_changed":false},"product_brand":[],"product_cat":[27,20,419],"product_tag":[],"class_list":{"0":"post-53642","1":"product","2":"type-product","3":"status-publish","4":"has-post-thumbnail","6":"product_cat-casio","7":"product_cat-ceasuri-barbati","8":"product_cat-g-shock","9":"pa_brand-casio","10":"pa_brand-g-shock","11":"pa_braslet-cauciuc","12":"pa_corpus-51-mm","13":"pa_forma-rotund","14":"pa_funcii-alarma","15":"pa_funcii-calendar","16":"pa_funcii-cronometru","17":"pa_funcii-iluminare","18":"pa_funcii-timp-mondial","19":"pa_garatia-24-luni","20":"pa_korpus-negru","21":"pa_material-cauciuc","22":"pa_mehanizm-electronic","23":"pa_mehanizm-quartz","24":"pa_remeshok-negru","25":"pa_steklo-cristal-mineral","26":"pa_strana-japonia","27":"pa_voda-20-atm","29":"first","30":"instock","31":"purchasable","32":"product-type-simple"},"acf":[],"_links":{"self":[{"href":"https:\/\/ceasuri.md\/ru\/wp-json\/wp\/v2\/product\/53642","targetHints":{"allow":["GET"]}}],"collection":[{"href":"https:\/\/ceasuri.md\/ru\/wp-json\/wp\/v2\/product"}],"about":[{"href":"https:\/\/ceasuri.md\/ru\/wp-json\/wp\/v2\/types\/product"}],"replies":[{"embeddable":true,"href":"https:\/\/ceasuri.md\/ru\/wp-json\/wp\/v2\/comments?post=53642"}],"wp:featuredmedia":[{"embeddable":true,"href":"https:\/\/ceasuri.md\/ru\/wp-json\/wp\/v2\/media\/53643"}],"wp:attachment":[{"href":"https:\/\/ceasuri.md\/ru\/wp-json\/wp\/v2\/media?parent=53642"}],"wp:term":[{"taxonomy":"product_brand","embeddable":true,"href":"https:\/\/ceasuri.md\/ru\/wp-json\/wp\/v2\/product_brand?post=53642"},{"taxonomy":"product_cat","embeddable":true,"href":"https:\/\/ceasuri.md\/ru\/wp-json\/wp\/v2\/product_cat?post=53642"},{"taxonomy":"product_tag","embeddable":true,"href":"https:\/\/ceasuri.md\/ru\/wp-json\/wp\/v2\/product_tag?post=53642"}],"curies":[{"name":"wp","href":"https:\/\/api.w.org\/{rel}","templated":true}]}}