{"id":53637,"date":"2026-04-03T00:02:11","date_gmt":"2026-04-02T21:02:11","guid":{"rendered":"http:\/\/new.ceasuri.md\/shop\/uncategorized\/casio-g-shock-ga-700-1ber\/"},"modified":"2026-04-07T04:45:41","modified_gmt":"2026-04-07T01:45:41","slug":"casio-g-shock-ga-700-1ber","status":"publish","type":"product","link":"https:\/\/ceasuri.md\/ru\/shop\/branduri\/casio\/casio-g-shock-ga-700-1ber\/","title":{"rendered":"Ceas CASIO G-SHOCK GA-700-1BER"},"content":{"rendered":"<p>Model analog-digital combinat, cu un singur buton pe panoul frontal, cu simbolul iconic G-SHOCK, care simbolizeaz\u0103 rezisten\u021ba, situat \u00een pozi\u021bia \u201eora 6\u201d. Un stil dinamic, care este \u00een acela\u0219i timp avangardist \u0219i \u00eendr\u0103zne\u021b.<\/p>\n<p>\u00cembun\u0103t\u0103\u021be\u0219te lizibilitatea datorit\u0103 acelor \u00eendr\u0103zne\u021be, groase \u0219i rezistente, ca metalul cioplit, create folosind tehnologia brevetat\u0103 de turnare a r\u0103\u0219inii pentru acele tridimensionale ale orelor \u0219i minutelor. De asemenea, este prezentat un design 3D al cadranului, ob\u021binut prin crearea unui inel al cadranului \u0219i a unor indici tridimensionali, pentru a crea armonie cu acele \u00eendr\u0103zne\u021be.<\/p>\n<p>Iluminarea superluminiscent\u0103 \u0219i func\u021bia de rotire a acelor cu ajutorul butonului frontal asigur\u0103 un nivel ridicat de confort \u00een utilizare.<\/p>\n<p>Format de timp de 12 \u0219i 24 de ore. Cronometru cu precizie de 1\/100 s \u0219i timp de m\u0103surare de 24 de ore. Cronometru cu num\u0103r\u0103toare invers\u0103 de la 1 minut la 1 or\u0103. Ora mondial\u0103 \u2013 48 de ora\u0219e (31 de fusuri orare), ora universal\u0103 coordonat\u0103 (UTC). Trecerea la ora de iarn\u0103 sau de var\u0103, posibilitatea de a activa\/dezactiva aceast\u0103 func\u021bie.<\/p>\n<p>G-SHOCK, care combin\u0103 rezisten\u021ba \u0219i designul robust caracteristic cu cadranul tridimensional.<\/p>","protected":false},"excerpt":{"rendered":"<p>Model analog-digital combinat, cu un singur buton pe panoul frontal, cu simbolul iconic G-SHOCK, care simbolizeaz\u0103 rezisten\u021ba, situat \u00een pozi\u021bia \u201eora 6\u201d. Un stil dinamic, care este \u00een acela\u0219i timp avangardist \u0219i \u00eendr\u0103zne\u021b. \u00cembun\u0103t\u0103\u021be\u0219te lizibilitatea datorit\u0103 acelor \u00eendr\u0103zne\u021be, groase \u0219i rezistente, ca metalul cioplit, create folosind tehnologia brevetat\u0103 de turnare a r\u0103\u0219inii pentru acele tridimensionale [&hellip;]<\/p>\n","protected":false},"featured_media":53638,"comment_status":"closed","ping_status":"open","template":"","meta":{"_acf_changed":false},"product_brand":[],"product_cat":[27,20,419],"product_tag":[],"class_list":{"0":"post-53637","1":"product","2":"type-product","3":"status-publish","4":"has-post-thumbnail","6":"product_cat-casio","7":"product_cat-ceasuri-barbati","8":"product_cat-g-shock","9":"pa_brand-casio","10":"pa_brand-g-shock","11":"pa_braslet-cauciuc","12":"pa_corpus-53-mm","13":"pa_forma-rotund","14":"pa_funcii-alarma","15":"pa_funcii-calendar","16":"pa_funcii-cronometru","17":"pa_funcii-iluminare","18":"pa_funcii-timp-mondial","19":"pa_garatia-24-luni","20":"pa_korpus-negru","21":"pa_material-cauciuc","22":"pa_mehanizm-electronic","23":"pa_mehanizm-quartz","24":"pa_remeshok-negru","25":"pa_steklo-cristal-mineral","26":"pa_strana-japonia","27":"pa_voda-20-atm","29":"first","30":"instock","31":"purchasable","32":"product-type-simple"},"acf":[],"_links":{"self":[{"href":"https:\/\/ceasuri.md\/ru\/wp-json\/wp\/v2\/product\/53637","targetHints":{"allow":["GET"]}}],"collection":[{"href":"https:\/\/ceasuri.md\/ru\/wp-json\/wp\/v2\/product"}],"about":[{"href":"https:\/\/ceasuri.md\/ru\/wp-json\/wp\/v2\/types\/product"}],"replies":[{"embeddable":true,"href":"https:\/\/ceasuri.md\/ru\/wp-json\/wp\/v2\/comments?post=53637"}],"wp:featuredmedia":[{"embeddable":true,"href":"https:\/\/ceasuri.md\/ru\/wp-json\/wp\/v2\/media\/53638"}],"wp:attachment":[{"href":"https:\/\/ceasuri.md\/ru\/wp-json\/wp\/v2\/media?parent=53637"}],"wp:term":[{"taxonomy":"product_brand","embeddable":true,"href":"https:\/\/ceasuri.md\/ru\/wp-json\/wp\/v2\/product_brand?post=53637"},{"taxonomy":"product_cat","embeddable":true,"href":"https:\/\/ceasuri.md\/ru\/wp-json\/wp\/v2\/product_cat?post=53637"},{"taxonomy":"product_tag","embeddable":true,"href":"https:\/\/ceasuri.md\/ru\/wp-json\/wp\/v2\/product_tag?post=53637"}],"curies":[{"name":"wp","href":"https:\/\/api.w.org\/{rel}","templated":true}]}}